{"id":1518,"date":"2020-02-07T19:36:36","date_gmt":"2020-02-07T18:36:36","guid":{"rendered":"http:\/\/esperanto.pl\/?page_id=1518"},"modified":"2022-10-28T23:31:21","modified_gmt":"2022-10-28T22:31:21","slug":"pek-2019","status":"publish","type":"page","link":"https:\/\/esperanto.pl\/pl\/eventoj\/pola-esperanto-kongreso\/pek-2019","title":{"rendered":"38. Polski Kongres Esperancki (w \u0141ochowie)"},"content":{"rendered":"<p>38. Polski Kongres Esperancki w \u0141ochowie odb\u0119dzie si\u0119 od 31 maj \u2013 2 czerwca 2019<\/p>\n<p>https:\/\/esperanto.pl\/pl\/2019\/04\/03\/kongreso-de-polaj-esperantistoj-en-lochow\/<\/p>\n<p>https:\/\/esperanto.pl\/pl\/2019\/08\/03\/1343\/<\/p>\n","protected":false},"excerpt":{"rendered":"<p>38. Polski Kongres Esperancki w \u0141ochowie odb\u0119dzie si\u0119 od 31 maj \u2013 2 czerwca 2019<\/p>\n","protected":false},"author":8,"featured_media":0,"parent":2604,"menu_order":0,"comment_status":"closed","ping_status":"closed","template":"","meta":{"footnotes":""},"class_list":["post-1518","page","type-page","status-publish","hentry"],"translation":{"provider":"WPGlobus","version":"3.0.1","language":"pl","enabled_languages":["eo","pl"],"languages":{"eo":{"title":true,"content":true,"excerpt":false},"pl":{"title":true,"content":true,"excerpt":false}}},"aioseo_notices":[],"_links":{"self":[{"href":"https:\/\/esperanto.pl\/pl\/wp-json\/wp\/v2\/pages\/1518","targetHints":{"allow":["GET"]}}],"collection":[{"href":"https:\/\/esperanto.pl\/pl\/wp-json\/wp\/v2\/pages"}],"about":[{"href":"https:\/\/esperanto.pl\/pl\/wp-json\/wp\/v2\/types\/page"}],"author":[{"embeddable":true,"href":"https:\/\/esperanto.pl\/pl\/wp-json\/wp\/v2\/users\/8"}],"replies":[{"embeddable":true,"href":"https:\/\/esperanto.pl\/pl\/wp-json\/wp\/v2\/comments?post=1518"}],"version-history":[{"count":2,"href":"https:\/\/esperanto.pl\/pl\/wp-json\/wp\/v2\/pages\/1518\/revisions"}],"predecessor-version":[{"id":2946,"href":"https:\/\/esperanto.pl\/pl\/wp-json\/wp\/v2\/pages\/1518\/revisions\/2946"}],"up":[{"embeddable":true,"href":"https:\/\/esperanto.pl\/pl\/wp-json\/wp\/v2\/pages\/2604"}],"wp:attachment":[{"href":"https:\/\/esperanto.pl\/pl\/wp-json\/wp\/v2\/media?parent=1518"}],"curies":[{"name":"wp","href":"https:\/\/api.w.org\/{rel}","templated":true}]}}