{"id":1523,"date":"2020-02-07T19:57:37","date_gmt":"2020-02-07T18:57:37","guid":{"rendered":"http:\/\/esperanto.pl\/?page_id=1523"},"modified":"2022-10-28T23:33:48","modified_gmt":"2022-10-28T22:33:48","slug":"kongreso-de-polaj-esperantistoj-en-zabrze","status":"publish","type":"page","link":"https:\/\/esperanto.pl\/pl\/eventoj\/pola-esperanto-kongreso\/kongreso-de-polaj-esperantistoj-en-zabrze","title":{"rendered":"Kongres Polskich Esperantyst\u00f3w w Zabrzu"},"content":{"rendered":"<p>Kongres Polskich Esperantyst\u00f3w w Zabrzu odby\u0142 si\u0119 mi\u0119dzy 26-28 maj 2018<\/p>\n<p>https:\/\/esperanto.pl\/pl\/2018\/02\/10\/polski-kongreso-de-polaj-esperantistoj-en-zabrze\/<\/p>\n<p>http:\/\/esperanto.pl\/2018\/02\/10\/polski-kongreso-de-polaj-esperantistoj-en-zabrze\/<\/p>\n","protected":false},"excerpt":{"rendered":"<p>Kongres Polskich Esperantyst\u00f3w w Zabrzu odby\u0142 si\u0119 mi\u0119dzy 26-28 maj 2018 https:\/\/esperanto.pl\/pl\/2018\/02\/10\/polski-kongreso-de-polaj-esperantistoj-en-zabrze\/ http:\/\/esperanto.pl\/2018\/02\/10\/polski-kongreso-de-polaj-esperantistoj-en-zabrze\/<\/p>\n","protected":false},"author":8,"featured_media":0,"parent":2604,"menu_order":0,"comment_status":"closed","ping_status":"closed","template":"","meta":{"footnotes":""},"class_list":["post-1523","page","type-page","status-publish","hentry"],"translation":{"provider":"WPGlobus","version":"3.0.1","language":"pl","enabled_languages":["eo","pl"],"languages":{"eo":{"title":true,"content":true,"excerpt":false},"pl":{"title":true,"content":true,"excerpt":false}}},"aioseo_notices":[],"_links":{"self":[{"href":"https:\/\/esperanto.pl\/pl\/wp-json\/wp\/v2\/pages\/1523","targetHints":{"allow":["GET"]}}],"collection":[{"href":"https:\/\/esperanto.pl\/pl\/wp-json\/wp\/v2\/pages"}],"about":[{"href":"https:\/\/esperanto.pl\/pl\/wp-json\/wp\/v2\/types\/page"}],"author":[{"embeddable":true,"href":"https:\/\/esperanto.pl\/pl\/wp-json\/wp\/v2\/users\/8"}],"replies":[{"embeddable":true,"href":"https:\/\/esperanto.pl\/pl\/wp-json\/wp\/v2\/comments?post=1523"}],"version-history":[{"count":1,"href":"https:\/\/esperanto.pl\/pl\/wp-json\/wp\/v2\/pages\/1523\/revisions"}],"predecessor-version":[{"id":2945,"href":"https:\/\/esperanto.pl\/pl\/wp-json\/wp\/v2\/pages\/1523\/revisions\/2945"}],"up":[{"embeddable":true,"href":"https:\/\/esperanto.pl\/pl\/wp-json\/wp\/v2\/pages\/2604"}],"wp:attachment":[{"href":"https:\/\/esperanto.pl\/pl\/wp-json\/wp\/v2\/media?parent=1523"}],"curies":[{"name":"wp","href":"https:\/\/api.w.org\/{rel}","templated":true}]}}