{"id":1792,"date":"2020-11-16T11:30:09","date_gmt":"2020-11-16T10:30:09","guid":{"rendered":"http:\/\/esperanto.pl\/?page_id=1792"},"modified":"2022-10-28T23:50:59","modified_gmt":"2022-10-28T22:50:59","slug":"kalendaro-2021","status":"publish","type":"page","link":"https:\/\/esperanto.pl\/pl\/eventoj\/kalendaro-2021","title":{"rendered":"Kalendarz 2021"},"content":{"rendered":"<p><img loading=\"lazy\" decoding=\"async\" class=\" wp-image-286 alignleft\" src=\"http:\/\/esperanto.pl\/wp-content\/uploads\/2017\/12\/kalendaro.jpg\" alt=\"\" width=\"39\" height=\"39\" srcset=\"https:\/\/esperanto.pl\/wp-content\/uploads\/2017\/12\/kalendaro.jpg 256w, https:\/\/esperanto.pl\/wp-content\/uploads\/2017\/12\/kalendaro-150x150.jpg 150w\" sizes=\"auto, (max-width: 39px) 100vw, 39px\" \/>Polski Zwi\u0105zek Esperantyst\u00f3w publikuj\u0105c list\u0119 esperanckich imprez w Polsce chce wp\u0142ywa\u0107 na ich koordynacj\u0119. Prosimy wszystkich organizator\u00f3w, aby najpierw przeczytali t\u0119 list\u0119, a potem zdecydowali czy w wybranym czasie jest mo\u017cliwe zorganizowanie imprezy. Prosimy tak\u017ce, je\u017celi ju\u017c znacie dat\u0119 swojej imprezy o poinformowanie nas o tym. Informacja o waszej imprezie niebawem si\u0119 uka\u017ce.<\/p>\n","protected":false},"excerpt":{"rendered":"<p>Polski Zwi\u0105zek Esperantyst\u00f3w publikuj\u0105c list\u0119 esperanckich imprez w Polsce chce wp\u0142ywa\u0107 na ich koordynacj\u0119. Prosimy<\/p>\n","protected":false},"author":8,"featured_media":0,"parent":2570,"menu_order":0,"comment_status":"closed","ping_status":"closed","template":"","meta":{"footnotes":""},"class_list":["post-1792","page","type-page","status-publish","hentry"],"translation":{"provider":"WPGlobus","version":"3.0.1","language":"pl","enabled_languages":["eo","pl"],"languages":{"eo":{"title":true,"content":true,"excerpt":false},"pl":{"title":true,"content":true,"excerpt":false}}},"aioseo_notices":[],"_links":{"self":[{"href":"https:\/\/esperanto.pl\/pl\/wp-json\/wp\/v2\/pages\/1792","targetHints":{"allow":["GET"]}}],"collection":[{"href":"https:\/\/esperanto.pl\/pl\/wp-json\/wp\/v2\/pages"}],"about":[{"href":"https:\/\/esperanto.pl\/pl\/wp-json\/wp\/v2\/types\/page"}],"author":[{"embeddable":true,"href":"https:\/\/esperanto.pl\/pl\/wp-json\/wp\/v2\/users\/8"}],"replies":[{"embeddable":true,"href":"https:\/\/esperanto.pl\/pl\/wp-json\/wp\/v2\/comments?post=1792"}],"version-history":[{"count":1,"href":"https:\/\/esperanto.pl\/pl\/wp-json\/wp\/v2\/pages\/1792\/revisions"}],"predecessor-version":[{"id":3562,"href":"https:\/\/esperanto.pl\/pl\/wp-json\/wp\/v2\/pages\/1792\/revisions\/3562"}],"up":[{"embeddable":true,"href":"https:\/\/esperanto.pl\/pl\/wp-json\/wp\/v2\/pages\/2570"}],"wp:attachment":[{"href":"https:\/\/esperanto.pl\/pl\/wp-json\/wp\/v2\/media?parent=1792"}],"curies":[{"name":"wp","href":"https:\/\/api.w.org\/{rel}","templated":true}]}}