{"id":1874,"date":"2021-01-14T23:25:04","date_gmt":"2021-01-14T23:25:04","guid":{"rendered":"http:\/\/esperanto.pl\/?page_id=1874"},"modified":"2022-10-24T14:47:18","modified_gmt":"2022-10-24T13:47:18","slug":"fanimani","status":"publish","type":"page","link":"https:\/\/esperanto.pl\/pl\/asocio\/subtenantoj\/fanimani","title":{"rendered":"FaniMani.pl"},"content":{"rendered":"<p><b>Jak wspiera\u0107 Polski Zwi\u0105zek Esperantyst\u00f3w kupuj\u0105c w przez internet?<\/b><\/p>\n<p><img loading=\"lazy\" decoding=\"async\" class=\"size-medium wp-image-1873 aligncenter\" src=\"http:\/\/esperanto.pl\/wp-content\/uploads\/2021\/01\/fanimani-markemblemo-300x225.png\" alt=\"\" width=\"300\" height=\"225\" srcset=\"https:\/\/esperanto.pl\/wp-content\/uploads\/2021\/01\/fanimani-markemblemo-300x225.png 300w, https:\/\/esperanto.pl\/wp-content\/uploads\/2021\/01\/fanimani-markemblemo-1024x768.png 1024w, https:\/\/esperanto.pl\/wp-content\/uploads\/2021\/01\/fanimani-markemblemo-768x576.png 768w, https:\/\/esperanto.pl\/wp-content\/uploads\/2021\/01\/fanimani-markemblemo.png 1200w\" sizes=\"auto, (max-width: 300px) 100vw, 300px\" \/><\/p>\n<p><span style=\"font-weight: 400;\">Wejd\u017a na stron\u0119 <\/span><a href=\"https:\/\/fanimani.pl\/\"><span style=\"font-weight: 400;\">https:\/\/fanimani.pl<\/span><\/a><\/p>\n<p><span style=\"font-weight: 400;\">\u00a0<\/span><\/p>\n<p><span style=\"font-weight: 400;\">Wesprzyj Polski Zwi\u0105zek Esperantyst\u00f3w, kupuj\u0105c w 1030 sklepach internetowych poprzez stron\u0119 <\/span><a href=\"https:\/\/fanimani.pl\/\"><span style=\"font-weight: 400;\">https:\/\/fanimani.pl<\/span><\/a><span style=\"font-weight: 400;\">. \u015arednio 2,5 % kwoty zakupu wp\u0142ynie jako darowizna na konto PZE.\u00a0<\/span><\/p>\n<p><span style=\"font-weight: 400;\">Oto cztery proste kroki:<\/span><\/p>\n<ol>\n<li><span style=\"font-weight: 400;\"> wejd\u017a na stron\u0119 <a href=\"https:\/\/fanimani.pl\/\">fanimani.pl<\/a>.<\/span><\/li>\n<li><span style=\"font-weight: 400;\"> zarejestruj si\u0119 (przy pierwszej wizycie) i wybierz wsparcie dla organizacji: Polski Zwi\u0105zek Esperantyst\u00f3w.\u00a0<\/span><\/li>\n<li><span style=\"font-weight: 400;\"> Wybierz sklep (np. Allegro, Aliexpress, Booking.com i wiele innych)\u00a0<\/span><\/li>\n<li><span style=\"font-weight: 400;\"> Zr\u00f3b zakupy<\/span><\/li>\n<\/ol>\n<p><span style=\"font-weight: 400;\">\u00a0<\/span><\/p>\n<p><span style=\"font-weight: 400;\">Bardzo dzi\u0119kujemy za pomoc. <\/span>Pami\u0119taj nie ponosisz \u017cadnych koszt\u00f3w<\/p>\n","protected":false},"excerpt":{"rendered":"<p>Jak wspiera\u0107 Polski Zwi\u0105zek Esperantyst\u00f3w kupuj\u0105c w przez internet? Wejd\u017a na stron\u0119 https:\/\/fanimani.pl \u00a0 Wesprzyj<\/p>\n","protected":false},"author":8,"featured_media":0,"parent":2591,"menu_order":0,"comment_status":"closed","ping_status":"closed","template":"","meta":{"footnotes":""},"class_list":["post-1874","page","type-page","status-publish","hentry"],"translation":{"provider":"WPGlobus","version":"3.0.1","language":"pl","enabled_languages":["eo","pl"],"languages":{"eo":{"title":true,"content":true,"excerpt":false},"pl":{"title":true,"content":true,"excerpt":false}}},"aioseo_notices":[],"_links":{"self":[{"href":"https:\/\/esperanto.pl\/pl\/wp-json\/wp\/v2\/pages\/1874","targetHints":{"allow":["GET"]}}],"collection":[{"href":"https:\/\/esperanto.pl\/pl\/wp-json\/wp\/v2\/pages"}],"about":[{"href":"https:\/\/esperanto.pl\/pl\/wp-json\/wp\/v2\/types\/page"}],"author":[{"embeddable":true,"href":"https:\/\/esperanto.pl\/pl\/wp-json\/wp\/v2\/users\/8"}],"replies":[{"embeddable":true,"href":"https:\/\/esperanto.pl\/pl\/wp-json\/wp\/v2\/comments?post=1874"}],"version-history":[{"count":4,"href":"https:\/\/esperanto.pl\/pl\/wp-json\/wp\/v2\/pages\/1874\/revisions"}],"predecessor-version":[{"id":3370,"href":"https:\/\/esperanto.pl\/pl\/wp-json\/wp\/v2\/pages\/1874\/revisions\/3370"}],"up":[{"embeddable":true,"href":"https:\/\/esperanto.pl\/pl\/wp-json\/wp\/v2\/pages\/2591"}],"wp:attachment":[{"href":"https:\/\/esperanto.pl\/pl\/wp-json\/wp\/v2\/media?parent=1874"}],"curies":[{"name":"wp","href":"https:\/\/api.w.org\/{rel}","templated":true}]}}