{"id":188,"date":"2017-11-07T12:48:52","date_gmt":"2017-11-07T11:48:52","guid":{"rendered":"http:\/\/esperanto.pl\/?page_id=188"},"modified":"2022-10-28T23:07:52","modified_gmt":"2022-10-28T22:07:52","slug":"jaro-2012","status":"publish","type":"page","link":"https:\/\/esperanto.pl\/pl\/eldonajxoj\/pola-esperantisto\/jaro-2012","title":{"rendered":"Rok 2012"},"content":{"rendered":"<h3 class=\"title\">Pola Esperantisto 1\/2012<\/h3>\n<p><a href=\"http:\/\/esperanto.pl\/wp-content\/uploads\/2017\/11\/Pola-Esperantisto-1_20125985.jpg\" rel=\"lightbox[188]\"><img loading=\"lazy\" decoding=\"async\" class=\"size-full wp-image-186 alignleft\" src=\"http:\/\/esperanto.pl\/wp-content\/uploads\/2017\/11\/Pola-Esperantisto-1_20125985.jpg\" alt=\"\" width=\"100\" height=\"141\" \/><\/a> W numerze mi.in.: informacje nt. wydarze\u0144 zwi\u0105zanych ze 125-leciem esperanta; felieton historyczny dot. Warszawy w 2 po\u0142owie 19-ego wieku; reprint artyku\u0142u Ireny Szanser o latach sp\u0119dzonych przez L.L. Zamenhofa w Warszawie i miejscach z nim zwi\u0105zanych; co to s\u0105 ZEO-j; informacje dot.\u00a0\u015awiatowego Zwi\u0105zku Esperanta\u00a0i jego krajowej sekcji PZE; rozmowa z G\u0142\u00f3wnym Delegatem UEA w Polsce; trzy Polki w Panteonie portalu edukado.net; nauka esperanta w Polsce; planowane wydarzenia esperanckie; \u015bwiatowy dzie\u0144 radia; Literatura:\u00a0w ho\u0142dzie J.Korczakowi &#8211; wiersz St. Ney w t\u0142um. B. Sokal\u00f3wny; konkurs czytelniczy E-Sumoo; opowiadanie W. Gomulickiego &#8222;Czego nie rozumiej\u0105 jask\u00f3\u0142ki i motyle&#8221; w t\u0142umaczeniu K. Beina.<\/p>\n<p>&nbsp;<\/p>\n<div id=\"body_bg\">\n<div class=\"sizer0 clearfix\">\n<div id=\"body_left\">\n<div id=\"body_right\">\n<div class=\"clearfix\">\n<div id=\"middlecontainer\" class=\"pure-g\">\n<div class=\"pure-u-1 pure-u-md-19-24\">\n<div id=\"main\" role=\"main\">\n<div class=\"region region-content\">\n<div class=\"block-wrapper odd block_1\">\n<div id=\"block-system-main\" class=\"block block-system \">\n<div class=\"content\">\n<div class=\"view view-pola- view-id-pola_ view-display-id-page view-dom-id-ccd046059dd1e1f1d65e3be5eda1c53c\">\n<div class=\"view-content\">\n<div class=\"views-row views-row-4 views-row-even\">\n<div id=\"node-569\" class=\"node node-pola-esperantisto node-teaser even teaser node-type-pola_esperantisto clearfix\">\n<div class=\"content clearfix\">\n<div class=\"field field-name-body field-type-text-with-summary field-label-hidden\">\n<div class=\"field-items\">\n<div>\n<h3 class=\"title\">Pola Esperantisto 2\/2012<\/h3>\n<p><a href=\"http:\/\/esperanto.pl\/wp-content\/uploads\/2017\/11\/Pola-Esperantisto-2_20128db3.jpg\" rel=\"lightbox[188]\"><img loading=\"lazy\" decoding=\"async\" class=\"size-full wp-image-187 alignleft\" src=\"http:\/\/esperanto.pl\/wp-content\/uploads\/2017\/11\/Pola-Esperantisto-2_20128db3.jpg\" alt=\"\" width=\"100\" height=\"141\" \/><\/a><strong>Z powod\u00f3w technicznych (niezale\u017cnych od Redakcji) tj. konieczno\u015bci zmiany drukarni oraz przeniesienia punktu dystrybucji Pola Esperantisto do Warszaway drugi numer pojawi\u0142 si\u0119 ze sporym op\u00f3\u017anieniem za co redakcja serdecznie przeprasza.<\/strong><\/p>\n<div id=\"body_bg\">\n<div class=\"sizer0 clearfix\">\n<div id=\"body_left\">\n<div id=\"body_right\">\n<div class=\"clearfix\">\n<div id=\"middlecontainer\" class=\"pure-g\">\n<div class=\"pure-u-1 pure-u-md-19-24\">\n<div id=\"main\" role=\"main\">\n<div class=\"region region-content\">\n<div class=\"block-wrapper odd block_1\">\n<div id=\"block-system-main\" class=\"block block-system \">\n<div class=\"content\">\n<div class=\"view view-pola- view-id-pola_ view-display-id-page view-dom-id-ccd046059dd1e1f1d65e3be5eda1c53c\">\n<div class=\"view-content\">\n<div class=\"views-row views-row-3 views-row-odd\">\n<div id=\"node-568\" class=\"node node-pola-esperantisto node-teaser odd teaser node-type-pola_esperantisto clearfix\">\n<div class=\"content clearfix\">\n<div class=\"field field-name-body field-type-text-with-summary field-label-hidden\">\n<div class=\"field-items\">\n<div class=\"field-item even\">\n<p>W numerze mi.in.: polskoj\u0119zyczne informacje dot. \u015awiatowego Zwi\u0105zku Esperanta i jego krajowego zwi\u0105zku PZE; wydarzenia zwi\u0105zane ze 125-leciem Esperanta; Warszawa na prze\u0142omie 19-ego i 20-ego wieku; reprint z majowego numeru Esperanta 1917 w nawi\u0105zaniu do 95-ej rocznicy \u015bmierci tw\u00f3rcy esperanta; \u015awiatowa akcja budowy nagrobka\u00a0L.L. Zamenhofa na cmentarzu \u017cydowskim w Warszawie; Wywiad z Mari\u0105 Pokrzywnick\u0105 z Muzeum Etnograficznego w Toruniu &#8211; esperanto w mojej pracy zawodowej; Nowy sukces teatralny Jerzego Handzlika;\u00a0esperanckie wydarzenia w mie\u015bcie urodzin tw\u00f3rcy esperanta; Zs\u00f3fia Patoki\u00a0&#8211; kolejna wolontariuszka esperancka w Bia\u0142ymstoku; na esperanckich \u015bladach Janusza Korczaka;\u00a0Literatura: skecz &#8222;Kr\u00f3l Ba\u0142tyk&#8221; A. Rudawcowa;\u00a0\u00a0planowane i realizowane wydarzenia esperanckie; Obywatelska inicjatywa\u00a0EEU dot. esperanckich s\u0142\u00f3w hymnu EU;<\/p>\n<\/div>\n<\/div>\n<\/div>\n<\/div>\n<\/div>\n<\/div>\n<\/div>\n<\/div>\n<\/div>\n<\/div>\n<\/div>\n<\/div>\n<\/div>\n<\/div>\n<\/div>\n<\/div>\n<\/div>\n<\/div>\n<\/div>\n<\/div>\n<\/div>\n<\/div>\n<\/div>\n<\/div>\n<\/div>\n<\/div>\n<\/div>\n<\/div>\n<\/div>\n<\/div>\n<\/div>\n<\/div>\n<\/div>\n<\/div>\n<\/div>\n<\/div>\n<\/div>\n<\/div>\n<\/div>\n<\/div>\n<h3>\u00a0Pola Esperantisto 3\/2012<\/h3>\n<div class=\"views-row views-row-4 views-row-even\">\n<div id=\"node-569\" class=\"node node-pola-esperantisto node-teaser even teaser node-type-pola_esperantisto clearfix\">\n<p><a href=\"http:\/\/esperanto.pl\/wp-content\/uploads\/2017\/11\/PE_3_201277c3.jpg\" rel=\"lightbox[188]\"><img loading=\"lazy\" decoding=\"async\" class=\"size-full wp-image-183 alignleft\" src=\"http:\/\/esperanto.pl\/wp-content\/uploads\/2017\/11\/PE_3_201277c3.jpg\" alt=\"\" width=\"100\" height=\"141\" \/><\/a>W numerze m.in.: informacje nt. wydarze\u0144 zwi\u0105zanych ze 125-leciem esperanta; Odznaczenie pa\u0144stwowe dla polskiego esperantysty J. Golca; Warszawa &#8211; miejsce narodzin Esperanta &#8211;\u00a0w odradzaj\u0105cej si\u0119 Polsce; Tegoroczne rocznice zwi\u0105zane z tw\u00f3rc\u0105 poezji esperanckiej, A. Grabowskim;\u00a0aktualno\u015bci dot.\u00a0\u015awiatowego Zwi\u0105zku Esperanta\u00a0i jego krajowej sekcji PZE; rozm. z M. Kempistym, zwyci\u0119zc\u0105 konkursu na nazw\u0119 wypo\u017cyczalni rowerowych w Warszawie &#8222;Vetrurilo&#8221;; G. Szubryczy\u0144ska w rozmowie z K. Nemere-Czachowsk\u0105 opowiada o esperancie w swojej pracy zawodowej; ciekawe strony internetowe; esperanty\u015bci z Bia\u0142egostoku z wizyt\u0105 w Albanii; wspomnieniowo i wsp\u00f3\u0142cze\u015bnie nt. d\u0119bu i kamienia pami\u0105tkowego w Sopocie; wywiad z\u00a0nie\u016dstannie aktywn\u0105\u00a0 esperantystk\u0105 z Gda\u0144ska, Z. Kamienieck\u0105; Krak\u00f3w i Bydgoszcz &#8211; zapraszaj\u0105 na nauk\u0119 esperanta; przedstawiciele polskich esperantyst\u00f3w na \u015awiatowym Kongresie Esperantyst\u00f3w w Hanoi.<\/p>\n<div id=\"body_bg\">\n<div class=\"sizer0 clearfix\">\n<div id=\"body_left\">\n<div id=\"body_right\">\n<div class=\"clearfix\">\n<div id=\"middlecontainer\" class=\"pure-g\">\n<div class=\"pure-u-1 pure-u-md-19-24\">\n<div id=\"main\" role=\"main\">\n<div class=\"region region-content\">\n<div class=\"block-wrapper odd block_1\">\n<div id=\"block-system-main\" class=\"block block-system \">\n<div class=\"content\">\n<div class=\"view view-pola- view-id-pola_ view-display-id-page view-dom-id-ccd046059dd1e1f1d65e3be5eda1c53c\">\n<div class=\"view-content\">\n<div class=\"views-row views-row-2 views-row-even\">\n<div id=\"node-570\" class=\"node node-pola-esperantisto node-promoted node-teaser even teaser node-type-pola_esperantisto clearfix\">\n<div class=\"content clearfix\">\n<div class=\"field field-name-body field-type-text-with-summary field-label-hidden\">\n<div class=\"field-items\">\n<div>\n<h3 class=\"title\">Pola Esperantisto 4\/2012<\/h3>\n<p><a href=\"http:\/\/esperanto.pl\/wp-content\/uploads\/2017\/11\/PE_4_20121f6d.png\" rel=\"lightbox[188]\"><img loading=\"lazy\" decoding=\"async\" class=\"size-full wp-image-184 alignleft\" src=\"http:\/\/esperanto.pl\/wp-content\/uploads\/2017\/11\/PE_4_20121f6d.png\" alt=\"\" width=\"100\" height=\"141\" \/><\/a>W numerze m.in.: informacje i raporty (Nowy S\u0105cz, Bia\u0142ystok, Olsztyn) dot. wydarze\u0144 zwi\u0105zanych ze 125-leciem esperanta; Zas\u0142u\u017cony esperantysta, Edward Ja\u015bkiewicz; rozm. z prof. Ilona Koutny prowadz\u0105c\u0105 Studia Interlingvistyczne na Uniwersytecie A. Mickiewicza w Poznaniu. Felieton historyczny \u2013 Warszawa podczas i po wojnie. Jubileuszowy Kongres Esperanta 1912 w Krakowie; Julius Gl\u00fcck i jego \u017cycie dla esperanta; \u017begnamy zmar\u0142e zas\u0142u\u017cone polskie esperantystki, Jadwig\u0119 Gibczy\u0144sk\u0105 i Zofi\u0119 Banet-Fornal.<\/p>\n<\/div>\n<div><\/div>\n<\/div>\n<\/div>\n<\/div>\n<\/div>\n<\/div>\n<\/div>\n<\/div>\n<\/div>\n<\/div>\n<\/div>\n<\/div>\n<\/div>\n<\/div>\n<\/div>\n<\/div>\n<\/div>\n<\/div>\n<\/div>\n<\/div>\n<\/div>\n<\/div>\n<h3 class=\"title\">Pola Esperantisto 5\/2012<\/h3>\n<p><a href=\"http:\/\/esperanto.pl\/wp-content\/uploads\/2017\/11\/PE_5_2012_1cee.png\" rel=\"lightbox[188]\"><img loading=\"lazy\" decoding=\"async\" class=\"size-full wp-image-185 alignleft\" src=\"http:\/\/esperanto.pl\/wp-content\/uploads\/2017\/11\/PE_5_2012_1cee.png\" alt=\"\" width=\"100\" height=\"141\" \/><\/a>W numerze m.in.: dalsze informacje i raporty (Warszawa, Bydgoszcz, Rotterdam) dot. wydarze\u0144 zwi\u0105zanych ze 125-leciem esperanta; W\u015br\u00f3d nich na szczeg\u00f3ln\u0105 uwag\u0119 zas\u0142uguje wystawa i konferencja na ten temat w siedzibie Senatu PR. ZG PZE informuje o Nadzwyczajnym Zje\u017adzie Delegat\u00f3w, planowanym na 19.01.2013 w zwi\u0105zku z rezygnacj\u0105 wszystkich funkcyjnych cz\u0142onk\u00f3w Zarz\u0105du. Obszerniej piszemy o Arkonesie w 2012 odznaczonym Nagrod\u0105 A. Grabowskiego. Jego uczestnikiem by\u0142 m.in. Ivan E. Colling z Brazylii, chocia\u017c do Poznania przyjecha\u0142 jako s\u0142uchacz Studi\u00f3w Interlingwistycznych.<\/p>\n<p>&nbsp;<\/p>\n<p>&nbsp;<\/p>\n<h3 class=\"title\">Pola Esperantisto 6\/2012<\/h3>\n<p align=\"JUSTIFY\"><a href=\"http:\/\/esperanto.pl\/wp-content\/uploads\/2017\/11\/okladka6a699c.png\" rel=\"lightbox[188]\"><img loading=\"lazy\" decoding=\"async\" class=\"size-full wp-image-182 alignleft\" src=\"http:\/\/esperanto.pl\/wp-content\/uploads\/2017\/11\/okladka6a699c.png\" alt=\"\" width=\"100\" height=\"141\" \/><\/a>W numerze m.in.: ostatnie informacje (K\u0142odzko\/Wroc\u0142aw, Warszawa, Bydgoszcz) dot. wydarze\u0144 zwi\u0105zanych ze 125-leciem esperanta, a tak\u017ce podsumowanie wielkiej akcji informacyjnej UEA e-125; Polskoj\u0119zyczne informacje dotycz\u0105 bie\u017c\u0105cych prac ZG PZE i \u015awiatowego Zwi\u0105zku Esperantyst\u00f3w. Wywiad z kuratorem wystawy \u201cZamenhof w Warszawie\u201d, M. M\u00f3rawieck\u0105 nawi\u0105zuje do wielotygodniowego wydarzenia w Muzeum Woli, oddziale Muzeum Historii m.st. Warszawy. Esperanty\u015bci aktywnie dzia\u0142aj\u0105 nie tylko na rzecz esperanta, ale s\u0105 r\u00f3wnie\u017c animatorami dzia\u0142a\u0144 w swoich \u015brodowiskach.<\/p>\n","protected":false},"excerpt":{"rendered":"<p>Pola Esperantisto 1\/2012 W numerze mi.in.: informacje nt. wydarze\u0144 zwi\u0105zanych ze 125-leciem esperanta; felieton historyczny<\/p>\n","protected":false},"author":8,"featured_media":0,"parent":2611,"menu_order":2012,"comment_status":"closed","ping_status":"closed","template":"","meta":{"footnotes":""},"class_list":["post-188","page","type-page","status-publish","hentry"],"translation":{"provider":"WPGlobus","version":"3.0.1","language":"pl","enabled_languages":["eo","pl"],"languages":{"eo":{"title":true,"content":true,"excerpt":false},"pl":{"title":true,"content":true,"excerpt":false}}},"aioseo_notices":[],"_links":{"self":[{"href":"https:\/\/esperanto.pl\/pl\/wp-json\/wp\/v2\/pages\/188","targetHints":{"allow":["GET"]}}],"collection":[{"href":"https:\/\/esperanto.pl\/pl\/wp-json\/wp\/v2\/pages"}],"about":[{"href":"https:\/\/esperanto.pl\/pl\/wp-json\/wp\/v2\/types\/page"}],"author":[{"embeddable":true,"href":"https:\/\/esperanto.pl\/pl\/wp-json\/wp\/v2\/users\/8"}],"replies":[{"embeddable":true,"href":"https:\/\/esperanto.pl\/pl\/wp-json\/wp\/v2\/comments?post=188"}],"version-history":[{"count":1,"href":"https:\/\/esperanto.pl\/pl\/wp-json\/wp\/v2\/pages\/188\/revisions"}],"predecessor-version":[{"id":3514,"href":"https:\/\/esperanto.pl\/pl\/wp-json\/wp\/v2\/pages\/188\/revisions\/3514"}],"up":[{"embeddable":true,"href":"https:\/\/esperanto.pl\/pl\/wp-json\/wp\/v2\/pages\/2611"}],"wp:attachment":[{"href":"https:\/\/esperanto.pl\/pl\/wp-json\/wp\/v2\/media?parent=188"}],"curies":[{"name":"wp","href":"https:\/\/api.w.org\/{rel}","templated":true}]}}