{"id":213,"date":"2017-11-07T22:15:48","date_gmt":"2017-11-07T21:15:48","guid":{"rendered":"http:\/\/esperanto.pl\/?page_id=213"},"modified":"2022-10-10T00:32:37","modified_gmt":"2022-10-09T23:32:37","slug":"filio-bielsko-biala","status":"publish","type":"page","link":"https:\/\/esperanto.pl\/pl\/lokoj\/filioj\/filio-bielsko-biala","title":{"rendered":"Oddzia\u0142 w Bielsku-Bia\u0142ej"},"content":{"rendered":"<h3>Oddzia\u0142 w Bielsku-Bia\u0142ej<\/h3>\n<p><strong>Siedziba:<\/strong><\/p>\n<p>1-go\u00a0 12 (w lokalu przy Domu Kultury \u201eW\u0142\u00f3kniarz\u201d)<\/p>\n<p>43-400 Bielsko-Bia\u0142a<\/p>\n<p><strong>Strona internetowa: <\/strong>nie istnieje<\/p>\n<p><strong>Facebook: <\/strong>nie istnieje<\/p>\n<p><strong>Kontakty:<\/strong><\/p>\n<p>Telefon: +48-606-647-710<\/p>\n<p>Adres internetowy: nie istnieje<\/p>\n<p><strong>Spotkania:<\/strong><\/p>\n<p><strong>\u015broda<\/strong><\/p>\n<p>16:00 \u2013 Spotkanie klubowe \u2013 dy\u017curuj\u0105 cz\u0142onkowie Oddzia\u0142u.<\/p>\n<p><strong>Uwagi:<\/strong><\/p>\n<p><strong>Filia\u00a0 organizuje mi\u0119dzy innymi:<\/strong><\/p>\n<p>1) W ka\u017cd\u0105 trzeci\u0105 niedziel\u0119 stycznia\u00a0 Noworoczne Spotkanie Op\u0142atkowe.<\/p>\n<p>2) W ostatni\u0105 niedziel\u0119 sierpnia pielgrzymk\u0119 po\u00a0 Beskidach ko\u0144cz\u0105c\u0105 si\u0119 w Szczyrku.<\/p>\n<p>&nbsp;<\/p>\n<p>&nbsp;<\/p>\n","protected":false},"excerpt":{"rendered":"<p>Oddzia\u0142 w Bielsku-Bia\u0142ej Siedziba: 1-go\u00a0 12 (w lokalu przy Domu Kultury \u201eW\u0142\u00f3kniarz\u201d) 43-400 Bielsko-Bia\u0142a Strona<\/p>\n","protected":false},"author":8,"featured_media":0,"parent":1513,"menu_order":1,"comment_status":"closed","ping_status":"closed","template":"","meta":{"footnotes":""},"class_list":["post-213","page","type-page","status-publish","hentry"],"translation":{"provider":"WPGlobus","version":"3.0.1","language":"pl","enabled_languages":["eo","pl"],"languages":{"eo":{"title":true,"content":true,"excerpt":false},"pl":{"title":true,"content":true,"excerpt":false}}},"aioseo_notices":[],"_links":{"self":[{"href":"https:\/\/esperanto.pl\/pl\/wp-json\/wp\/v2\/pages\/213","targetHints":{"allow":["GET"]}}],"collection":[{"href":"https:\/\/esperanto.pl\/pl\/wp-json\/wp\/v2\/pages"}],"about":[{"href":"https:\/\/esperanto.pl\/pl\/wp-json\/wp\/v2\/types\/page"}],"author":[{"embeddable":true,"href":"https:\/\/esperanto.pl\/pl\/wp-json\/wp\/v2\/users\/8"}],"replies":[{"embeddable":true,"href":"https:\/\/esperanto.pl\/pl\/wp-json\/wp\/v2\/comments?post=213"}],"version-history":[{"count":2,"href":"https:\/\/esperanto.pl\/pl\/wp-json\/wp\/v2\/pages\/213\/revisions"}],"predecessor-version":[{"id":3718,"href":"https:\/\/esperanto.pl\/pl\/wp-json\/wp\/v2\/pages\/213\/revisions\/3718"}],"up":[{"embeddable":true,"href":"https:\/\/esperanto.pl\/pl\/wp-json\/wp\/v2\/pages\/1513"}],"wp:attachment":[{"href":"https:\/\/esperanto.pl\/pl\/wp-json\/wp\/v2\/media?parent=213"}],"curies":[{"name":"wp","href":"https:\/\/api.w.org\/{rel}","templated":true}]}}