{"id":2141,"date":"2022-02-14T21:03:23","date_gmt":"2022-02-14T20:03:23","guid":{"rendered":"http:\/\/esperanto.pl\/?page_id=2141"},"modified":"2024-04-10T22:45:41","modified_gmt":"2024-04-10T21:45:41","slug":"gxeneralaj-informoj","status":"publish","type":"page","link":"https:\/\/esperanto.pl\/pl\/eventoj\/pola-esperanto-kongreso\/pek-2022\/gxeneralaj-informoj","title":{"rendered":"Og\u00f3lne informacje"},"content":{"rendered":"<p style=\"text-align: center;\"><img loading=\"lazy\" decoding=\"async\" class=\"size-medium wp-image-2099 aligncenter\" src=\"http:\/\/esperanto.pl\/wp-content\/uploads\/2022\/01\/LOGO_kongresu_POZIOM-300x157.jpg\" alt=\"\" width=\"300\" height=\"157\" srcset=\"https:\/\/esperanto.pl\/wp-content\/uploads\/2022\/01\/LOGO_kongresu_POZIOM-300x157.jpg 300w, https:\/\/esperanto.pl\/wp-content\/uploads\/2022\/01\/LOGO_kongresu_POZIOM-1024x535.jpg 1024w, https:\/\/esperanto.pl\/wp-content\/uploads\/2022\/01\/LOGO_kongresu_POZIOM-768x401.jpg 768w, https:\/\/esperanto.pl\/wp-content\/uploads\/2022\/01\/LOGO_kongresu_POZIOM.jpg 1113w\" sizes=\"auto, (max-width: 300px) 100vw, 300px\" \/><br \/>\nw<br \/>\n<a href=\"http:\/\/ldk.lodz.pl\"><img loading=\"lazy\" decoding=\"async\" class=\"alignnone size-medium wp-image-2094 aligncenter\" src=\"http:\/\/esperanto.pl\/wp-content\/uploads\/2022\/01\/LOGO-LDK-przezroczyste-300x46.png\" alt=\"\" width=\"300\" height=\"46\" srcset=\"https:\/\/esperanto.pl\/wp-content\/uploads\/2022\/01\/LOGO-LDK-przezroczyste-300x46.png 300w, https:\/\/esperanto.pl\/wp-content\/uploads\/2022\/01\/LOGO-LDK-przezroczyste-1024x156.png 1024w, https:\/\/esperanto.pl\/wp-content\/uploads\/2022\/01\/LOGO-LDK-przezroczyste-768x117.png 768w, https:\/\/esperanto.pl\/wp-content\/uploads\/2022\/01\/LOGO-LDK-przezroczyste-1536x234.png 1536w, https:\/\/esperanto.pl\/wp-content\/uploads\/2022\/01\/LOGO-LDK-przezroczyste-2048x312.png 2048w, https:\/\/esperanto.pl\/wp-content\/uploads\/2022\/01\/LOGO-LDK-przezroczyste-1568x238.png 1568w\" sizes=\"auto, (max-width: 300px) 100vw, 300px\" \/><\/a><\/p>\n<p>&nbsp;<\/p>\n<h2 style=\"font-weight: 400; text-align: center;\">Prowizoryczny program 39. Polskiego Kongresu Esperanckiego w \u0141odzi<\/h2>\n<h2 style=\"font-weight: 400; text-align: center;\">w dniach 23-26.06.2022<\/h2>\n<p>&nbsp;<\/p>\n<p style=\"font-weight: 400; text-align: center;\"><strong>23.6.2022 czwartek<\/strong>\u00a0\u2013 8:00 \u2013 18:00 Ca\u0142odzienna wycieczka dooko\u0142a \u0141odzi<\/p>\n<p style=\"font-weight: 400; text-align: center;\">\u00a0\u00a0\u00a0\u00a0\u00a0\u00a0\u00a0\u00a0\u00a0\u00a0\u00a0\u00a0\u00a0\u00a0\u00a019:00 \u2013 wieczorne spotkanie<\/p>\n<p style=\"font-weight: 400; text-align: center;\"><strong>24.6.2022 pi\u0105tek<\/strong>\u00a0&#8211; 10:00 \u2013 Otwarcie kongresu, prelekcje<\/p>\n<p style=\"font-weight: 400; text-align: center;\">\u00a0\u00a0\u00a0\u00a0\u00a0\u00a0\u00a0\u00a0\u00a0\u00a0\u00a0\u00a0\u00a0\u00a0\u00a014:00 \u2013 15:00 \u2013 przerwa obiadowa<\/p>\n<p style=\"font-weight: 400; text-align: center;\">\u00a0\u00a0\u00a0\u00a0\u00a0\u00a0\u00a0\u00a0\u00a0\u00a0\u00a0\u00a0\u00a0\u00a0\u00a015:30 \u2013 18:00 \u2013 program popo\u0142udniowy,\u00a0 zwiedzanie miasta<\/p>\n<p style=\"font-weight: 400; text-align: center;\">\u00a0\u00a0\u00a0\u00a0\u00a0\u00a0\u00a0\u00a0\u00a0\u00a0\u00a0\u00a0\u00a0\u00a0\u00a018:00 \u2013 21:00 \u2013 wieczorny program artystyczny<\/p>\n<p style=\"font-weight: 400; text-align: center;\"><strong>25.6.2022 sobota<\/strong>\u00a0&#8211; 9:30 \u2013 14:30 Walne zebranie PZE (sprawozdawcze i wyborcze)<\/p>\n<p style=\"font-weight: 400; text-align: center;\">\u00a0\u00a0\u00a0\u00a0\u00a0\u00a0\u00a0\u00a0\u00a0\u00a0\u00a0\u00a0\u00a0\u00a0\u00a014:30 \u2013 16:00 \u2013 przerwa obiadowa<\/p>\n<p style=\"font-weight: 400; text-align: center;\">\u00a0\u00a0\u00a0\u00a0\u00a0\u00a0\u00a0\u00a0\u00a0\u00a0\u00a0\u00a0\u00a0\u00a0\u00a016:30 \u2013 18:00 \u2013 popo\u0142udniowy program, (by\u0107 mo\u017ce) Msza \u015aw. w esperanto lub nabo\u017ce\u0144stwo<\/p>\n<p style=\"font-weight: 400; text-align: center;\">\u00a0\u00a0\u00a0\u00a0\u00a0\u00a0\u00a0\u00a0\u00a0\u00a0\u00a0\u00a0\u00a0\u00a0\u00a018:30 \u2013 21:00 \u2013 wieczorny program artystyczny<\/p>\n<p style=\"font-weight: 400; text-align: center;\"><strong>26.6.2022 niedziela<\/strong>\u00a010:00 12:00 &#8211; prelekcje, podsumowanie kongresu, zamkni\u0119cie<\/p>\n<p style=\"font-weight: 400; text-align: center;\">\u00a0\u00a0\u00a0\u00a0\u00a0\u00a0\u00a0\u00a0\u00a0\u00a0\u00a0\u00a0\u00a0\u00a0\u00a013:00 \u2013 14:00 \u2013 przerwa obiadowa<\/p>\n<p style=\"font-weight: 400; text-align: center;\">14:00 &#8211; zwiedzanie miasta<\/p>\n<p><strong>Aktualny program kongresu:<\/strong>\u00a0<a href=\"https:\/\/esperanto.pl\/pl\/eventoj\/pola-esperanto-kongreso\/pek-2022\/programo\">https:\/\/esperanto.pl\/pl\/eventoj\/pola-esperanto-kongreso\/pek-2022\/programo\/<\/a><\/p>\n<p style=\"font-weight: 400; text-align: center;\"><strong style=\"font-weight: 400;\"><br \/>\n<\/strong><b>Miejsce Kongresu<\/b><span style=\"font-weight: 400;\">: <a href=\"http:\/\/ldk.lodz.pl\">\u0141\u00f3dzki Dom Kultury<\/a>\u00a0przy ulicy\u00a0<a href=\"https:\/\/goo.gl\/maps\/7cSG3w5DzAFW5Bi86\">Traugutta 18<\/a><\/span><\/p>\n<p style=\"font-weight: 400; text-align: center;\"><strong>Nocleg<\/strong>:\u00a0<a href=\"http:\/\/ptsmlodz.pl\">PTSM<\/a>\u00a0przy ulicy\u00a0<a href=\"https:\/\/goo.gl\/maps\/egKD7HxoE5Psdpfr7\">Zamenhofa 13<\/a><\/p>\n<p style=\"font-weight: 400; text-align: center;\"><strong>Dystans<\/strong>\u00a0pomi\u0119dzy noclegiem a miejscem kongresu 1,5 km \u2013 <a href=\"https:\/\/www.google.com\/maps\/dir\/Polskie+Towarzystwo+Schronisk+M%C5%82odzie%C5%BCowych,+Ludwika+Zamenhofa+13,+90-510+%C5%81%C3%B3d%C5%BA\/%C5%81%C3%B3dzki+Dom+Kultury,+Traugutta,+%C5%81%C3%B3d%C5%BA\/@51.7655551,19.4530443,16z\/data=!3m1!4b1!4m14!4m13!1m5!1m1!1s0x471a352a68505eab:0xaf68379ba4d4fff2!2m2!1d19.4523326!2d51.7619708!1m5!1m1!1s0x471a7f7a37eee341:0xe6bcdf852b42bbfc!2m2!1d19.4624751!2d51.7692323!3e2\">pieszo 19 minut<\/a>, <a href=\"https:\/\/www.google.com\/maps\/dir\/Polskie+Towarzystwo+Schronisk+M%C5%82odzie%C5%BCowych,+Ludwika+Zamenhofa+13,+90-510+%C5%81%C3%B3d%C5%BA\/%C5%81%C3%B3dzki+Dom+Kultury,+Traugutta,+%C5%81%C3%B3d%C5%BA\/@51.7655551,19.4530226,16z\/data=!3m1!4b1!4m14!4m13!1m5!1m1!1s0x471a352a68505eab:0xaf68379ba4d4fff2!2m2!1d19.4523326!2d51.7619708!1m5!1m1!1s0x471a7f7a37eee341:0xe6bcdf852b42bbfc!2m2!1d19.4624751!2d51.7692323!3e0\">samochodem 5 min<\/a>.<\/p>\n<p>&nbsp;<\/p>\n<p>Papierowy formularz zapisowy:\u00a0<a href=\"http:\/\/esperanto.pl\/wp-content\/uploads\/2022\/02\/Aligilo-papera-39-Pola-Eseperanto-Kongreso-23-26-06-2022.pdf\">PDF<\/a> <a href=\"http:\/\/esperanto.pl\/wp-content\/uploads\/2022\/02\/Aligilo-papera-39-Pola-Eseperanto-Kongreso-23-26-06-2022.doc\">DOC<\/a><\/p>\n<p>Pierwszy biuletyn:\u00a0<a href=\"http:\/\/esperanto.pl\/wp-content\/uploads\/2022\/02\/UNUA-BULTENO-de-PEK-2022-en-Lodz-5-02.pdf\">PDF<\/a> <a href=\"http:\/\/esperanto.pl\/wp-content\/uploads\/2022\/02\/UNUA-BULTENO-de-PEK-2022-en-Lodz-5-02.doc\">DOC<\/a><\/p>\n<p>Drugi biuletyn\u00a0<span style=\"color: #ff0000;\"><strong>z aktualnym programem<\/strong>:<\/span>\u00a0<a href=\"http:\/\/esperanto.pl\/wp-content\/uploads\/2022\/06\/Dua-BULTENO-de-PEK-2022-en-Lodz-5.doc\">DOC<\/a><\/p>\n<p style=\"padding-left: 30px;\"><a href=\"https:\/\/forms.gle\/YJ6rZHTWxKeDSFVTA\" target=\"_blank\" rel=\"noopener\">Internetowy formularz zapisowy<\/a><\/p>\n","protected":false},"excerpt":{"rendered":"<p>w &nbsp; Prowizoryczny program 39. Polskiego Kongresu Esperanckiego w \u0141odzi w dniach 23-26.06.2022 &nbsp; 23.6.2022<\/p>\n","protected":false},"author":10,"featured_media":0,"parent":2095,"menu_order":0,"comment_status":"closed","ping_status":"closed","template":"","meta":{"footnotes":""},"class_list":["post-2141","page","type-page","status-publish","hentry"],"translation":{"provider":"WPGlobus","version":"3.0.1","language":"pl","enabled_languages":["eo","pl"],"languages":{"eo":{"title":true,"content":true,"excerpt":false},"pl":{"title":true,"content":true,"excerpt":false}}},"aioseo_notices":[],"_links":{"self":[{"href":"https:\/\/esperanto.pl\/pl\/wp-json\/wp\/v2\/pages\/2141","targetHints":{"allow":["GET"]}}],"collection":[{"href":"https:\/\/esperanto.pl\/pl\/wp-json\/wp\/v2\/pages"}],"about":[{"href":"https:\/\/esperanto.pl\/pl\/wp-json\/wp\/v2\/types\/page"}],"author":[{"embeddable":true,"href":"https:\/\/esperanto.pl\/pl\/wp-json\/wp\/v2\/users\/10"}],"replies":[{"embeddable":true,"href":"https:\/\/esperanto.pl\/pl\/wp-json\/wp\/v2\/comments?post=2141"}],"version-history":[{"count":6,"href":"https:\/\/esperanto.pl\/pl\/wp-json\/wp\/v2\/pages\/2141\/revisions"}],"predecessor-version":[{"id":5348,"href":"https:\/\/esperanto.pl\/pl\/wp-json\/wp\/v2\/pages\/2141\/revisions\/5348"}],"up":[{"embeddable":true,"href":"https:\/\/esperanto.pl\/pl\/wp-json\/wp\/v2\/pages\/2095"}],"wp:attachment":[{"href":"https:\/\/esperanto.pl\/pl\/wp-json\/wp\/v2\/media?parent=2141"}],"curies":[{"name":"wp","href":"https:\/\/api.w.org\/{rel}","templated":true}]}}