{"id":2143,"date":"2022-02-14T21:08:25","date_gmt":"2022-02-14T20:08:25","guid":{"rendered":"http:\/\/esperanto.pl\/?page_id=2143"},"modified":"2022-10-10T01:28:39","modified_gmt":"2022-10-10T00:28:39","slug":"programo","status":"publish","type":"page","link":"https:\/\/esperanto.pl\/pl\/eventoj\/pola-esperanto-kongreso\/pek-2022\/programo","title":{"rendered":"Program kongresu"},"content":{"rendered":"<h2 style=\"font-weight: 400; text-align: center;\">Prowizoryczny program 39. Polskiego Kongresu Esperanckiego w \u0141odzi<\/h2>\n<h2 style=\"font-weight: 400; text-align: center;\">w dniach 23-26.06.2022<\/h2>\n<p>&nbsp;<\/p>\n<p><span style=\"color: #008000;\"><strong>23.6.2022 \u0135audo<\/strong> <\/span>(la 22-an vespere en \u0109eftranoktejo de\u0135oros lokaj esperantistoj)<br \/>\n<strong>8:30 &#8211; 18:00<\/strong> &#8211; Tutaga ekskurso tra okcidenta parto de Lodza vojevodio. \u0108i\u0109eronos El\u017cbieta P\u0119dziwiatr.<br \/>\nKomenco \u0109e la str. Zamenhofa 13 (precizan lokon ni anoncos surloke)<br \/>\n<strong>19:00<\/strong> &#8211; vespera renkonti\u011do &#8211; konfereca salono a\u016d korto de tranoktejo \u0109e la str. Zamenhofa13,<\/p>\n<p>&nbsp;<\/p>\n<p><span style=\"color: #008000;\"><strong>24.6.2022 vendredo<\/strong><\/span> (komencas labori akceptejo en kongresejo, en kiu eblas deponi valizojn la 26-an &#8211; (diman\u0109e)<br \/>\n<strong>10:00<\/strong> &#8211; Malfermo de la kongreso &#8211; \u0109ambro 221 (Kulturdomo)<br \/>\n<strong>10:15 &#8211; 11:15<\/strong> &#8211; Prelego de Ryszard Bonis\u0142awski &#8211; \u201cMultkultureco de \u0141\u00f3d\u017a\u201d<br \/>\n<strong>11:15 &#8211; 12:50<\/strong> &#8211; Prelego de Patrycja Wojtaszczyk &#8211; \u201cRenovigo de Lodzo \u2013 nuntempa kaj planata\u201d<br \/>\n<strong>12:50 &#8211; 12:00<\/strong> &#8211; Muzika pa\u016dzo<br \/>\n<strong>12:00 &#8211; 12:20<\/strong> &#8211; kafopauzo<br \/>\n<strong>12:20 &#8211; 13:10<\/strong> &#8211; Roman Dobrzy\u0144ski \u201cPri Verda Simio\u201d<br \/>\n<strong>13:10 &#8211; 13:50<\/strong> &#8211; El\u017cbieta Karczewska \u201cVasilij Jakovlevi\u0109 Jero\u015denko &#8211; Mia heroo\u201d<br \/>\n<strong>13:55<\/strong> \u2013 kuna foto de kongresanoj &#8211; \u015dtuparo anta\u016d kulturdomo<br \/>\n<strong>14:00 &#8211; 15:00<\/strong> \u2013 man\u011dopa\u016dzo &#8211; Baro \u201cBistro na Kili\u0144skiego\u201d str. Kili\u0144skiego 85<br \/>\n<strong>15:30 &#8211; 17:00<\/strong> &#8211; Promenado tra nova centro de \u0141\u00f3d\u017a.<br \/>\n<span style=\"text-decoration: underline;\"><strong>18:00 &#8211; 21:00<\/strong> &#8211; Vespera arta programo<\/span><br \/>\n<strong>18.00 &#8211; 18:30<\/strong> &#8211; koncerto de infana ensemblo \u201cTytka\u201d<br \/>\n<strong>18:30 &#8211; 19:00<\/strong> &#8211; Poezia prezenta\u0135o de Halina Kuropatnicka-Salamon.<br \/>\n<strong>19:00 &#8211; 19:30<\/strong> &#8211; Kabaredo \u201eVerda Banano\u201d (Georgo Handzlik kaj Sa\u0161a Filipovi\u0107)<br \/>\n<strong>19:30 &#8211; 19:45<\/strong> &#8211; Kafopa\u016dzo<br \/>\n<strong>19:45 &#8211; 21:00<\/strong> \u2013 Gitaraj koncertoj de Jerzy Handzlik kaj Sa\u0161a Filipovi\u0107<\/p>\n<p>&nbsp;<\/p>\n<p><span style=\"color: #008000;\"><strong>25.6.2022 sabato<\/strong><\/span><br \/>\n<strong>10:30 &#8211; 14:30<\/strong> &#8211; \u011cenerala -kunsido de PEA-membroj (raporta kaj elekta). salono 221 (Kulturdomo)<br \/>\n<strong>10:30 &#8211; 11:00<\/strong> &#8211; <span style=\"text-decoration: underline;\">por nemembroj de PEA lo\u011dantaj \u0109e str. Zamenhofa 13<\/span> &#8211; Prelego de El\u017cbieta Czarnecka<br \/>\n\u201cFilma Lodzo\u201d<br \/>\n<strong>11:00 &#8211; 13:30<\/strong> &#8211; <span style=\"text-decoration: underline;\">por \u0109iuj<\/span> &#8211; Promenado tra urbo la\u016d \u201cVojo de filma Lodzo\u201d. La promenado komenci\u011das<br \/>\nanta\u016d tranoktejo \u0109e la str Zamenhofa 13. \u0108i\u0109eronas El\u017cbieta Czarnecka.<br \/>\n<strong>14:00 &#8211; 15:00<\/strong> &#8211; Tagman\u011da pa\u016dzo &#8211; Baro \u201cBistro na Kili\u0144skiego\u201d str. Kili\u0144skiego 85.<br \/>\n<strong>14:00 &#8211; 15:45<\/strong> &#8211; tagman\u011do &#8211; unua grupo.<br \/>\n<strong>14:20 &#8211; 15:00<\/strong> &#8211; tagman\u011do &#8211; dua grupo (partoprenantoj de PEA-kunsido).<br \/>\n<strong>15:15 &#8211; 16:30<\/strong> &#8211; Promenado tra urbo (komenco \u2013 anta\u016d kulturdomo ) \u2013 EC1, stacidomo ktp).<br \/>\n<strong>16:30 &#8211; 17:00<\/strong> &#8211; Libera tempo, bufedo, libroservo, ekspozicio \u201cEsperanta\u0135oj el Ukrainio\u201d &#8211; salono 221.<br \/>\n<strong>18:00 &#8211; 18:45<\/strong> &#8211; Sankta meso (en la pola kaj Esperanto) &#8211; pre\u011dejo al Plialtigo de la Sankta Kruco<br \/>\n\u0109e la str. Sienkiewicza 38. Kuncelebranto pastro Roman Gmyrek.<br \/>\n<strong>19:00<\/strong> &#8211; koncerto \u201cAdoru\u201d. Bekfluta ensemblo \u201cMusica Perennis\u201d.<br \/>\nEsperante kantas: Ma\u0142gorzata Szyma\u0144ska, Arta gvidado: Marek Nahajowski.<\/p>\n<p>&nbsp;<\/p>\n<p><span style=\"color: #008000;\"><strong>26.6.2022 diman\u0109o<\/strong><\/span><br \/>\n<strong>10:00 &#8211; 10:30<\/strong> &#8211; Krzysztof \u015aliwi\u0144ski \u201cEnigme pri esoterismo\u201d.<br \/>\n<strong>10:30 &#8211; 10:45<\/strong> &#8211; Prezento de loko de 40-a Pola Esperanto-Kongreso en 2023.<br \/>\n<strong>10:45 &#8211; 11:45<\/strong> &#8211; Robert Kami\u0144ski \u201cNuna stato de PEA\u201d<br \/>\n<strong>11:45 &#8211; 12:00<\/strong> &#8211; kafopa\u016dzo.<br \/>\n<strong>12:00 &#8211; 12:15<\/strong> &#8211; Diskuto pri Pola Esperantisto.<br \/>\n<strong>12:30 &#8211; 12:45<\/strong> &#8211; Lotumado de premioj &#8211; senpaga abono de PE dum 2023, senpaga ali\u011dado al 40 PEK, unua ali\u011dinto ktp.<br \/>\n<strong>13:00<\/strong> &#8211; Resumo de la kongreso, fermo.<br \/>\n<strong>13:30 &#8211; 14:00<\/strong> &#8211; man\u011dopa\u016dzo,<br \/>\n<strong>14:00<\/strong> &#8211; La\u016dvola promenado tra la urbo (ebla kuna tagman\u011do) \u201cSecesia konstrustilo en \u0141\u00f3d\u017a &#8211; io agrabla por \u0109iu\u201d.<br \/>\n\u0108i\u0109eronos Zofia \u015amistek<\/p>\n<h2 style=\"font-weight: 400; text-align: center;\">&#8212;&#8212;&#8212;&#8212;&#8212;&#8212;&#8212;&#8212;&#8212;&#8212;&#8212;&#8212;&#8212;&#8212;&#8212;&#8212;&#8212;&#8212;&#8212;&#8212;&#8212;&#8212;&#8212;&#8212;&#8212;&#8212;&#8212;&#8212;&#8212;&#8212;-<\/h2>\n<p>&nbsp;<\/p>\n<p><span style=\"color: #ff0000;\">nieaktualny<\/span> Prowizoryczny program 39. Polskiego Kongresu Esperanckiego w \u0141odzi<\/p>\n<h2 style=\"font-weight: 400; text-align: center;\">w dniach 23-26.06.2022<\/h2>\n<p><strong>23.6.2022 \u0135audo<\/strong> \u2013<br \/>\n8:30 \u2013 18:00\u00a0Ca\u0142odzienna wycieczka dooko\u0142a \u0141odzi<br \/>\nKomenco \u0109e parkejo de Manufaktura \u0109e la str. Karskiego (vidalvide de la vendejo Leroy Merlin)<br \/>\n19:00 \u2013 wieczorne spotkanie &#8211; konfereca salono en tranoktejo (\u0109e la str. Legion\u00f3w 27, Tel.\u202242 630 66 80)<\/p>\n<p><strong>24.6.2022 vendredo<\/strong> \u2013<br \/>\n10:00 &#8211; otwarcie kongresu &#8211; \u0109ambro 221 (dom kultury)<br \/>\n10:15 &#8211; 11:15 &#8211; Prelekcja Ryszard Bonis\u0142awski &#8211; \u201cMultkultureco de \u0141\u00f3d\u017a\u201d<br \/>\n11:15 &#8211; 12:50 &#8211; Prelekcja Patrycja Wojtaszczyk &#8211; \u201cRenovigo de Lodzo \u2013 nuntempa kaj planata\u201d15<br \/>\n12:50 &#8211; 12:00 &#8211; Muzika pa\u016dzo<br \/>\n12:00 &#8211; 12:20 &#8211; kafopauzo<br \/>\n12:20 &#8211; 13:00 &#8211; Roman Dobrzy\u0144ski \u201cPri Verda Simio\u201d<br \/>\n13:00 &#8211; 13:50 &#8211; El\u017cbieta Karczewska \u201cVasilij Jakovlevi\u0109 Jero\u015denko &#8211; Mia hero\u201d<br \/>\n14:00 &#8211; 15:00 &#8211; przerwa obiadowa<br \/>\n15:30 &#8211; 18:00 &#8211; program popo\u0142udniowy,\u00a0 zwiedzanie miasta<br \/>\n18:00 \u2013 21:00 &#8211; vespera arta programo<br \/>\n18.00 18:30 &#8211; koncerto de infana ensemblo \u201cTytka\u201d<br \/>\n18:30-19:00 &#8211; Kabaredo \u201eVerda Banano\u201d (Georgo Handzlik kaj Sa\u0161a Filipovi\u0107)<br \/>\n19:00-19:20 &#8211; Poezia prezenta\u0135o de Halina Kuropatnicka-Salamon)<br \/>\n19:30-21:00 \u2013 Koncerto de Jerzy Handzlik kaj koncerto de Sa\u0161a Filipovi\u0107<\/p>\n<p><strong>25.6.2022 sabato<\/strong> \u2013<br \/>\n<strong>10:30 \u2013 14:30<\/strong> Walne zebranie PZE (sprawozdawcze i wyborcze). salono 221 (Kulturdomo)<br \/>\n10: 30 \u2013 por nemenbroj de PEA \u2013<br \/>\n14:00 \u2013 15:45 &#8211; tagman\u011do unua grupo.<br \/>\n14:20 \u2013 15:00 &#8211; tagman\u011do dua grupo (partoprenantoj de PEA-kunsido)<br \/>\n15:15- 16:30 Promenado tra urbo (komenco \u2013 anta\u016d kulturdomo) \u2013 EC1, stacidomo, filmaj objektoj)<br \/>\n16:30- 17:00 \u2013 libera tempo, bufedo, libroservo en salono 221.<br \/>\n18:00 \u2013 18:45 \u2013 Pola-esperantligva sankta meso \u2013 pre\u011dejo de plialtigo de la Sankta Kruco \u0109e la str.<br \/>\nSienkiewicza 38.<br \/>\n19:00- koncerto \u201cAdoru\u201d de bekfluta ensemblo \u201cMusica Perennis\u201d.<br \/>\nKantas: Ma\u0142gorzata Szyma\u0144ska<br \/>\nArta gvidado: Marek Nahajowski<\/p>\n<p><strong>26.6.2022 diman\u0109o<\/strong> &#8211;<br \/>\n10:00 \u2013 10:30\u2013 Pawe\u0142 Nowak \u201cEsperanto en Zag\u00f3rnik kaj Andrych\u00f3w\u201d<br \/>\n10:30 \u2013 10:45 \u2013 Prezento de loko de 40-a Pola Esperanto Kongreso en 2023.<br \/>\n10:45 \u2013 11:45 \u2013 Robert Kami\u0144ski \u201cNuna stato de PEA\u201d<br \/>\n11:45 \u2013 12:00 \u2013 kafopauzo.<br \/>\n12:00 \u2013 12:15 \u2013 Diskuto pri Pola Esperantisto.<br \/>\n12:30 &#8211; 12:45 lotumado de premioj \u2013 senpaga abono de PE dum 2023, senpaga ali\u011dado al 40 PEK.<br \/>\n13:00 \u2013 Resumo de kongreso, fermo.<br \/>\n13:30 \u2013 14:00 \u2013 man\u011dopa\u016dzo,<br \/>\n14:00 \u2013 La\u016dvola promenado tra la urbo (ebla kuna tagman\u011do)<\/p>\n<p style=\"font-weight: 400; text-align: center;\">\n","protected":false},"excerpt":{"rendered":"<p>Prowizoryczny program 39. Polskiego Kongresu Esperanckiego w \u0141odzi w dniach 23-26.06.2022 &nbsp; 23.6.2022 \u0135audo (la<\/p>\n","protected":false},"author":10,"featured_media":0,"parent":2095,"menu_order":2,"comment_status":"closed","ping_status":"closed","template":"","meta":{"footnotes":""},"class_list":["post-2143","page","type-page","status-publish","hentry"],"translation":{"provider":"WPGlobus","version":"3.0.1","language":"pl","enabled_languages":["eo","pl"],"languages":{"eo":{"title":true,"content":true,"excerpt":false},"pl":{"title":true,"content":true,"excerpt":false}}},"aioseo_notices":[],"_links":{"self":[{"href":"https:\/\/esperanto.pl\/pl\/wp-json\/wp\/v2\/pages\/2143","targetHints":{"allow":["GET"]}}],"collection":[{"href":"https:\/\/esperanto.pl\/pl\/wp-json\/wp\/v2\/pages"}],"about":[{"href":"https:\/\/esperanto.pl\/pl\/wp-json\/wp\/v2\/types\/page"}],"author":[{"embeddable":true,"href":"https:\/\/esperanto.pl\/pl\/wp-json\/wp\/v2\/users\/10"}],"replies":[{"embeddable":true,"href":"https:\/\/esperanto.pl\/pl\/wp-json\/wp\/v2\/comments?post=2143"}],"version-history":[{"count":2,"href":"https:\/\/esperanto.pl\/pl\/wp-json\/wp\/v2\/pages\/2143\/revisions"}],"predecessor-version":[{"id":4521,"href":"https:\/\/esperanto.pl\/pl\/wp-json\/wp\/v2\/pages\/2143\/revisions\/4521"}],"up":[{"embeddable":true,"href":"https:\/\/esperanto.pl\/pl\/wp-json\/wp\/v2\/pages\/2095"}],"wp:attachment":[{"href":"https:\/\/esperanto.pl\/pl\/wp-json\/wp\/v2\/media?parent=2143"}],"curies":[{"name":"wp","href":"https:\/\/api.w.org\/{rel}","templated":true}]}}