{"id":2145,"date":"2022-02-14T21:18:37","date_gmt":"2022-02-14T20:18:37","guid":{"rendered":"http:\/\/esperanto.pl\/?page_id=2145"},"modified":"2022-10-10T01:28:44","modified_gmt":"2022-10-10T00:28:44","slug":"kongresejo","status":"publish","type":"page","link":"https:\/\/esperanto.pl\/pl\/eventoj\/pola-esperanto-kongreso\/pek-2022\/kongresejo","title":{"rendered":"Kongresejo"},"content":{"rendered":"<p><img loading=\"lazy\" decoding=\"async\" class=\"alignnone size-medium wp-image-2146\" src=\"http:\/\/esperanto.pl\/wp-content\/uploads\/2022\/02\/a12-300x48.jpg\" alt=\"\" width=\"300\" height=\"48\" srcset=\"https:\/\/esperanto.pl\/wp-content\/uploads\/2022\/02\/a12-300x48.jpg 300w, https:\/\/esperanto.pl\/wp-content\/uploads\/2022\/02\/a12.jpg 422w\" sizes=\"auto, (max-width: 300px) 100vw, 300px\" \/><\/p>\n<p><strong>Kongresejo:<\/strong><\/p>\n<p>La \u0109ijara kongresejo estos la Kulturdomo de \u0141\u00f3d\u017a (\u0141DK) kiu estas \u0109efa Kultura Institucio de la Vojevodia Registaro, kaj trovi\u011das \u0109e la strato Traugutta 18 (apud stacidomo \u0141\u00f3d\u017a Fabryczna).<\/p>\n<p>En la kulturdomo de multaj jaroj trovi\u011das sidejo de lodza filio de PEA. Pola Esperanto-Kongreso (jam kvara organizita en \u0109i-tiu loko) okazos sur tri eta\u011doj &#8211; akceptejo \u0109ambro 102, \u0109efsalono \u0109ambro 212 &#8211; loko por \u011cenerala Kunsido de PEA-membroj \u0109ambro 313. La kulturdomo havas kelkajn liftojn, kaj ekipa\u0135on por handikapuloj (\u015dtupara lifto \u0109e enirejo).<\/p>\n<p>&nbsp;<\/p>\n<p><img loading=\"lazy\" decoding=\"async\" class=\"alignnone size-medium wp-image-2147\" src=\"http:\/\/esperanto.pl\/wp-content\/uploads\/2022\/02\/a11-300x212.jpg\" alt=\"\" width=\"300\" height=\"212\" srcset=\"https:\/\/esperanto.pl\/wp-content\/uploads\/2022\/02\/a11-300x212.jpg 300w, https:\/\/esperanto.pl\/wp-content\/uploads\/2022\/02\/a11.jpg 410w\" sizes=\"auto, (max-width: 300px) 100vw, 300px\" \/><\/p>\n","protected":false},"excerpt":{"rendered":"<p>Kongresejo: La \u0109ijara kongresejo estos la Kulturdomo de \u0141\u00f3d\u017a (\u0141DK) kiu estas \u0109efa Kultura Institucio<\/p>\n","protected":false},"author":10,"featured_media":0,"parent":2095,"menu_order":3,"comment_status":"closed","ping_status":"closed","template":"","meta":{"footnotes":""},"class_list":["post-2145","page","type-page","status-publish","hentry"],"translation":{"provider":"WPGlobus","version":"3.0.1","language":"pl","enabled_languages":["eo","pl"],"languages":{"eo":{"title":true,"content":true,"excerpt":false},"pl":{"title":false,"content":false,"excerpt":false}}},"aioseo_notices":[],"_links":{"self":[{"href":"https:\/\/esperanto.pl\/pl\/wp-json\/wp\/v2\/pages\/2145","targetHints":{"allow":["GET"]}}],"collection":[{"href":"https:\/\/esperanto.pl\/pl\/wp-json\/wp\/v2\/pages"}],"about":[{"href":"https:\/\/esperanto.pl\/pl\/wp-json\/wp\/v2\/types\/page"}],"author":[{"embeddable":true,"href":"https:\/\/esperanto.pl\/pl\/wp-json\/wp\/v2\/users\/10"}],"replies":[{"embeddable":true,"href":"https:\/\/esperanto.pl\/pl\/wp-json\/wp\/v2\/comments?post=2145"}],"version-history":[{"count":1,"href":"https:\/\/esperanto.pl\/pl\/wp-json\/wp\/v2\/pages\/2145\/revisions"}],"predecessor-version":[{"id":2937,"href":"https:\/\/esperanto.pl\/pl\/wp-json\/wp\/v2\/pages\/2145\/revisions\/2937"}],"up":[{"embeddable":true,"href":"https:\/\/esperanto.pl\/pl\/wp-json\/wp\/v2\/pages\/2095"}],"wp:attachment":[{"href":"https:\/\/esperanto.pl\/pl\/wp-json\/wp\/v2\/media?parent=2145"}],"curies":[{"name":"wp","href":"https:\/\/api.w.org\/{rel}","templated":true}]}}