{"id":2150,"date":"2022-02-14T21:22:38","date_gmt":"2022-02-14T20:22:38","guid":{"rendered":"http:\/\/esperanto.pl\/?page_id=2150"},"modified":"2022-10-10T01:29:24","modified_gmt":"2022-10-10T00:29:24","slug":"tranoktejo","status":"publish","type":"page","link":"https:\/\/esperanto.pl\/pl\/eventoj\/pola-esperanto-kongreso\/pek-2022\/tranoktejo","title":{"rendered":"Miejsce noclegu"},"content":{"rendered":"<p><strong>Tranoktejo<\/strong>:<\/p>\n<p>Lerneja Junulara Gastejo (PTSM) \u0109e la str. Zamenhofa 13.<\/p>\n<p><strong>Distanco<\/strong> inter la gastejo kaj la kongresejo 1,5 km \u2013 piede 19 minutojn, per a\u016dto 5 min.<\/p>\n<p>La Lerneja Junulara Gastejo en \u0141\u00f3d\u017a konsistas el du domoj situantaj en la centro de la urbo. Unu \u0109e la str. Zamenhofa 13 kaj dua \u0109e la str. Legion\u00f3w 27.<\/p>\n<p>La gastejo situas en dekna\u016dajarcenta lo\u011ddomo, plene renovigita. \u0108iuj \u0109ambroj en la gastejo estis renovigitaj kaj ricevis modernan aspekton.<\/p>\n<p>La plej populara kaj vigla strato Piotrkowska estas atingebla de la tranoktejo en nur 5 minutoj piede.<\/p>\n<p>La \u015dirmejo havas 49 litojn en 22 \u0109ambroj: 5 unupersonaj \u0109ambroj, 9 dupersonaj \u0109ambroj, 6 tripersonaj \u0109ambroj, 2 kvarpersonaj \u0109ambro.<\/p>\n<p>La \u0109ambroj situas sur la dua kaj tria eta\u011doj de la konstrua\u0135o kaj estas ekipitaj per lavujoj, komfortaj litoj, nokttabloj, lampoj, televidiloj, radio, vesto\u015drankoj, tabloj kaj se\u011doj. Plena sanitara instala\u0135o situas en la koridoroj kaj aldone sur la tereta\u011do.<\/p>\n<p>Gastoj havas je sia dispono: \u2022 man\u011do\u0109ambro, trejnejo por 40 personoj \u2022 plene ekipita memserva kuirejo \u2022 WiFi \u2022 turisma lavejo \u2022 stokado de paka\u0135oj, \u2022 \u011dardeno \u2022 interna parkejo por personaj a\u016dtoj kaj edukaj ludoj, dosierujoj, bro\u015duroj, gvidiloj pri \u0141\u00f3d\u017a kaj \u011dia \u0109irka\u016da\u0135o.<\/p>\n<p>Ekzistas parkejo kaj \u011dardeno kie vi povas malstre\u0109i\u011di de la tumulto de la urbo. Ene de la konstrua\u0135o, la koridoroj, akceptejo, komun\u0109ambro, kuirejo, paka\u0135\u0109ambro, sanitaraj \u0109ambroj, lavejo, hejtadejo estis renovigitaj.<\/p>\n<p><strong>Prezo<\/strong>: 55 zlotoj po nokto\/persono<\/p>\n","protected":false},"excerpt":{"rendered":"<p>Tranoktejo: Lerneja Junulara Gastejo (PTSM) \u0109e la str. Zamenhofa 13. Distanco inter la gastejo kaj<\/p>\n","protected":false},"author":10,"featured_media":0,"parent":2095,"menu_order":4,"comment_status":"closed","ping_status":"closed","template":"","meta":{"footnotes":""},"class_list":["post-2150","page","type-page","status-publish","hentry"],"translation":{"provider":"WPGlobus","version":"3.0.1","language":"pl","enabled_languages":["eo","pl"],"languages":{"eo":{"title":true,"content":true,"excerpt":false},"pl":{"title":true,"content":false,"excerpt":false}}},"aioseo_notices":[],"_links":{"self":[{"href":"https:\/\/esperanto.pl\/pl\/wp-json\/wp\/v2\/pages\/2150","targetHints":{"allow":["GET"]}}],"collection":[{"href":"https:\/\/esperanto.pl\/pl\/wp-json\/wp\/v2\/pages"}],"about":[{"href":"https:\/\/esperanto.pl\/pl\/wp-json\/wp\/v2\/types\/page"}],"author":[{"embeddable":true,"href":"https:\/\/esperanto.pl\/pl\/wp-json\/wp\/v2\/users\/10"}],"replies":[{"embeddable":true,"href":"https:\/\/esperanto.pl\/pl\/wp-json\/wp\/v2\/comments?post=2150"}],"version-history":[{"count":1,"href":"https:\/\/esperanto.pl\/pl\/wp-json\/wp\/v2\/pages\/2150\/revisions"}],"predecessor-version":[{"id":2926,"href":"https:\/\/esperanto.pl\/pl\/wp-json\/wp\/v2\/pages\/2150\/revisions\/2926"}],"up":[{"embeddable":true,"href":"https:\/\/esperanto.pl\/pl\/wp-json\/wp\/v2\/pages\/2095"}],"wp:attachment":[{"href":"https:\/\/esperanto.pl\/pl\/wp-json\/wp\/v2\/media?parent=2150"}],"curies":[{"name":"wp","href":"https:\/\/api.w.org\/{rel}","templated":true}]}}