{"id":2152,"date":"2022-02-14T21:25:13","date_gmt":"2022-02-14T20:25:13","guid":{"rendered":"http:\/\/esperanto.pl\/?page_id=2152"},"modified":"2022-10-10T01:28:51","modified_gmt":"2022-10-10T00:28:51","slug":"ekskurso","status":"publish","type":"page","link":"https:\/\/esperanto.pl\/pl\/eventoj\/pola-esperanto-kongreso\/pek-2022\/ekskurso","title":{"rendered":"Wycieczka"},"content":{"rendered":"<p><strong>Ekskurso:<\/strong> &#8222;Ligna arkitekturo kaj antikva\u0135oj de la Lodza Vojevodio&#8221; la 23.06.2022<strong> Prezo<\/strong>: 90,00 zlotoj kun tagman\u011do. <strong>Deviga anta<\/strong><strong>\u016d<\/strong><strong>pago<\/strong> \u011dis 31-a de majo.<\/p>\n<p>Ekskursgvidanto: El\u017cbieta P\u0119dziwiatr.<\/p>\n<p><strong>\u00a0<\/strong><\/p>\n<p>Skiza programo de la ekskurso<\/p>\n<p>&nbsp;<\/p>\n<p>9:00 &#8211; 9:30 &#8211; foriro el \u0141\u00f3d\u017a de anta\u016d kulturdomo<\/p>\n<p>11:00 &#8211; 12:00 &#8211; vizito de la larika palaceto de nobelulo en O\u017car\u00f3w<\/p>\n<p>12:00 &#8211; 13:00 &#8211; vizitado de historiaj lignaj pre\u011dejoj en la najbareco de O\u017car\u00f3w en vila\u011doj Kad\u0142ub, Gaszyn, Wierzbie, Gr\u0105bie\u0144<\/p>\n<p>14:00 &#8211; 14:30 &#8211; vizito en Wielu\u0144<\/p>\n<p>14:30 &#8211; 15:30 &#8211; tagman\u011da pa\u016dzo<\/p>\n<p>16:00 &#8211; vizito de Zel\u00f3w. Renkonti\u011do kun reprezentantoj de la evangelika grupo <em>de \u0109e\u0125aj fratoj<\/em> (a\u016d koncerto de \u201e<em>Zel\u00f3w-Sonoriloj<\/em>\u201d)<\/p>\n<p>18:00 &#8211; depende de la tempo ebla rigardo la minejo de bruna karbo en Be\u0142chat\u00f3w kaj vizito urbo Pabianice.<\/p>\n<p>18:30 &#8211; 19:00 &#8211; reveno al \u0141\u00f3d\u017a<\/p>\n","protected":false},"excerpt":{"rendered":"<p>Ekskurso: &#8222;Ligna arkitekturo kaj antikva\u0135oj de la Lodza Vojevodio&#8221; la 23.06.2022 Prezo: 90,00 zlotoj kun<\/p>\n","protected":false},"author":10,"featured_media":0,"parent":2095,"menu_order":5,"comment_status":"closed","ping_status":"closed","template":"","meta":{"footnotes":""},"class_list":["post-2152","page","type-page","status-publish","hentry"],"translation":{"provider":"WPGlobus","version":"3.0.1","language":"pl","enabled_languages":["eo","pl"],"languages":{"eo":{"title":true,"content":true,"excerpt":false},"pl":{"title":true,"content":false,"excerpt":false}}},"aioseo_notices":[],"_links":{"self":[{"href":"https:\/\/esperanto.pl\/pl\/wp-json\/wp\/v2\/pages\/2152","targetHints":{"allow":["GET"]}}],"collection":[{"href":"https:\/\/esperanto.pl\/pl\/wp-json\/wp\/v2\/pages"}],"about":[{"href":"https:\/\/esperanto.pl\/pl\/wp-json\/wp\/v2\/types\/page"}],"author":[{"embeddable":true,"href":"https:\/\/esperanto.pl\/pl\/wp-json\/wp\/v2\/users\/10"}],"replies":[{"embeddable":true,"href":"https:\/\/esperanto.pl\/pl\/wp-json\/wp\/v2\/comments?post=2152"}],"version-history":[{"count":1,"href":"https:\/\/esperanto.pl\/pl\/wp-json\/wp\/v2\/pages\/2152\/revisions"}],"predecessor-version":[{"id":2927,"href":"https:\/\/esperanto.pl\/pl\/wp-json\/wp\/v2\/pages\/2152\/revisions\/2927"}],"up":[{"embeddable":true,"href":"https:\/\/esperanto.pl\/pl\/wp-json\/wp\/v2\/pages\/2095"}],"wp:attachment":[{"href":"https:\/\/esperanto.pl\/pl\/wp-json\/wp\/v2\/media?parent=2152"}],"curies":[{"name":"wp","href":"https:\/\/api.w.org\/{rel}","templated":true}]}}