{"id":2257,"date":"2022-08-19T12:34:16","date_gmt":"2022-08-19T11:34:16","guid":{"rendered":"http:\/\/esperanto.pl\/?page_id=2257"},"modified":"2023-08-09T13:00:43","modified_gmt":"2023-08-09T12:00:43","slug":"intervjuoj","status":"publish","type":"page","link":"https:\/\/esperanto.pl\/pl\/lingvo\/intervjuoj","title":{"rendered":"Wywiady o esperancie"},"content":{"rendered":"<p>Polskoj\u0119zyczne wywiady:<\/p>\n<p><a href=\"https:\/\/www.rdc.pl\/podcast\/popoludnie-radia-dla-ciebie_FCt8vL79UA9lmdeTkti3?episode=OEr9fiwMgg0ws5Qf3kzU\">Popo\u0142udnie RDC: 135-lecie pierwszego podr\u0119cznika do j\u0119zyka esperanto (Tobiasz Kubisiowski)<br \/>\n<img decoding=\"async\" src=\"https:\/\/www.rdc.pl\/brepo\/panel_repo\/2022\/08\/15\/ijx991\/contain-540-768-max-2022-07-dsc-2132.webp\" \/><\/a><br \/>\nla bildo venas el la pa\u011do de RDC<\/p>\n<p><a href=\"https:\/\/www.youtube.com\/watch?v=RX7N77FTWZk\">PRZEt\u0142umacze #60\u00a0&#8211; Esperanto: j\u0119zyk globalny. Rozmowa z Ireneuszem Bobrzakiem<\/a><br \/>\n<iframe loading=\"lazy\" title=\"PRZEt\u0142umacze #60\u00a0- Esperanto: j\u0119zyk globalny. Rozmowa z Ireneuszem Bobrzakiem\" src=\"https:\/\/www.youtube.com\/embed\/RX7N77FTWZk\" width=\"560\" height=\"315\" frameborder=\"0\" allowfullscreen=\"allowfullscreen\"><span data-mce-type=\"bookmark\" style=\"display: inline-block; width: 0px; overflow: hidden; line-height: 0;\" class=\"mce_SELRES_start\">\ufeff<\/span><\/iframe><\/p>\n<p><a href=\"https:\/\/www.facebook.com\/polaesperantojunularo\/videos\/390877992833872\/\">Radio Nowy \u015awiat: 2021, m\u00f3wi Tim Owen oraz rodzina \u017bebrowskich<\/a><br \/>\n<iframe loading=\"lazy\" style=\"border: none; overflow: hidden;\" src=\"https:\/\/www.facebook.com\/plugins\/video.php?height=314&amp;href=https%3A%2F%2Fwww.facebook.com%2Fpolaesperantojunularo%2Fvideos%2F390877992833872%2F&amp;show_text=true&amp;width=560&amp;t=0\" width=\"560\" height=\"429\" frameborder=\"0\" scrolling=\"no\" allowfullscreen=\"allowfullscreen\"><\/iframe><\/p>\n<p><iframe loading=\"lazy\" width=\"560\" height=\"315\" src=\"https:\/\/www.youtube.com\/embed\/7HyMtU424nU\" title=\"YouTube video player\" frameborder=\"0\" allow=\"accelerometer; autoplay; clipboard-write; encrypted-media; gyroscope; picture-in-picture; web-share\" allowfullscreen><\/iframe><\/p>\n","protected":false},"excerpt":{"rendered":"<p>Polskoj\u0119zyczne wywiady: Popo\u0142udnie RDC: 135-lecie pierwszego podr\u0119cznika do j\u0119zyka esperanto (Tobiasz Kubisiowski) la bildo venas<\/p>\n","protected":false},"author":8,"featured_media":0,"parent":2549,"menu_order":0,"comment_status":"closed","ping_status":"closed","template":"","meta":{"footnotes":""},"class_list":["post-2257","page","type-page","status-publish","hentry"],"translation":{"provider":"WPGlobus","version":"3.0.1","language":"pl","enabled_languages":["eo","pl"],"languages":{"eo":{"title":true,"content":true,"excerpt":false},"pl":{"title":true,"content":true,"excerpt":false}}},"aioseo_notices":[],"_links":{"self":[{"href":"https:\/\/esperanto.pl\/pl\/wp-json\/wp\/v2\/pages\/2257","targetHints":{"allow":["GET"]}}],"collection":[{"href":"https:\/\/esperanto.pl\/pl\/wp-json\/wp\/v2\/pages"}],"about":[{"href":"https:\/\/esperanto.pl\/pl\/wp-json\/wp\/v2\/types\/page"}],"author":[{"embeddable":true,"href":"https:\/\/esperanto.pl\/pl\/wp-json\/wp\/v2\/users\/8"}],"replies":[{"embeddable":true,"href":"https:\/\/esperanto.pl\/pl\/wp-json\/wp\/v2\/comments?post=2257"}],"version-history":[{"count":8,"href":"https:\/\/esperanto.pl\/pl\/wp-json\/wp\/v2\/pages\/2257\/revisions"}],"predecessor-version":[{"id":4670,"href":"https:\/\/esperanto.pl\/pl\/wp-json\/wp\/v2\/pages\/2257\/revisions\/4670"}],"up":[{"embeddable":true,"href":"https:\/\/esperanto.pl\/pl\/wp-json\/wp\/v2\/pages\/2549"}],"wp:attachment":[{"href":"https:\/\/esperanto.pl\/pl\/wp-json\/wp\/v2\/media?parent=2257"}],"curies":[{"name":"wp","href":"https:\/\/api.w.org\/{rel}","templated":true}]}}