{"id":2303,"date":"2020-02-13T18:16:44","date_gmt":"2020-02-13T17:16:44","guid":{"rendered":"http:\/\/esperanto.pl\/?page_id=1550"},"modified":"2023-08-23T18:36:40","modified_gmt":"2023-08-23T17:36:40","slug":"pri-pea","status":"publish","type":"page","link":"https:\/\/esperanto.pl\/pl\/asocio\/pri-pea","title":{"rendered":"O PZE"},"content":{"rendered":"<div id=\"body_bg\">\n<div class=\"sizer0 clearfix\">\n<div id=\"body_left\">\n<div id=\"body_right\">\n<div class=\"clearfix\">\n<div id=\"middlecontainer\" class=\"pure-g\">\n<div class=\"pure-u-1 pure-u-md-19-24\">\n<div id=\"main\" role=\"main\">\n<h3 class=\"title\" style=\"text-align: center;\">Stowarzyszenie<\/h3>\n<p><a href=\"http:\/\/esperanto.pl\/wp-content\/uploads\/2017\/11\/logo.png\" rel=\"lightbox[2303]\"><img loading=\"lazy\" decoding=\"async\" class=\"size-thumbnail wp-image-142 alignleft\" src=\"http:\/\/esperanto.pl\/wp-content\/uploads\/2017\/11\/logo-150x150.png\" alt=\"\" width=\"150\" height=\"150\" \/><\/a><\/p>\n<div class=\"region region-content\">\n<div class=\"block-wrapper odd block_1\">\n<div id=\"block-system-main\" class=\"block block-system \">\n<div class=\"content\">\n<div id=\"node-24\" class=\"node node-page node-sticky odd sticky full-node node-type-page clearfix\">\n<div class=\"content clearfix\">\n<div class=\"field field-name-body field-type-text-with-summary field-label-hidden\">\n<div class=\"field-items\">\n<div class=\"field-item even\">\n<p><strong>Polski Zwi\u0105zek Esperantyst\u00f3w <\/strong>jest stowarzyszeniem zrzeszaj\u0105cym esperantyst\u00f3w w ca\u0142ym kraju. Posiada oddzia\u0142y w kilkunastu miastach.<\/p>\n<p>Celami PZE s\u0105:<\/p>\n<ol>\n<li>popularyzowanie j\u0119zyka esperanto;<\/li>\n<li>nauczanie j\u0119zyka esperanto;<\/li>\n<li>wspieranie i rozw\u00f3j kultury esperanckiej;<\/li>\n<li>szerzenie idei zbli\u017cenia mi\u0119dzy narodami za pomoc\u0105 j\u0119zyka esperanto;<\/li>\n<li>wykorzystywanie j\u0119zyka esperanto do popularyzowania polskiej kultury i historii;<\/li>\n<li>piel\u0119gnacja poczucia solidarno\u015bci mi\u0119dzy lud\u017ami, bez wzgl\u0119du na ich p\u0142e\u0107, przynale\u017cno\u015b\u0107 rasow\u0105, etniczn\u0105 lub narodow\u0105, orientacj\u0119 seksualn\u0105, wyznanie lub bezwyznaniowo\u015b\u0107, niepe\u0142nosprawno\u015b\u0107, pogl\u0105dy polityczne, status maj\u0105tkowy i pochodzenie spo\u0142eczne.<\/li>\n<\/ol>\n<div id=\"body_bg\">\n<div class=\"sizer0 clearfix\">\n<div id=\"body_left\">\n<div id=\"body_right\">\n<div class=\"clearfix\">\n<div id=\"middlecontainer\" class=\"pure-g\">\n<div class=\"pure-u-1 pure-u-md-19-24\">\n<div id=\"main\" role=\"main\">\n<div class=\"region region-content\">\n<div class=\"block-wrapper odd block_1\">\n<div id=\"block-system-main\" class=\"block block-system \">\n<div class=\"content\">\n<div id=\"node-24\" class=\"node node-page node-sticky odd sticky full-node node-type-page clearfix\">\n<div class=\"content clearfix\">\n<div class=\"field field-name-body field-type-text-with-summary field-label-hidden\">\n<div class=\"field-items\">\n<div class=\"field-item even\">\n<h3 style=\"text-align: center;\"><strong>Historia zwi\u0105zku<\/strong><\/h3>\n<div id=\"body_bg\">\n<div class=\"sizer0 clearfix\">\n<div id=\"body_left\">\n<div id=\"body_right\">\n<div class=\"clearfix\">\n<div id=\"middlecontainer\" class=\"pure-g\">\n<div class=\"pure-u-1 pure-u-md-19-24\">\n<div id=\"main\" role=\"main\">\n<div class=\"region region-content\">\n<div class=\"block-wrapper odd block_1\">\n<div id=\"block-system-main\" class=\"block block-system \">\n<div class=\"content\">\n<div id=\"node-24\" class=\"node node-page node-sticky odd sticky full-node node-type-page clearfix\">\n<div class=\"content clearfix\">\n<div class=\"field field-name-body field-type-text-with-summary field-label-hidden\">\n<div class=\"field-items\">\n<div class=\"field-item even\">\n<p>Varsovia Societo Esperantista zosta\u0142o za\u0142o\u017cone 6 grudnia 1904 roku. (I. \u015cirjaev). Organizacji przewodniczy\u0142 <a href=\"http:\/\/pl.wikipedia.org\/wiki\/Antoni_Grabowski_(chemik)\">Antoni Grabowski<\/a>. (I. \u015cirjaev) Polskie Towarzystwo Esperantyst\u00f3w dzia\u0142a\u0142o od 1907 roku. (A. Grabowski) W 1908 oficjalnie zosta\u0142a za\u0142o\u017cona organizacja jako &#8222;Pola Esperanto Societo&#8221;. (I. \u015cirjaev)<\/p>\n<p>29 kwietnia 2008 roku Polski Zwi\u0105zek Esperantyst\u00f3w zosta\u0142 wpisany do Rejestru Stowarzysze\u0144 w Krajowym Rejestrze S\u0105dowym (KRS)<\/p>\n<h2 style=\"text-align: center;\"><a href=\"https:\/\/esperanto.pl\/wp-content\/uploads\/2023\/08\/Statut-PZE-2022-tekst-jednolity.doc.pdf\"><strong>Statut (PDF 2022)<\/strong><\/a><br \/>\n<a href=\"https:\/\/esperanto.pl\/wp-content\/uploads\/2023\/08\/Statut-PZE-2022-tekst-jednolity.doc\">Statut (DOC 2022).<\/a><\/h2>\n<p><a href=\"http:\/\/esperanto.pl\/wp-content\/uploads\/2017\/12\/StatutPZE20130629.pdf\">Poprzedni Statut 2013<\/a>\u00a0(PDF)<\/p>\n<p><a href=\"http:\/\/esperanto.pl\/wp-content\/uploads\/2022\/05\/130629-Statut-PZE-29-6-2013-WORD.doc\">Poprzedni Statut 2013<\/a> (DOC)<\/p>\n<p style=\"text-align: center;\">\n<\/div>\n<\/div>\n<\/div>\n<\/div>\n<\/div>\n<\/div>\n<\/div>\n<\/div>\n<\/div>\n<\/div>\n<\/div>\n<\/div>\n<\/div>\n<\/div>\n<\/div>\n<\/div>\n<\/div>\n<\/div>\n<\/div>\n<\/div>\n<\/div>\n<\/div>\n<\/div>\n<\/div>\n<\/div>\n<\/div>\n<\/div>\n<\/div>\n<\/div>\n<\/div>\n<\/div>\n<\/div>\n<\/div>\n<\/div>\n<\/div>\n<\/div>\n<\/div>\n<\/div>\n<\/div>\n<\/div>\n<\/div>\n<\/div>\n<\/div>\n<\/div>\n<\/div>\n<\/div>\n<\/div>\n<\/div>\n<\/div>\n<\/div>\n<\/div>\n<h3 class=\"title\" style=\"text-align: center;\">Struktura<\/h3>\n<p><strong>Polski Zwi\u0105zek Esperantyst\u00f3w<\/strong> (w skr\u00f3cie PZE) jest instytucj\u0105 zrzeszaj\u0105c\u0105 setki ludzi &#8211;\u00a0 aby mo\u017cna by\u0142o zarz\u0105dza\u0107 tak du\u017c\u0105 organizacj\u0105 oraz umo\u017cliwi\u0107 realizowanie si\u0119 jej cz\u0142onk\u00f3w potrzebna jest odpowiednia struktura organizacyjna. Wewn\u0105trz PZE mo\u017cna wyr\u00f3\u017cni\u0107 dwa g\u0142\u00f3wne kryteria podzia\u0142\u00f3w tj. wg terytorium i wg zainteresowa\u0144. Do pierwszej grupy nale\u017c\u0105 oddzia\u0142y i ko\u0142a a do drugiej sekcje. Natomiast do specjalnych zada\u0144 powo\u0142ywane s\u0105 komisje.<\/p>\n<div class=\"content clearfix\">\n<div class=\"field field-name-body field-type-text-with-summary field-label-hidden\">\n<div class=\"field-items\">\n<div class=\"field-item even\">\n<p>Do zarz\u0105dzania ca\u0142o\u015bci\u0105 jest powo\u0142ywany <strong>Zarz\u0105d G\u0142\u00f3wny<\/strong>, obecnie 6 os\u00f3b: przewodnicz\u0105cy, wiceprzewodnicz\u0105cy, sekretarz, skarbnik i 2 cz\u0142onk\u00f3w zwyk\u0142ych, kt\u00f3ry reprezentuje ca\u0142\u0105 organizacj\u0119 oraz zarz\u0105dza jej mieniem. Kontrol\u0119 nad dzia\u0142alno\u015bci\u0105 Zarz\u0105du G\u0142\u00f3wnego sprawuje <strong>G\u0142\u00f3wna Komisja Rewizyjna<\/strong> (3 osoby).<\/p>\n<p><strong>Oddzia\u0142<\/strong> &#8211; jest to jednostka terenowa PZE, w kt\u00f3rej zrzeszeni s\u0105 cz\u0142onkowie z danej cz\u0119\u015bci kraju. Posiada zarz\u0105d (3 osoby) oraz komisj\u0119 rewizyjn\u0105 (3 osoby). Do oddzia\u0142u musi nale\u017ce\u0107 minimum 7 cz\u0142onk\u00f3w.<\/p>\n<p><strong>Sekcja<\/strong> &#8211; jest to jednostka tematyczna, zrzeszaj\u0105ca cz\u0142onk\u00f3w z r\u00f3\u017cnych oddzia\u0142\u00f3w zainteresowanych danym tematem lub ch\u0119ci\u0105 dzia\u0142ania na wsp\u00f3lnym polu. Przyk\u0142adem sekcji jest Polska M\u0142odzie\u017c Esperancka, kt\u00f3ra zrzesza wszystkich m\u0142odych ludzi nale\u017c\u0105cych do PZE.<\/p>\n<p>KRS: 0000304588<\/p>\n<p>NIP: 526-105-56-75<\/p>\n<\/div>\n<p><b>Numery kont bankowych (Volksvagen Bank):<\/b><\/p>\n<p><span style=\"font-weight: 400;\">64 2130 0004 2001 0558 6110 0001 &#8211; Konto g\u0142\u00f3wne <\/span><span style=\"font-weight: 400;\"><br \/>\n<\/span><span style=\"font-weight: 400;\">37 2130 0004 2001 0558 6110 0002 &#8211; Pola Esperantisto<\/span><span style=\"font-weight: 400;\"><br \/>\n<\/span><span style=\"font-weight: 400;\">80 2130 0004 2001 0558 6110 0004 &#8211; oddzia\u0142 Warszawski<\/span><span style=\"font-weight: 400;\"><br \/>\n<\/span><span style=\"font-weight: 400;\">53 2130 0004 2001 0558 6110 0005 &#8211; La Ondo de Esperanto &#8211; op\u0142aty za abonament<\/span><span style=\"font-weight: 400;\"><br \/>\n<\/span><span style=\"font-weight: 400;\">90 2130 0004 2001 0558 6110 0018 &#8211; Pola Esperanto-Kongreso<\/span><\/p>\n<\/div>\n<\/div>\n<\/div>\n","protected":false},"excerpt":{"rendered":"<p>Stowarzyszenie Polski Zwi\u0105zek Esperantyst\u00f3w jest stowarzyszeniem zrzeszaj\u0105cym esperantyst\u00f3w w ca\u0142ym kraju. Posiada oddzia\u0142y w kilkunastu<\/p>\n","protected":false},"author":8,"featured_media":0,"parent":2557,"menu_order":1,"comment_status":"closed","ping_status":"closed","template":"","meta":{"footnotes":""},"class_list":["post-2303","page","type-page","status-publish","hentry"],"translation":{"provider":"WPGlobus","version":"3.0.1","language":"pl","enabled_languages":["eo","pl"],"languages":{"eo":{"title":true,"content":true,"excerpt":false},"pl":{"title":true,"content":true,"excerpt":false}}},"aioseo_notices":[],"_links":{"self":[{"href":"https:\/\/esperanto.pl\/pl\/wp-json\/wp\/v2\/pages\/2303","targetHints":{"allow":["GET"]}}],"collection":[{"href":"https:\/\/esperanto.pl\/pl\/wp-json\/wp\/v2\/pages"}],"about":[{"href":"https:\/\/esperanto.pl\/pl\/wp-json\/wp\/v2\/types\/page"}],"author":[{"embeddable":true,"href":"https:\/\/esperanto.pl\/pl\/wp-json\/wp\/v2\/users\/8"}],"replies":[{"embeddable":true,"href":"https:\/\/esperanto.pl\/pl\/wp-json\/wp\/v2\/comments?post=2303"}],"version-history":[{"count":7,"href":"https:\/\/esperanto.pl\/pl\/wp-json\/wp\/v2\/pages\/2303\/revisions"}],"predecessor-version":[{"id":4864,"href":"https:\/\/esperanto.pl\/pl\/wp-json\/wp\/v2\/pages\/2303\/revisions\/4864"}],"up":[{"embeddable":true,"href":"https:\/\/esperanto.pl\/pl\/wp-json\/wp\/v2\/pages\/2557"}],"wp:attachment":[{"href":"https:\/\/esperanto.pl\/pl\/wp-json\/wp\/v2\/media?parent=2303"}],"curies":[{"name":"wp","href":"https:\/\/api.w.org\/{rel}","templated":true}]}}