{"id":239,"date":"2017-11-07T22:55:20","date_gmt":"2017-11-07T21:55:20","guid":{"rendered":"http:\/\/esperanto.pl\/?page_id=239"},"modified":"2022-10-10T00:33:39","modified_gmt":"2022-10-09T23:33:39","slug":"filio-gliwice","status":"publish","type":"page","link":"https:\/\/esperanto.pl\/pl\/lokoj\/filioj\/filio-gliwice","title":{"rendered":"Oddzia\u0142 w Gliwicach"},"content":{"rendered":"<div id=\"body_bg\">\n<div class=\"sizer0 clearfix\">\n<div id=\"body_left\">\n<div id=\"body_right\">\n<div class=\"clearfix\">\n<div id=\"middlecontainer\" class=\"pure-g\">\n<div class=\"pure-u-1 pure-u-md-19-24\">\n<div id=\"main\" role=\"main\">\n<div class=\"region region-content\">\n<div class=\"block-wrapper odd block_1\">\n<div id=\"block-system-main\" class=\"block block-system \">\n<div class=\"content\">\n<div id=\"node-93\" class=\"node node-pea-filio odd full-node node-type-pea_filio clearfix\">\n<div class=\"content clearfix\">\n<div class=\"field field-name-field-adreso-k-pozicio field-type-location field-label-above\">\n<div class=\"field-items\">\n<div class=\"field-item even\">\n<div class=\"location vcard\">\n<div class=\"adr\">\n<div id=\"body_bg\">\n<div class=\"sizer0 clearfix\">\n<div id=\"body_left\">\n<div id=\"body_right\">\n<div class=\"clearfix\">\n<div id=\"middlecontainer\" class=\"pure-g\">\n<div class=\"pure-u-1 pure-u-md-19-24\">\n<div id=\"main\" role=\"main\">\n<div class=\"region region-content\">\n<div class=\"block-wrapper odd block_1\">\n<div id=\"block-system-main\" class=\"block block-system \">\n<div class=\"content\">\n<div id=\"node-93\" class=\"node node-pea-filio odd full-node node-type-pea_filio clearfix\">\n<div class=\"content clearfix\">\n<div class=\"field field-name-field-adreso-k-pozicio field-type-location field-label-above\">\n<div class=\"field-items\">\n<div class=\"field-item even\">\n<div class=\"location vcard\">\n<div id=\"body_bg\">\n<div class=\"sizer0 clearfix\">\n<div id=\"body_left\">\n<div id=\"body_right\">\n<div class=\"clearfix\">\n<div id=\"middlecontainer\" class=\"pure-g\">\n<div class=\"pure-u-1 pure-u-md-19-24\">\n<div id=\"main\" role=\"main\">\n<div class=\"region region-content\">\n<div class=\"block-wrapper odd block_1\">\n<div id=\"block-system-main\" class=\"block block-system \">\n<div class=\"content\">\n<div id=\"node-93\" class=\"node node-pea-filio odd full-node node-type-pea_filio clearfix\">\n<div class=\"content clearfix\">\n<div class=\"field field-name-field-retposxtadreso field-type-email field-label-inline clearfix\">\n<div id=\"body_bg\">\n<div class=\"sizer0 clearfix\">\n<div id=\"body_left\">\n<div id=\"body_right\">\n<div class=\"clearfix\">\n<div id=\"middlecontainer\" class=\"pure-g\">\n<div class=\"pure-u-1 pure-u-md-19-24\">\n<div id=\"main\" role=\"main\">\n<div class=\"region region-content\">\n<div class=\"block-wrapper odd block_1\">\n<div id=\"block-system-main\" class=\"block block-system \">\n<div class=\"content\">\n<div id=\"node-93\" class=\"node node-pea-filio odd full-node node-type-pea_filio clearfix\">\n<div>\n<p><strong>Siedziba:<\/strong><\/p>\n<p>Zwyci\u0119stwa 1\u00a0\u00a0\u00a0 (w lokalu\u00a0 Gliwickiego Centrum Organizacji Pozarz\u0105dowych)<\/p>\n<p>44-100 Gliwice<\/p>\n<p><strong>Strona internetowa: <\/strong><a href=\"http:\/\/www.esperanto.cba.pl\">www.esperanto.cba.pl<\/a><\/p>\n<p><strong>Facebook: www.facebook.com\/esperantogliwice\/<\/strong><\/p>\n<p><strong>Kontakty:<\/strong><\/p>\n<p>Telefon: +48-664-171-168<\/p>\n<p><strong>Adres internetowy:<\/strong> <a href=\"mailto:rk-lodzo@poczta.wp.pl\">esperanto_gliwice@o2.pl<\/a><\/p>\n<p><strong>Spotkania:<\/strong><\/p>\n<p><strong>\u015broda<\/strong><br \/>\n16:00-17:00\u00a0 \u2013 Kurs<\/p>\n<p>17:00 \u2013 Spotkanie klubowe \u2013 dy\u017curuj\u0105 cz\u0142onkowie Oddzia\u0142u.<\/p>\n<p><strong>Uwagi:<\/strong><\/p>\n<p><strong>Oddzia\u0142 organizuje mi\u0119dzy innymi:<\/strong><\/p>\n<p>1) W ka\u017cd\u0105 ostatni\u0105 sobot\u0119 stycznia op\u0142atek (patrz strony Oddzia\u0142u)<\/p>\n<p>2) Ba\u0142tyck\u0105 wiosn\u0119 w Mielnie w czerwcu (patrz strony Oddzia\u0142u albo na kalendarz imprez)<\/p>\n<p>3) Gliwick\u0105 Randk\u0119 U\u017cytkownik\u00f3w i Praktyk\u00f3w Esperanta &#8211; GRUPE w listopadzie (patrz strony Oddzia\u0142u albo na kalendarz imprez)<\/p>\n<p>&nbsp;<\/p>\n<p>&nbsp;<\/p>\n<\/div>\n<\/div>\n<\/div>\n<\/div>\n<\/div>\n<\/div>\n<\/div>\n<\/div>\n<\/div>\n<\/div>\n<\/div>\n<\/div>\n<\/div>\n<\/div>\n<\/div>\n<\/div>\n<\/div>\n<\/div>\n<\/div>\n<\/div>\n<\/div>\n<\/div>\n<\/div>\n<\/div>\n<\/div>\n<\/div>\n<\/div>\n<\/div>\n<\/div>\n<\/div>\n<\/div>\n<\/div>\n<\/div>\n<\/div>\n<\/div>\n<\/div>\n<\/div>\n<\/div>\n<\/div>\n<\/div>\n<\/div>\n<\/div>\n<\/div>\n<\/div>\n<\/div>\n<\/div>\n<\/div>\n<\/div>\n<\/div>\n<\/div>\n<\/div>\n<\/div>\n<\/div>\n<\/div>\n<\/div>\n<\/div>\n<\/div>\n<\/div>\n<\/div>\n<\/div>\n<\/div>\n<\/div>\n<\/div>\n<\/div>\n<\/div>\n<\/div>\n","protected":false},"excerpt":{"rendered":"<p>Siedziba: Zwyci\u0119stwa 1\u00a0\u00a0\u00a0 (w lokalu\u00a0 Gliwickiego Centrum Organizacji Pozarz\u0105dowych) 44-100 Gliwice Strona internetowa: www.esperanto.cba.pl Facebook:<\/p>\n","protected":false},"author":8,"featured_media":0,"parent":1513,"menu_order":6,"comment_status":"closed","ping_status":"closed","template":"","meta":{"footnotes":""},"class_list":["post-239","page","type-page","status-publish","hentry"],"translation":{"provider":"WPGlobus","version":"3.0.1","language":"pl","enabled_languages":["eo","pl"],"languages":{"eo":{"title":true,"content":true,"excerpt":false},"pl":{"title":true,"content":true,"excerpt":false}}},"aioseo_notices":[],"_links":{"self":[{"href":"https:\/\/esperanto.pl\/pl\/wp-json\/wp\/v2\/pages\/239","targetHints":{"allow":["GET"]}}],"collection":[{"href":"https:\/\/esperanto.pl\/pl\/wp-json\/wp\/v2\/pages"}],"about":[{"href":"https:\/\/esperanto.pl\/pl\/wp-json\/wp\/v2\/types\/page"}],"author":[{"embeddable":true,"href":"https:\/\/esperanto.pl\/pl\/wp-json\/wp\/v2\/users\/8"}],"replies":[{"embeddable":true,"href":"https:\/\/esperanto.pl\/pl\/wp-json\/wp\/v2\/comments?post=239"}],"version-history":[{"count":2,"href":"https:\/\/esperanto.pl\/pl\/wp-json\/wp\/v2\/pages\/239\/revisions"}],"predecessor-version":[{"id":3691,"href":"https:\/\/esperanto.pl\/pl\/wp-json\/wp\/v2\/pages\/239\/revisions\/3691"}],"up":[{"embeddable":true,"href":"https:\/\/esperanto.pl\/pl\/wp-json\/wp\/v2\/pages\/1513"}],"wp:attachment":[{"href":"https:\/\/esperanto.pl\/pl\/wp-json\/wp\/v2\/media?parent=239"}],"curies":[{"name":"wp","href":"https:\/\/api.w.org\/{rel}","templated":true}]}}