{"id":2596,"date":"2022-10-05T23:02:40","date_gmt":"2022-10-05T22:02:40","guid":{"rendered":"http:\/\/esperanto.pl\/?page_id=2596"},"modified":"2024-04-30T23:27:32","modified_gmt":"2024-04-30T22:27:32","slug":"kontakto","status":"publish","type":"page","link":"https:\/\/esperanto.pl\/pl\/kontakto","title":{"rendered":"Kontakt"},"content":{"rendered":"<p>&nbsp;<\/p>\r\n\r\n<p>Zarz\u0105d G\u0142\u00f3wny PZE<br \/>adres do korespondencji: ul. M. Kopernika 36\/40,<\/p>\r\n\r\n\r\n\r\n<p>00-924 Warszawa<br \/>tel.: +48 720 912 520<br \/><a href=\"mailto:pea@esperanto.pl\">pea@esperanto.pl<\/a><br \/><a href=\"https:\/\/eo.wikipedia.org\/wiki\/Pola_Esperanto-Asocio\">Vikipedio<\/a><\/p>\r\n\r\n<p>&nbsp;<\/p>","protected":false},"excerpt":{"rendered":"<p>&nbsp; Zarz\u0105d G\u0142\u00f3wny PZEadres do korespondencji: ul. M. Kopernika 36\/40, 00-924 Warszawatel.: +48 720 912<\/p>\n","protected":false},"author":8,"featured_media":0,"parent":0,"menu_order":0,"comment_status":"closed","ping_status":"closed","template":"","meta":{"footnotes":""},"class_list":["post-2596","page","type-page","status-publish","hentry"],"translation":{"provider":"WPGlobus","version":"3.0.1","language":"pl","enabled_languages":["eo","pl"],"languages":{"eo":{"title":true,"content":true,"excerpt":false},"pl":{"title":true,"content":true,"excerpt":false}}},"aioseo_notices":[],"_links":{"self":[{"href":"https:\/\/esperanto.pl\/pl\/wp-json\/wp\/v2\/pages\/2596","targetHints":{"allow":["GET"]}}],"collection":[{"href":"https:\/\/esperanto.pl\/pl\/wp-json\/wp\/v2\/pages"}],"about":[{"href":"https:\/\/esperanto.pl\/pl\/wp-json\/wp\/v2\/types\/page"}],"author":[{"embeddable":true,"href":"https:\/\/esperanto.pl\/pl\/wp-json\/wp\/v2\/users\/8"}],"replies":[{"embeddable":true,"href":"https:\/\/esperanto.pl\/pl\/wp-json\/wp\/v2\/comments?post=2596"}],"version-history":[{"count":16,"href":"https:\/\/esperanto.pl\/pl\/wp-json\/wp\/v2\/pages\/2596\/revisions"}],"predecessor-version":[{"id":3763,"href":"https:\/\/esperanto.pl\/pl\/wp-json\/wp\/v2\/pages\/2596\/revisions\/3763"}],"wp:attachment":[{"href":"https:\/\/esperanto.pl\/pl\/wp-json\/wp\/v2\/media?parent=2596"}],"curies":[{"name":"wp","href":"https:\/\/api.w.org\/{rel}","templated":true}]}}