{"id":2745,"date":"2022-10-09T20:52:52","date_gmt":"2022-10-09T19:52:52","guid":{"rendered":"https:\/\/esperanto.pl\/?page_id=2745"},"modified":"2024-04-10T15:46:23","modified_gmt":"2024-04-10T14:46:23","slug":"eblojn-lerni","status":"publish","type":"page","link":"https:\/\/esperanto.pl\/pl\/lingvo\/eblojn-lerni","title":{"rendered":"Mo\u017cliwo\u015bci nauki esperanta"},"content":{"rendered":"<p><strong><br \/>\nPoni\u017cej przedstawiamy informacje<\/strong>, kt\u00f3re u\u0142atwi\u0105 ci rozpocz\u0119cie przygody z esperantem. Logiczne zasady i przejrzy\u015bcie z\u0142o\u017cona gramatyka czyni esperanto przyjaznym, intuicyjnym i \u0142atwym do nauki. S\u0142owotw\u00f3rstwo oparte o istniej\u0105ce ju\u017c wyrazy dodatkowo sprzyja szybkiemu zapami\u0119taniu s\u0142\u00f3w. <em>Universitato, astronomo, telefono, literaturo, poezio, prozo, muziko, teatro<\/em> to przyk\u0142ady nie wymagaj\u0105ce t\u0142umaczenia. Znajomo\u015b\u0107 innych j\u0119zyk\u00f3w dodatkowo pomaga w poznaniu esperanta. Pomagaj\u0105 te\u017c i znaj\u0105cy ten j\u0119zyk, spo\u0142eczno\u015b\u0107 otwarta na nowe osoby, ch\u0119tna do nawi\u0105zania kontakt\u00f3w. Wyra\u017camy nadziej\u0119, i\u017c &#8211; jak twierdzi\u0142 Lew To\u0142stoj &#8211; <em>ka\u017cda minuta zainwestowana w nauk\u0119 tego j\u0119zyka odwdzi\u0119czy ci si\u0119 stukrotnie<\/em>.<\/p>\n<p>1. <strong>Nauka w spo\u0142eczno\u015bci esperanckiej.<\/strong><\/p>\n<p>Je\u015bli preferujesz spotkania na \u017cywo z u\u017cytkownikami j\u0119zyka zajrzyj do zak\u0142adki z\u00a0<a style=\"color: blue; background-color: #ffffa0;\" href=\"https:\/\/esperanto.pl\/pl\/lokoj\/esperantistaj-organizoj\">map\u0105 oddzia\u0142\u00f3w i wybranych organizacji<\/a>. Nie wahaj si\u0119 skontaktowa\u0107 z kim\u015b w pobli\u017cu, aby r\u00f3wnie\u017c tak rozpocz\u0105\u0107 swoj\u0105 przygod\u0119. Istnieje aplikacja <a style=\"color: blue; background-color: #ffffa0;\" href=\"https:\/\/amikumu.com\/pl\/\">Amikumu<\/a> wyszukuj\u0105ca zarejestrowane w niej, a znajduj\u0105ce si\u0119 w pobli\u017cu osoby m\u00f3wi\u0105ce w esperanto, Regularnie odbywaj\u0105 si\u0119 r\u00f3wnie\u017c kursy j\u0119zykowe, np. <a style=\"color: blue; background-color: #ffffa0;\" href=\"https:\/\/ses.ikso.net\/\">Letnia Szko\u0142a Esperanta<\/a>.<\/p>\n<p><img loading=\"lazy\" decoding=\"async\" class=\"size-full wp-image-4139 aligncenter\" src=\"https:\/\/esperanto.pl\/wp-content\/uploads\/2023\/02\/331061419_911949283383490_134010317359556382_n.jpg\" alt=\"\" width=\"400\" height=\"205\" srcset=\"https:\/\/esperanto.pl\/wp-content\/uploads\/2023\/02\/331061419_911949283383490_134010317359556382_n.jpg 400w, https:\/\/esperanto.pl\/wp-content\/uploads\/2023\/02\/331061419_911949283383490_134010317359556382_n-300x154.jpg 300w\" sizes=\"auto, (max-width: 400px) 100vw, 400px\" \/><\/p>\n<p>2. <strong>Studia, nauczyciele, egzaminy.<\/strong><\/p>\n<p>Bardziej zaawansowane osoby mog\u0105 skorzysta\u0107 z oferty studi\u00f3w <a style=\"color: blue; background-color: #ffffa0;\" href=\"https:\/\/interl.amu.edu.pl\/interlingvistiko\/studojpl.html\">interlingwistyki w Poznaniu<\/a> lub skorzysta\u0107 z wyszukiwarki nauczycieli i kurs\u00f3w na stronie <a style=\"color: blue; background-color: #ffffa0;\" href=\"https:\/\/edukado.net\/kursejo?montrirezulton=1&amp;dat[malaktuala]=0&amp;dat[lando]=PL&amp;dat[urbo]=&amp;dat[nomo]=&amp;dat[gvidantonomo]=&amp;dat[lingvo]=-1&amp;dat[kursotipo]=-1&amp;dat[kursnivelo]=-1&amp;dat[lernejotipo]=-1&amp;dat[universitatotipo]=-1&amp;dat[lernilo]=&amp;dat[kvalifikita]=-1&amp;dat[vojaghpreto]=-1&amp;dat[prelegtemoj]=&amp;dat[komenco][tago]=&amp;dat[komenco][monato]=&amp;dat[komenco][jaro]=&amp;dat[fino][tago]=0&amp;dat[fino][monato]=0&amp;dat[fino][jaro]=0&amp;sendi=%20Ser%C4%89i%20&amp;p=1\">edukado.net<\/a>. Na tej stronie mo\u017cna znale\u017a\u0107 r\u00f3wnie\u017c informacje o oficjalnych egzaminach na poziomie B1, B2, C1, C2 w skali ESOKJ (CEFR \/ KER), kt\u00f3re r\u00f3wnie\u017c odbywaj\u0105 si\u0119 online (szczeg\u00f3\u0142y i cennik po klikni\u0119ciu w <a style=\"color: blue; background-color: #ffffa0;\" href=\"https:\/\/edukado.net\/ekzamenoj\/ker\">ten link<\/a>).<br \/>\n<strong><br \/>\n<\/strong>3. <strong>Narz\u0119dzia w sieci.<\/strong><\/p>\n<p>Osoby, kt\u00f3re ucz\u0105 si\u0119 wzrokowo mog\u0105 skorzysta\u0107 z r\u00f3\u017cnorodnych narz\u0119dzi, np. <a style=\"color: blue; background-color: #ffffa0;\" href=\"https:\/\/babadum.com\/play\/?lang=24&amp;game=1\">Babadum<\/a>, na kt\u00f3rej to stronie jest napisane i wypowiedziane s\u0142owo, a zadaniem jest wybra\u0107 w\u0142a\u015bciwy obraz definiuj\u0105cy je. Podobnie funkcjonuje system fiszek Anki, oraz platforma <a style=\"color: blue; background-color: #ffffa0;\" href=\"https:\/\/app.memrise.com\/pl\/courses\/polish\/esperanto\/\">Memrise<\/a>, na kt\u00f3rej u\u017cytkownicy j\u0119zyka samodzielnie przygotowali kursy nauki s\u0142ownictwa. To oczywi\u015bcie nie wszystkie platformy. Interesuj\u0105ca jest tak\u017ce aplikacja <a style=\"color: blue; background-color: #ffffa0;\" href=\"https:\/\/languagedrops.com\/language\/learn-esperanto\">Drops<\/a>, czy cho\u0107by wieloj\u0119zyczny s\u0142ownik esperanta na telefon <a style=\"color: blue; background-color: #ffffa0;\" href=\"https:\/\/play.google.com\/store\/apps\/details?id=uk.co.busydoingnothing.prevo&amp;hl=en_US&amp;gl=US\">PReVo<\/a>. Bardziej zaawansowani mog\u0105 skorzysta\u0107 ze <a style=\"color: blue; background-color: #ffffa0;\" href=\"https:\/\/vortaro.net\/\">s\u0142ownika jednoj\u0119zycznego (PIV)<\/a>. Warto wiedzie\u0107 r\u00f3wnie\u017c, \u017ce <a style=\"color: blue; background-color: #ffffa0;\" href=\"https:\/\/translate.google.pl\/?hl=pl&amp;sl=pl&amp;tl=eo&amp;op=translate\">T\u0142umacz Google<\/a> ca\u0142kiem dobrze daje sobie rad\u0119 z t\u0142umaczeniem na i z j\u0119zyka esperanto.<\/p>\n<p><img loading=\"lazy\" decoding=\"async\" class=\"alignnone size-full wp-image-4307\" src=\"https:\/\/esperanto.pl\/wp-content\/uploads\/2023\/03\/132791_10150116052313708_607147_o.jpg\" alt=\"\" width=\"1024\" height=\"576\" srcset=\"https:\/\/esperanto.pl\/wp-content\/uploads\/2023\/03\/132791_10150116052313708_607147_o.jpg 1024w, https:\/\/esperanto.pl\/wp-content\/uploads\/2023\/03\/132791_10150116052313708_607147_o-300x169.jpg 300w, https:\/\/esperanto.pl\/wp-content\/uploads\/2023\/03\/132791_10150116052313708_607147_o-768x432.jpg 768w\" sizes=\"auto, (max-width: 1024px) 100vw, 1024px\" \/><\/p>\n<p>4. <strong>Kompleksowe kursy w sieci.<\/strong><\/p>\n<p>W\u015br\u00f3d wielu propozycji wyr\u00f3\u017cnia si\u0119 kurs esperanta na\u00a0<a style=\"color: blue; background-color: #ffffa0;\" href=\"https:\/\/www.duolingo.com\/guidebook\/eo\/1\">Duolingo z u\u017cyciem angielskiego<\/a> jako bazowego. Warto r\u00f3wnie\u017c odwiedzi\u0107 wieloj\u0119zyczn\u0105 stron\u0119 do nauki j\u0119zyka esperanto <a style=\"color: blue; background-color: #ffffa0;\" href=\"https:\/\/lernu.net\/\">lernu.net<\/a>, kt\u00f3ra zawiera tak\u017ce opis gramatyki, mediatek\u0119 oraz s\u0142ownik. Je\u015bli jednak preferujesz nauk\u0119 bez logowania si\u0119 \u2013 odwied\u017a <a style=\"color: blue; background-color: #ffffa0;\" href=\"https:\/\/eduinf.waw.pl\/esp\/lern\/pnje\/index.php\">kurs prof. Mieczys\u0142awa Sygnarskiego<\/a>. Zawiera on interaktywne \u0107wiczenia i zosta\u0142 on ulepszony przez osob\u0119 go digitalizuj\u0105c\u0105. Ciekawa jest r\u00f3wnie\u017c strona z programem <a style=\"color: blue; background-color: #ffffa0;\" href=\"http:\/\/www.kurso.com.br\/index.php?pl\">Kurso de Esperanto<\/a>, a entuzja\u015bci mog\u0105 odnale\u017a\u0107 jeszcze p\u0142yt\u0119 CD z kursem za\u0142\u0105czonym do Gazety Wyborczej w 2008 roku. Pewn\u0105 ilo\u015b\u0107 takich p\u0142yt posiada jeszcze Oddzia\u0142 Warszawski Polskiego Zwi\u0105zku Esperantyst\u00f3w.<\/p>\n<p>5. <strong>Audycje, radia, filmy.<\/strong><\/p>\n<p>S\u0142uchowcy mog\u0105 si\u0119 zmierzy\u0107 z j\u0119zykiem &#8222;na \u017cywo&#8221;, w prowadzonych przez esperantyst\u00f3w podkastach, takich jak np. <a style=\"color: blue; background-color: #ffffa0;\" href=\"https:\/\/www.podkasto.net\/\">Varsovia Vento<\/a>, w kt\u00f3rych us\u0142ysze\u0107 mo\u017cna rozmowy, wywiady, k\u0105ciki literackie oraz muzyk\u0119, tak\u017ce tworzon\u0105 w obecnym czasie. Nadawane s\u0105 wci\u0105\u017c programy b\u0119d\u0105ce kontynuacj\u0105 dawnych audycji Polskiego Radia, <a style=\"color: blue; background-color: #ffffa0;\" href=\"https:\/\/pola-retradio.org\/\">Pola Retradio<\/a>, rozpoczynaj\u0105ce si\u0119 s\u0142owami \u201e<em>Parolas Varsovio, la naski\u011durbo de Esperanto<\/em> &#8211; M\u00f3wi Warszawa, miasto narodzin esperanta\u201d. Wyszukuj\u0105c za\u015b na <a style=\"color: blue; background-color: #ffffa0;\" href=\"https:\/\/www.youtube.com\/results?search_query=esperanto\">YouTube<\/a> frazy 'esperanto&#8217; odnajdziesz wiele tre\u015bci, filmik\u00f3w, wyst\u0105pie\u0144 na TEDx (<a style=\"color: blue; background-color: #ffffa0;\" href=\"https:\/\/www.youtube.com\/watch?v=8gSAkUOElsg\">Trampolina do j\u0119zyk\u00f3w<\/a>, <a style=\"color: blue; background-color: #ffffa0;\" href=\"https:\/\/www.youtube.com\/watch?v=MRcm6mGCzZY\">The least foreign language<\/a>), vlog\u00f3w, kurs\u00f3w, piosenek i <a style=\"color: blue; background-color: #ffffa0;\" href=\"https:\/\/www.youtube.com\/watch?v=RSwPE3wtTe8\">nie tylko<\/a>.<\/p>\n<p><img loading=\"lazy\" decoding=\"async\" class=\"alignnone size-full wp-image-4309\" src=\"https:\/\/esperanto.pl\/wp-content\/uploads\/2023\/03\/29133494_10156314577738708_7201634895158837248_n.jpg\" alt=\"\" width=\"1920\" height=\"1080\" srcset=\"https:\/\/esperanto.pl\/wp-content\/uploads\/2023\/03\/29133494_10156314577738708_7201634895158837248_n.jpg 1920w, https:\/\/esperanto.pl\/wp-content\/uploads\/2023\/03\/29133494_10156314577738708_7201634895158837248_n-300x169.jpg 300w, https:\/\/esperanto.pl\/wp-content\/uploads\/2023\/03\/29133494_10156314577738708_7201634895158837248_n-1024x576.jpg 1024w, https:\/\/esperanto.pl\/wp-content\/uploads\/2023\/03\/29133494_10156314577738708_7201634895158837248_n-768x432.jpg 768w, https:\/\/esperanto.pl\/wp-content\/uploads\/2023\/03\/29133494_10156314577738708_7201634895158837248_n-1536x864.jpg 1536w\" sizes=\"auto, (max-width: 1920px) 100vw, 1920px\" \/><\/p>\n<p>6. <strong>Ksi\u0105\u017cki.<\/strong><\/p>\n<p>W obecnym czasie niekoniecznie trzeba zajrze\u0107 do biblioteki*, aby m\u00f3c odnale\u017a\u0107 w\u0142a\u015bciw\u0105 ksi\u0105\u017ck\u0119. Empik w swojej ofercie ma pozycj\u0119 <a style=\"color: blue; background-color: #ffffa0;\" href=\"https:\/\/www.empik.com\/doktor-esperanto-i-jezyk-nadziei-rockliff-mara,p1252039581,ksiazka-p\">Doktor Esperanto i j\u0119zyk nadziei<\/a> skierowan\u0105 do najm\u0142odszych, wydan\u0105 przez Mamania, kt\u00f3ra przybli\u017ca realia, w kt\u00f3rych wychowa\u0142 si\u0119 m\u0142ody Ludwik. Zupe\u0142nie pocz\u0105tkuj\u0105cy w j\u0119zyku mog\u0105 skorzysta\u0107 np. z <a style=\"color: blue; background-color: #ffffa0;\" href=\"https:\/\/sites.google.com\/site\/deklecionoj\/strona-tytu%C5%82owa?authuser=0\">Esperanto en dek lecionoj<\/a> &#8211; Esperanta w 10 lekcjach, bezp\u0142atnego podr\u0119cznika, kt\u00f3rego wersj\u0119 elektroniczn\u0105 autor, wydawca pism informatycznych, umie\u015bci\u0142 na swojej stronie. Inn\u0105 z ksi\u0105\u017cek jest <a style=\"color: blue; background-color: #ffffa0;\" href=\"https:\/\/katalogo.uea.org\/index.php?inf=8616\">Esperanto metod\u0105 bezpo\u015bredni\u0105<\/a>. Mo\u017cna te\u017c zaopatrzy\u0107 si\u0119 w ksi\u0105\u017ceczk\u0119 <a style=\"color: blue; background-color: #ffffa0;\" href=\"https:\/\/edukado.net\/prie\/sinprezento\/poshamiko\">Po\u015damiko<\/a> b\u0119d\u0105c\u0105 podr\u0119cznym s\u0142ownikiem obrazkowym. Osoby przygotowuj\u0105ce si\u0119 do egzaminu B2 mog\u0105 skorzysta\u0107 z <a style=\"color: blue; background-color: #ffffa0;\" href=\"https:\/\/www.lingve.eu\/ksiazka-pri-kio-temas\/\">Pri kio temas?<\/a><br \/>\n*wielotysi\u0119czne zasoby esperanckie Biblioteki Hector Hodler wg. <a style=\"color: blue; background-color: #ffffa0;\" href=\"https:\/\/www.liberafolio.org\/2023\/01\/16\/biblioteko-hodler-iros-al-pollando\/\">Libera Folio<\/a> trafi\u0105 do og\u00f3lnodost\u0119pnych zbior\u00f3w Biblioteki Narodowej w Warszawie<\/p>\n<p>7. <strong>esperanto.pl<\/strong><\/p>\n<p>Przegl\u0105daj\u0105c nasz\u0105 stron\u0119 mo\u017cna znale\u017a\u0107 zdigitalizowan\u0105 <a style=\"color: blue; background-color: #ffffa0;\" href=\"https:\/\/esperanto.pl\/pl\/lingvo\/unua-libro\">ksi\u0105\u017ck\u0119 inicjuj\u0105c\u0105 istnienie j\u0119zyka Esperanto<\/a>, jak r\u00f3wnie\u017c na panelu bocznym wy\u015bwietlaj\u0105 si\u0119 rdzenie s\u0142owotw\u00f3rcze z pierwszego podr\u0119cznika j\u0119zyka mi\u0119dzynarodowego (jak korzysta\u0107 z rdzeni \u2013 przyk\u0142ad znajduje si\u0119 w tabelce poni\u017cej). Chc\u0105cych za\u015b abonowa\u0107 nasz dwumiesi\u0119cznik (papierowo czy w PDF) zapraszamy na podstron\u0119 o <a style=\"color: blue; background-color: #ffffa0;\" href=\"https:\/\/esperanto.pl\/eldonajxoj\/pola-esperantisto\/\">Pola Esperantisto<\/a>.<\/p>\n<p>Cytuj\u0105c Goethe\u2019go \u201e<em>Iloma j\u0119zykami m\u00f3wisz, tyle razy jeste\u015b cz\u0142owiekiem<\/em>\u201d pragniemy zauwa\u017cy\u0107, \u017ce to tylko wybrane propozycje rozwoju j\u0119zykowego. Jego bogactwo kulturowe mo\u017cna ujrze\u0107 na corocznym <a style=\"color: blue; background-color: #ffffa0;\" href=\"http:\/\/arkones.org\/\">Arkonesie<\/a>, ws\u0142uchuj\u0105c si\u0119 w dzie\u0142a z <a style=\"color: blue; background-color: #ffffa0;\" href=\"https:\/\/poeciwsieci.pl\/narodowe-czytanie-w-esperanto\/\">Narodowego Czytania<\/a>, czytaj\u0105c przet\u0142umaczone <a style=\"color: blue; background-color: #ffffa0;\" href=\"https:\/\/espero.bialystok.pl\/eo\/produkt\/henryk-sienkiewicz-noveloj-kaj-rakontoj\">Nowele i opowiadania Sienkiewicza<\/a>, uczestnicz\u0105c w <a style=\"color: blue; background-color: #ffffa0;\" href=\"https:\/\/esperanto.pl\/eventoj\/pola-esperanto-kongreso\/pek-2023\">Polskim Kongresie Esperanckim<\/a>, jak r\u00f3wnie\u017c w kontaktach z esperantystami z ca\u0142ego \u015bwiata, czy to na <a style=\"color: blue; background-color: #ffffa0;\" href=\"https:\/\/telegramo.org\/\">Telegramie<\/a>, Istagramie, Twiterze, czy na Facebooku. Niedawno zaistnia\u0142 r\u00f3wnie\u017c komunikacyjny portal tylko dla esperantyst\u00f3w <a style=\"color: blue; background-color: #ffffa0;\" href=\"https:\/\/miavivo.net\">Mia Vivo<\/a>. Aby zalogowa\u0107 si\u0119 w nim i by\u0107 jego uczestnikiem trzeba jednak zna\u0107 ju\u017c j\u0119zyk esperanto.<\/p>\n<p><strong><br \/>\n<img loading=\"lazy\" decoding=\"async\" class=\"alignnone size-full wp-image-4310\" src=\"https:\/\/esperanto.pl\/wp-content\/uploads\/2023\/03\/sufiksoj.jpg\" alt=\"\" width=\"960\" height=\"658\" srcset=\"https:\/\/esperanto.pl\/wp-content\/uploads\/2023\/03\/sufiksoj.jpg 960w, https:\/\/esperanto.pl\/wp-content\/uploads\/2023\/03\/sufiksoj-300x206.jpg 300w, https:\/\/esperanto.pl\/wp-content\/uploads\/2023\/03\/sufiksoj-768x526.jpg 768w\" sizes=\"auto, (max-width: 960px) 100vw, 960px\" \/><\/strong><\/p>\n<p>Na koniec kilka ciekawostek:<\/p>\n<p><strong>Esperanto jest j\u0119zykiem aglutynacyjnym<\/strong> \u2013 funkcjonuj\u0105cym w oparciu o rdze\u0144 s\u0142owotw\u00f3rczy, przyrostki i przedrostki, nie do ko\u0144ca obcym dla kogo\u015b, kto u\u017cywa jednego z j\u0119zyk\u00f3w pochodzenia indoeuropejskiego: polski, czeski, s\u0142owacki, rosyjski, francuski, niemiecki, angielski, w\u0142oski, hiszpa\u0144ski, portugalski, itd. Poniewa\u017c formy s\u0142owotw\u00f3rcze, z niewielkimi wyj\u0105tkami, zaczerpni\u0119te zosta\u0142y z tej grupy j\u0119zykowej, esperanto dla nie znaj\u0105cych w\u0142oskiego i hiszpa\u0144skiego, kojarzy si\u0119 z jednym z tych j\u0119zyk\u00f3w.<\/p>\n<p><strong>\u0141atwo\u015b\u0107 w opanowaniu<\/strong> tego j\u0119zyka wynika z jego wyj\u0105tkowo logicznej struktury. Ucz\u0105c si\u0119 rdzenia s\u0142owotw\u00f3rczego i wiedz\u0105c, jakie znaczenie maj\u0105 ko\u0144c\u00f3wki, przyrostki i przedrostki, bez si\u0119gania do s\u0142ownika (mo\u017ce tylko dla upewnienia si\u0119) bez problemu tworzy si\u0119 rodzin\u0119 wyraz\u00f3w bliskoznacznych. Sp\u00f3jrzmy na przyk\u0142ad.<\/p>\n<table width=\"100%\">\n<tbody>\n<tr>\n<td width=\"29%\"><strong>ojciec; ojcowski<br \/>\nmatka; matczyny<br \/>\nmatczy\u0107, by\u0107 matk\u0105<br \/>\nrodzice<br \/>\nte\u015b\u0107<br \/>\nte\u015bciowa<br \/>\nte\u015bciowie<br \/>\nmacierzy\u0144stwo<br \/>\nojcostwo<br \/>\nojczyzna<br \/>\nitd.<\/strong><\/td>\n<td width=\"66%\"><strong><span style=\"color: #339966;\">patr<\/span>o; <span style=\"color: #339966;\">patr<\/span>a<br \/>\n<span style=\"color: #339966;\">patr<\/span>ino; <span style=\"color: #339966;\">patr<\/span>ina<br \/>\n<span style=\"color: #339966;\">patr<\/span>ini<br \/>\nge<span style=\"color: #339966;\">patr<\/span>oj<br \/>\nbo<span style=\"color: #339966;\">patr<\/span>o<br \/>\nbo<span style=\"color: #339966;\">patr<\/span>ino<br \/>\ngebo<span style=\"color: #339966;\">patr<\/span>oj<br \/>\n<span style=\"color: #339966;\">patr<\/span>ineco<br \/>\n<span style=\"color: #339966;\">patr<\/span>eco<br \/>\n<span style=\"color: #339966;\">patr<\/span>ujo; <span style=\"color: #339966;\">patr<\/span>olando<br \/>\nktp.<br \/>\n<\/strong><\/td>\n<\/tr>\n<\/tbody>\n<\/table>\n<p><strong>U\u017cyteczne linki:<br \/>\n<\/strong>&#8211; <a href=\"https:\/\/lernu.net\/\">wieloj\u0119zyczna strona do nauki j\u0119zyka esperanto lernu.net<\/a><br \/>\n&#8211; <a href=\"https:\/\/www.duolingo.com\/guidebook\/eo\/1\">kurs esperanta na Duolingo<\/a><br \/>\n&#8211; <a href=\"https:\/\/eduinf.waw.pl\/esp\/lern\/pnje\/index.php\">kurs prof. Mieczys\u0142awa Sygnarskiego<\/a><br \/>\n&#8211; <a href=\"https:\/\/esperanto.pl\/pl\/lingvo\/unua-libro\">ksi\u0105\u017cka inicjuj\u0105ca istnienie j\u0119zyka Esperanto<\/a><br \/>\n&#8211; <a href=\"http:\/\/www.kurso.com.br\/index.php?pl\">program Kurso de Esperanto<\/a><br \/>\n&#8211; <a href=\"https:\/\/www.lingve.eu\/ksiazka-pri-kio-temas\/\">Pri kio temas?<\/a><br \/>\n&#8211; <a href=\"https:\/\/www.empik.com\/doktor-esperanto-i-jezyk-nadziei-rockliff-mara,p1252039581,ksiazka-p\">Doktor Esperanto i j\u0119zyk nadziei<\/a><br \/>\n&#8211; <a href=\"https:\/\/sites.google.com\/site\/deklecionoj\/strona-tytu%C5%82owa?authuser=0\">ksi\u0105\u017cka Esperanto en dek lecionoj<\/a><br \/>\n&#8211; <a href=\"https:\/\/interl.amu.edu.pl\/interlingvistiko\/studojpl.html\">studia interlingwistyki w Poznaniu<\/a><br \/>\n&#8211; <a href=\"https:\/\/edukado.net\/ekzamenoj\/ker\">egzaminy j\u0119zykowe z Esperanto<\/a><br \/>\n&#8211; <a href=\"https:\/\/play.google.com\/store\/apps\/details?id=uk.co.busydoingnothing.prevo&amp;hl=en_US&amp;gl=US\">wieloj\u0119zyczny s\u0142ownik esperanta na telefon PReVo<\/a><br \/>\n&#8211; <a href=\"https:\/\/vortaro.net\/\">s\u0142ownik jednoj\u0119zyczny (PIV)<\/a><\/p>\n<p>Linki sprawdzone i aktualne na stan 13.06.2023<\/p>\n","protected":false},"excerpt":{"rendered":"<p>Poni\u017cej przedstawiamy informacje, kt\u00f3re u\u0142atwi\u0105 ci rozpocz\u0119cie przygody z esperantem. Logiczne zasady i przejrzy\u015bcie z\u0142o\u017cona<\/p>\n","protected":false},"author":8,"featured_media":4301,"parent":2549,"menu_order":0,"comment_status":"closed","ping_status":"closed","template":"","meta":{"footnotes":""},"class_list":["post-2745","page","type-page","status-publish","has-post-thumbnail","hentry"],"translation":{"provider":"WPGlobus","version":"3.0.1","language":"pl","enabled_languages":["eo","pl"],"languages":{"eo":{"title":true,"content":true,"excerpt":false},"pl":{"title":true,"content":true,"excerpt":false}}},"aioseo_notices":[],"_links":{"self":[{"href":"https:\/\/esperanto.pl\/pl\/wp-json\/wp\/v2\/pages\/2745","targetHints":{"allow":["GET"]}}],"collection":[{"href":"https:\/\/esperanto.pl\/pl\/wp-json\/wp\/v2\/pages"}],"about":[{"href":"https:\/\/esperanto.pl\/pl\/wp-json\/wp\/v2\/types\/page"}],"author":[{"embeddable":true,"href":"https:\/\/esperanto.pl\/pl\/wp-json\/wp\/v2\/users\/8"}],"replies":[{"embeddable":true,"href":"https:\/\/esperanto.pl\/pl\/wp-json\/wp\/v2\/comments?post=2745"}],"version-history":[{"count":50,"href":"https:\/\/esperanto.pl\/pl\/wp-json\/wp\/v2\/pages\/2745\/revisions"}],"predecessor-version":[{"id":5346,"href":"https:\/\/esperanto.pl\/pl\/wp-json\/wp\/v2\/pages\/2745\/revisions\/5346"}],"up":[{"embeddable":true,"href":"https:\/\/esperanto.pl\/pl\/wp-json\/wp\/v2\/pages\/2549"}],"wp:featuredmedia":[{"embeddable":true,"href":"https:\/\/esperanto.pl\/pl\/wp-json\/wp\/v2\/media\/4301"}],"wp:attachment":[{"href":"https:\/\/esperanto.pl\/pl\/wp-json\/wp\/v2\/media?parent=2745"}],"curies":[{"name":"wp","href":"https:\/\/api.w.org\/{rel}","templated":true}]}}