{"id":2761,"date":"2022-10-09T21:03:16","date_gmt":"2022-10-09T20:03:16","guid":{"rendered":"https:\/\/esperanto.pl\/?page_id=2761"},"modified":"2022-11-03T22:17:18","modified_gmt":"2022-11-03T21:17:18","slug":"interesajxoj","status":"publish","type":"page","link":"https:\/\/esperanto.pl\/pl\/lingvo\/interesajxoj","title":{"rendered":"Ciekawostki"},"content":{"rendered":"<p><strong>1) S\u0105 osoby kt\u00f3re znaj\u0105 j\u0119zyk esperanto od urodzenia, nazywa si\u0119 ich Denaskuloj. S\u0105 to dzieci Esperantyst\u00f3w<\/p>\n<p>2) &#8222;Pan Tadeusz&#8221; po esperancku, to jedyny przek\u0142ad, kt\u00f3ry zachowa\u0142 oryginaln\u0105 budow\u0119 trzynastozg\u0142oskowca<\/p>\n<p>3) J\u0119zyk ten posiada w\u0142asne idiomy<\/p>\n<p>4) Przez esperanto gin\u0119li ludzie &#8211; Stalin uzna\u0142 go za j\u0119zyk szpieg\u00f3w, a Hitler uwa\u017ca\u0142, \u017ce mia\u0142 on zjednoczy\u0107  \u017byd\u00f3w<\/p>\n<p>5) Pierwszym filmem w tym j\u0119zyku by\u0142 'Incubus&#8221;. Zagra\u0142 w nim William Shatner (aktor wyst\u0119puj\u0105cy w &#8222;Star Trek&#8221;)<\/p>\n<p>6) Esperanto ma dzie\u0142a tworzone oryginalnie w tym j\u0119zyku: muzyk\u0119, literatur\u0119, filmy, poezj\u0119<\/p>\n<p>7) W latach 20. zaproponowano esperanto na g\u0142\u00f3wny j\u0119zyk Ligi Narod\u00f3w. <\/p>\n<p>8) Esperanto posiada flag\u0119 i hymn<\/p>\n<p>9)  Esperanto jest wpisane na List\u0119 Niematerialnego Dziedzictwa UNESCO<\/p>\n<p>10) J\u0119zyk ten jest w\u0142\u0105czony do liturgicznych j\u0119zyk\u00f3w Ko\u015bcio\u0142a katolickiego<\/strong><\/p>\n","protected":false},"excerpt":{"rendered":"<p>1) S\u0105 osoby kt\u00f3re znaj\u0105 j\u0119zyk esperanto od urodzenia, nazywa si\u0119 ich Denaskuloj. S\u0105 to<\/p>\n","protected":false},"author":8,"featured_media":0,"parent":2549,"menu_order":0,"comment_status":"closed","ping_status":"closed","template":"","meta":{"footnotes":""},"class_list":["post-2761","page","type-page","status-publish","hentry"],"translation":{"provider":"WPGlobus","version":"3.0.1","language":"pl","enabled_languages":["eo","pl"],"languages":{"eo":{"title":true,"content":false,"excerpt":false},"pl":{"title":true,"content":true,"excerpt":false}}},"aioseo_notices":[],"_links":{"self":[{"href":"https:\/\/esperanto.pl\/pl\/wp-json\/wp\/v2\/pages\/2761","targetHints":{"allow":["GET"]}}],"collection":[{"href":"https:\/\/esperanto.pl\/pl\/wp-json\/wp\/v2\/pages"}],"about":[{"href":"https:\/\/esperanto.pl\/pl\/wp-json\/wp\/v2\/types\/page"}],"author":[{"embeddable":true,"href":"https:\/\/esperanto.pl\/pl\/wp-json\/wp\/v2\/users\/8"}],"replies":[{"embeddable":true,"href":"https:\/\/esperanto.pl\/pl\/wp-json\/wp\/v2\/comments?post=2761"}],"version-history":[{"count":6,"href":"https:\/\/esperanto.pl\/pl\/wp-json\/wp\/v2\/pages\/2761\/revisions"}],"predecessor-version":[{"id":3635,"href":"https:\/\/esperanto.pl\/pl\/wp-json\/wp\/v2\/pages\/2761\/revisions\/3635"}],"up":[{"embeddable":true,"href":"https:\/\/esperanto.pl\/pl\/wp-json\/wp\/v2\/pages\/2549"}],"wp:attachment":[{"href":"https:\/\/esperanto.pl\/pl\/wp-json\/wp\/v2\/media?parent=2761"}],"curies":[{"name":"wp","href":"https:\/\/api.w.org\/{rel}","templated":true}]}}