{"id":2803,"date":"2022-10-09T22:04:55","date_gmt":"2022-10-09T21:04:55","guid":{"rendered":"https:\/\/esperanto.pl\/?page_id=2803"},"modified":"2025-05-13T15:12:17","modified_gmt":"2025-05-13T14:12:17","slug":"cxefa-estraro-kaj-gkr-2022-2025","status":"publish","type":"page","link":"https:\/\/esperanto.pl\/pl\/asocio\/cxefa-estraro-kaj-gkr-2022-2025","title":{"rendered":"Zarz\u0105d G\u0142\u00f3wny i GKR 2022-2025"},"content":{"rendered":"<h3 style=\"text-align: center;\">Zarz\u0105d G\u0142\u00f3wny PZE<\/h3>\n<p><a href=\"http:\/\/esperanto.pl\/wp-content\/uploads\/2020\/12\/robert-150x150-1.jpg\" rel=\"lightbox[2803]\"><img loading=\"lazy\" decoding=\"async\" class=\"alignnone size-full wp-image-1829\" src=\"http:\/\/esperanto.pl\/wp-content\/uploads\/2020\/12\/robert-150x150-1.jpg\" alt=\"\" width=\"150\" height=\"150\" \/>\u00a0\u00a0 <\/a><a href=\"http:\/\/esperanto.pl\/wp-content\/uploads\/2020\/12\/agnieszka-150x150-1.jpg\" rel=\"lightbox[2803]\"><img loading=\"lazy\" decoding=\"async\" class=\"alignnone size-full wp-image-1830\" src=\"http:\/\/esperanto.pl\/wp-content\/uploads\/2020\/12\/agnieszka-150x150-1.jpg\" alt=\"\" width=\"150\" height=\"150\" \/><\/a> \u00a0 <a href=\"http:\/\/esperanto.pl\/wp-content\/uploads\/2020\/12\/alina-150x150-1.jpg\" rel=\"lightbox[2803]\"><img loading=\"lazy\" decoding=\"async\" class=\"alignnone size-full wp-image-1831\" src=\"http:\/\/esperanto.pl\/wp-content\/uploads\/2020\/12\/alina-150x150-1.jpg\" alt=\"\" width=\"150\" height=\"150\" \/>\u00a0\u00a0<\/a><\/p>\n<p>Robert Kami\u0144ski &#8211; przewodnicz\u0105cy, Agnieszka Mozer &#8211; wiceprzewodnicz\u0105ca, Zofia \u015amistek &#8211; sekretarz generalny, Alina Mozer &#8211; skarbnik, <del>Gizela Matray &#8211; cz\u0142onkini (do 29.10.2023)<\/del>, Kamil Getka &#8211; cz\u0142onek<\/p>\n<h3 style=\"text-align: center;\">G\u0142\u00f3wna Komisja Rewizyjna PZE<\/h3>\n<p>Halina F\u00fcchsel &#8211; przewodnicz\u0105ca,\u00a0Alina Szczepa\u0144ska &#8211; cz\u0142onkini, Piotr Karcz &#8211; cz\u0142onek<\/p>\n<p><strong>Siedziba PZE: <\/strong>\u00a0Warszawa, tel.: +48 720-912-520<\/p>\n<p><span class=\"im\">Zarz\u0105d G\u0142\u00f3wny Polskiego Zwi\u0105zku Esperantyst\u00f3w na kadencj\u0119 2019-2022 zosta\u0142 wybrany\u00a0<\/span><span class=\"im\">(przez\u00a0Walne Zgromadzenie) 25 czerwca 2022 podczas\u00a0<\/span><span class=\"im\">39 Polskiego Kongresu Esperanckiego w\u00a0<\/span><span class=\"im\">\u0141odzi.\u00a0<\/span><span class=\"im\"><br \/>\nOsoby wchodz\u0105ce w sk\u0142ad Zarz\u0105du sprawuj\u0105 swoje funkcje spo\u0142ecznie.<\/span><\/p>\n","protected":false},"excerpt":{"rendered":"<p>Zarz\u0105d G\u0142\u00f3wny PZE \u00a0\u00a0 \u00a0 \u00a0\u00a0 Robert Kami\u0144ski &#8211; przewodnicz\u0105cy, Agnieszka Mozer &#8211; wiceprzewodnicz\u0105ca, Zofia<\/p>\n","protected":false},"author":8,"featured_media":0,"parent":2557,"menu_order":0,"comment_status":"closed","ping_status":"closed","template":"","meta":{"footnotes":""},"class_list":["post-2803","page","type-page","status-publish","hentry"],"translation":{"provider":"WPGlobus","version":"3.0.1","language":"pl","enabled_languages":["eo","pl"],"languages":{"eo":{"title":true,"content":true,"excerpt":false},"pl":{"title":true,"content":true,"excerpt":false}}},"aioseo_notices":[],"_links":{"self":[{"href":"https:\/\/esperanto.pl\/pl\/wp-json\/wp\/v2\/pages\/2803","targetHints":{"allow":["GET"]}}],"collection":[{"href":"https:\/\/esperanto.pl\/pl\/wp-json\/wp\/v2\/pages"}],"about":[{"href":"https:\/\/esperanto.pl\/pl\/wp-json\/wp\/v2\/types\/page"}],"author":[{"embeddable":true,"href":"https:\/\/esperanto.pl\/pl\/wp-json\/wp\/v2\/users\/8"}],"replies":[{"embeddable":true,"href":"https:\/\/esperanto.pl\/pl\/wp-json\/wp\/v2\/comments?post=2803"}],"version-history":[{"count":8,"href":"https:\/\/esperanto.pl\/pl\/wp-json\/wp\/v2\/pages\/2803\/revisions"}],"predecessor-version":[{"id":5716,"href":"https:\/\/esperanto.pl\/pl\/wp-json\/wp\/v2\/pages\/2803\/revisions\/5716"}],"up":[{"embeddable":true,"href":"https:\/\/esperanto.pl\/pl\/wp-json\/wp\/v2\/pages\/2557"}],"wp:attachment":[{"href":"https:\/\/esperanto.pl\/pl\/wp-json\/wp\/v2\/media?parent=2803"}],"curies":[{"name":"wp","href":"https:\/\/api.w.org\/{rel}","templated":true}]}}