{"id":2810,"date":"2022-10-09T22:08:33","date_gmt":"2022-10-09T21:08:33","guid":{"rendered":"https:\/\/esperanto.pl\/?page_id=2810"},"modified":"2022-10-24T12:15:39","modified_gmt":"2022-10-24T11:15:39","slug":"antauxaj-estraroj","status":"publish","type":"page","link":"https:\/\/esperanto.pl\/pl\/asocio\/antauxaj-estraroj","title":{"rendered":"Poprzednie Zarz\u0105dy"},"content":{"rendered":"<p>2019:<\/p>\n<h3 style=\"text-align: center;\">Zarz\u0105d G\u0142\u00f3wny PZE<\/h3>\n<p><a href=\"http:\/\/esperanto.pl\/wp-content\/uploads\/2020\/12\/robert-150x150.jpg\" rel=\"lightbox[2810]\"><img loading=\"lazy\" decoding=\"async\" class=\"alignnone size-full wp-image-1829\" src=\"http:\/\/esperanto.pl\/wp-content\/uploads\/2020\/12\/robert-150x150.jpg\" alt=\"\" width=\"150\" height=\"150\" \/>\u00a0\u00a0 <\/a><a href=\"http:\/\/esperanto.pl\/wp-content\/uploads\/2020\/12\/agnieszka-150x150.jpg\" rel=\"lightbox[2810]\"><img loading=\"lazy\" decoding=\"async\" class=\"alignnone size-full wp-image-1830\" src=\"http:\/\/esperanto.pl\/wp-content\/uploads\/2020\/12\/agnieszka-150x150.jpg\" alt=\"\" width=\"150\" height=\"150\" \/><\/a> \u00a0 <a href=\"http:\/\/esperanto.pl\/wp-content\/uploads\/2020\/12\/alina-150x150.jpg\" rel=\"lightbox[2810]\"><img loading=\"lazy\" decoding=\"async\" class=\"alignnone size-full wp-image-1831\" src=\"http:\/\/esperanto.pl\/wp-content\/uploads\/2020\/12\/alina-150x150.jpg\" alt=\"\" width=\"150\" height=\"150\" \/>\u00a0\u00a0<\/a><\/p>\n<p>Robert Kami\u0144ski &#8211; przewodnicz\u0105cy,\u00a0Agnieszka Mozer &#8211; wiceprzewodnicz\u0105ca, Zofia \u015amistek &#8211; sekretarz generalny,\u00a0Alina Mozer &#8211; skarbnik, Marek Mazurkiewicz\u00a0 &#8211;\u00a0cz\u0142onek<\/p>\n<h3 style=\"text-align: center;\">G\u0142\u00f3wna Komisja Rewizyjna PZE<\/h3>\n<p>Halina F\u00fcchsel &#8211;\u00a0przewodnicz\u0105ca, \u015awi\u0119tos\u0142aw Fortuna &#8211;\u00a0cz\u0142onek,\u00a0Zbigniew Kowalski &#8211;\u00a0cz\u0142onek<\/p>\n<p><strong>Siedziba PZE:\u00a0<\/strong>Zarz\u0105d G\u0142\u00f3wny, ul. Gen. W. Andersa 37 lok. 59a, 00-159 Warszawa,\u00a0tel.: +48 720-912-520<\/p>\n<p><span class=\"im\">Zarz\u0105d G\u0142\u00f3wny Polskiego Zwi\u0105zku Esperantyst\u00f3w na kadencj\u0119 2019-2022 zosta\u0142 wybrany\u00a0<\/span><span class=\"im\">(przez\u00a0Walne Zgromadzenie) 2 czerwca 2019 podczas\u00a0<\/span><span class=\"im\">38 Polskiego Kongresu Esperanckiego w\u00a0<\/span><span class=\"im\">\u0141ochowie.\u00a0<\/span><span class=\"im\"><br \/>\nOsoby wchodz\u0105ce w sk\u0142ad Zarz\u0105du sprawuj\u0105 swoje funkcje spo\u0142ecznie.<\/span><\/p>\n<p>2016:<\/p>\n<h3 style=\"text-align: center;\">Zarz\u0105d G\u0142\u00f3wny PZE<\/h3>\n<p><a href=\"http:\/\/esperanto.pl\/wp-content\/uploads\/2017\/11\/aleksander.jpg\" rel=\"lightbox[2810]\"><img loading=\"lazy\" decoding=\"async\" class=\"alignnone wp-image-39 size-full\" title=\"Aleksander Zdechlik \u2013 przewodnicz\u0105cy\" src=\"http:\/\/esperanto.pl\/wp-content\/uploads\/2017\/11\/aleksander.jpg\" alt=\"Aleksander Zdechlik \u2013 przewodnicz\u0105cy\" width=\"100\" height=\"120\" \/><\/a><a href=\"http:\/\/esperanto.pl\/wp-content\/uploads\/2017\/11\/teruo.jpg\" rel=\"lightbox[2810]\"><img loading=\"lazy\" decoding=\"async\" class=\"alignnone wp-image-44 size-full\" title=\"Teruo Matsumoto \u2013 wiceprzewodnicz\u0105cy\" src=\"http:\/\/esperanto.pl\/wp-content\/uploads\/2017\/11\/teruo.jpg\" alt=\"Teruo Matsumoto \u2013 wiceprzewodnicz\u0105cy\" width=\"100\" height=\"120\" \/><\/a><a href=\"http:\/\/esperanto.pl\/wp-content\/uploads\/2017\/11\/robert.jpg\" rel=\"lightbox[2810]\"><img loading=\"lazy\" decoding=\"async\" class=\"alignnone wp-image-42 size-full\" title=\"Robert Kami\u0144ski - sekretarz generalny\" src=\"http:\/\/esperanto.pl\/wp-content\/uploads\/2017\/11\/robert.jpg\" alt=\"Robert Kami\u0144ski - sekretarz generalny\" width=\"100\" height=\"120\" \/><\/a><a href=\"http:\/\/esperanto.pl\/wp-content\/uploads\/2017\/11\/alina.jpg\" rel=\"lightbox[2810]\"><img loading=\"lazy\" decoding=\"async\" class=\"alignnone wp-image-40 size-full\" title=\"Alina Mozer \u2013 skarbnik\" src=\"http:\/\/esperanto.pl\/wp-content\/uploads\/2017\/11\/alina.jpg\" alt=\"Alina Mozer \u2013 skarbnik\" width=\"100\" height=\"120\" \/><\/a><a href=\"http:\/\/esperanto.pl\/wp-content\/uploads\/2017\/11\/agnieszka.jpg\" rel=\"lightbox[2810]\"><img loading=\"lazy\" decoding=\"async\" class=\"alignnone wp-image-38 size-full\" title=\"Agnieszka Mozer \u2013 cz\u0142onek\" src=\"http:\/\/esperanto.pl\/wp-content\/uploads\/2017\/11\/agnieszka.jpg\" alt=\"Agnieszka Mozer \u2013 cz\u0142onek\" width=\"100\" height=\"120\" \/><\/a><a href=\"http:\/\/esperanto.pl\/wp-content\/uploads\/2017\/11\/marek.jpg\" rel=\"lightbox[2810]\"><img loading=\"lazy\" decoding=\"async\" class=\"alignnone wp-image-41 size-full\" title=\"Marek Mazurkiewicz \u2013 cz\u0142onek\" src=\"http:\/\/esperanto.pl\/wp-content\/uploads\/2017\/11\/marek.jpg\" alt=\"Marek Mazurkiewicz \u2013 cz\u0142onek\" width=\"100\" height=\"120\" \/><\/a><\/p>\n<p>Aleksander Zdechlik &#8211; przewodnicz\u0105cy,\u00a0Teruo Matsumoto &#8211; wiceprzewodnicz\u0105cy,\u00a0Robert Kami\u0144ski &#8211; sekretarz generalny,\u00a0Alina Mozer &#8211; skarbnik,\u00a0Agnieszka Mozer &#8211; cz\u0142onek,\u00a0Marek Mazurkiewicz\u00a0 &#8211;\u00a0cz\u0142onek<\/p>\n<h3 style=\"text-align: center;\">G\u0142\u00f3wna Komisja Rewizyjna PZE<\/h3>\n<p><a href=\"http:\/\/esperanto.pl\/wp-content\/uploads\/2017\/11\/stanislaw.jpg\" rel=\"lightbox[2810]\"><img loading=\"lazy\" decoding=\"async\" class=\"alignnone wp-image-43 size-full\" title=\"Stanis\u0142aw Mandrak - przewodnicz\u0105cy\" src=\"http:\/\/esperanto.pl\/wp-content\/uploads\/2017\/11\/stanislaw.jpg\" alt=\"Stanis\u0142aw Mandrak - przewodnicz\u0105cy\" width=\"100\" height=\"120\" \/><\/a><\/p>\n<p>Stanis\u0142aw Mandrak &#8211;\u00a0przewodnicz\u0105cy,\u00a0Daniela Gizela Matray-Zandberg &#8211;\u00a0cz\u0142onek,\u00a0Zbigniew Kowalski &#8211;\u00a0cz\u0142onek<\/p>\n<p><strong>Siedziba PZE:\u00a0<\/strong>Zarz\u0105d G\u0142\u00f3wny, ul. Gen. W. Andersa 37 lok. 59a, 00-159 Warszawa,\u00a0tel.: +48 720-912-520<\/p>\n<p><span class=\"im\">Zarz\u0105d G\u0142\u00f3wny Polskiego Zwi\u0105zku Esperantyst\u00f3w na kadencj\u0119 2016-2019 zosta\u0142 wybrany\u00a0<\/span><span class=\"im\">(przez\u00a0Walne Zgromadzenie)\u00a028 maja 2016 podczas\u00a0<\/span><span class=\"im\">35 Polskiego Kongresu Esperanckiego w\u00a0<\/span><span class=\"im\">\u0141odzi.\u00a0<\/span><span class=\"im\"><br \/>\nOsoby wchodz\u0105ce w sk\u0142ad Zarz\u0105du sprawuj\u0105 swoje funkcje spo\u0142ecznie.<\/span><\/p>\n","protected":false},"excerpt":{"rendered":"<p>2019: Zarz\u0105d G\u0142\u00f3wny PZE \u00a0\u00a0 \u00a0 \u00a0\u00a0 Robert Kami\u0144ski &#8211; przewodnicz\u0105cy,\u00a0Agnieszka Mozer &#8211; wiceprzewodnicz\u0105ca, Zofia<\/p>\n","protected":false},"author":8,"featured_media":0,"parent":2557,"menu_order":0,"comment_status":"closed","ping_status":"closed","template":"","meta":{"footnotes":""},"class_list":["post-2810","page","type-page","status-publish","hentry"],"translation":{"provider":"WPGlobus","version":"3.0.1","language":"pl","enabled_languages":["eo","pl"],"languages":{"eo":{"title":true,"content":true,"excerpt":false},"pl":{"title":true,"content":true,"excerpt":false}}},"aioseo_notices":[],"_links":{"self":[{"href":"https:\/\/esperanto.pl\/pl\/wp-json\/wp\/v2\/pages\/2810","targetHints":{"allow":["GET"]}}],"collection":[{"href":"https:\/\/esperanto.pl\/pl\/wp-json\/wp\/v2\/pages"}],"about":[{"href":"https:\/\/esperanto.pl\/pl\/wp-json\/wp\/v2\/types\/page"}],"author":[{"embeddable":true,"href":"https:\/\/esperanto.pl\/pl\/wp-json\/wp\/v2\/users\/8"}],"replies":[{"embeddable":true,"href":"https:\/\/esperanto.pl\/pl\/wp-json\/wp\/v2\/comments?post=2810"}],"version-history":[{"count":6,"href":"https:\/\/esperanto.pl\/pl\/wp-json\/wp\/v2\/pages\/2810\/revisions"}],"predecessor-version":[{"id":3431,"href":"https:\/\/esperanto.pl\/pl\/wp-json\/wp\/v2\/pages\/2810\/revisions\/3431"}],"up":[{"embeddable":true,"href":"https:\/\/esperanto.pl\/pl\/wp-json\/wp\/v2\/pages\/2557"}],"wp:attachment":[{"href":"https:\/\/esperanto.pl\/pl\/wp-json\/wp\/v2\/media?parent=2810"}],"curies":[{"name":"wp","href":"https:\/\/api.w.org\/{rel}","templated":true}]}}