{"id":2880,"date":"2022-10-10T00:42:57","date_gmt":"2022-10-09T23:42:57","guid":{"rendered":"http:\/\/esperanto.pl\/?page_id=2880"},"modified":"2023-12-30T01:49:12","modified_gmt":"2023-12-30T00:49:12","slug":"esperantistaj-organizoj","status":"publish","type":"page","link":"https:\/\/esperanto.pl\/pl\/lokoj\/esperantistaj-organizoj","title":{"rendered":"Organizacje esperanckie w Polsce"},"content":{"rendered":"<p>Je\u015bli chcia\u0142(a)by\u015b ujrze\u0107 swoj\u0105 organizacj\u0119 na tej mapie &#8211; nie wahaj si\u0119 napisa\u0107 do nas \ud83d\ude42<\/p>\n\t\t<div id=\"maps-marker-pro-37ce7479\" class=\"maps-marker-pro mmp-list-below\" style=\"width: 100%;\">\n\t\t\t<div id=\"mmp-map-wrap-37ce7479\" class=\"mmp-map-wrap\">\n\t\t\t\t\t\t\t\t\t<div id=\"mmp-panel-37ce7479\" class=\"mmp-panel\"><\/div>\n\t\t\t\t\t\t\t\t<div id=\"mmp-map-37ce7479\" class=\"mmp-map\" style=\"height: 600px;\"><\/div>\n\t\t\t\t\t\t\t<\/div>\n\t\t\t\t\t\t\t<div id=\"mmp-list-37ce7479\" class=\"mmp-list\" style=\"flex-basis: 400px;\"><\/div>\n\t\t\t\t\t<\/div>\n\t\t\n","protected":false},"excerpt":{"rendered":"<p>Je\u015bli chcia\u0142(a)by\u015b ujrze\u0107 swoj\u0105 organizacj\u0119 na tej mapie &#8211; nie wahaj si\u0119 napisa\u0107 do nas<\/p>\n","protected":false},"author":8,"featured_media":0,"parent":2564,"menu_order":0,"comment_status":"closed","ping_status":"closed","template":"","meta":{"footnotes":""},"class_list":["post-2880","page","type-page","status-publish","hentry"],"translation":{"provider":"WPGlobus","version":"3.0.1","language":"pl","enabled_languages":["eo","pl"],"languages":{"eo":{"title":true,"content":true,"excerpt":false},"pl":{"title":true,"content":true,"excerpt":false}}},"aioseo_notices":[],"_links":{"self":[{"href":"https:\/\/esperanto.pl\/pl\/wp-json\/wp\/v2\/pages\/2880","targetHints":{"allow":["GET"]}}],"collection":[{"href":"https:\/\/esperanto.pl\/pl\/wp-json\/wp\/v2\/pages"}],"about":[{"href":"https:\/\/esperanto.pl\/pl\/wp-json\/wp\/v2\/types\/page"}],"author":[{"embeddable":true,"href":"https:\/\/esperanto.pl\/pl\/wp-json\/wp\/v2\/users\/8"}],"replies":[{"embeddable":true,"href":"https:\/\/esperanto.pl\/pl\/wp-json\/wp\/v2\/comments?post=2880"}],"version-history":[{"count":8,"href":"https:\/\/esperanto.pl\/pl\/wp-json\/wp\/v2\/pages\/2880\/revisions"}],"predecessor-version":[{"id":5197,"href":"https:\/\/esperanto.pl\/pl\/wp-json\/wp\/v2\/pages\/2880\/revisions\/5197"}],"up":[{"embeddable":true,"href":"https:\/\/esperanto.pl\/pl\/wp-json\/wp\/v2\/pages\/2564"}],"wp:attachment":[{"href":"https:\/\/esperanto.pl\/pl\/wp-json\/wp\/v2\/media?parent=2880"}],"curies":[{"name":"wp","href":"https:\/\/api.w.org\/{rel}","templated":true}]}}