{"id":311,"date":"2017-12-28T08:56:09","date_gmt":"2017-12-28T07:56:09","guid":{"rendered":"http:\/\/esperanto.pl\/?page_id=311"},"modified":"2022-10-10T00:32:54","modified_gmt":"2022-10-09T23:32:54","slug":"filio-bytom","status":"publish","type":"page","link":"https:\/\/esperanto.pl\/pl\/lokoj\/filioj\/filio-bytom","title":{"rendered":"Oddzia\u0142 w Bytomiu"},"content":{"rendered":"<h3>Oddzia\u0142 w Bytomiu<\/h3>\n<p><strong>Siedziba:<\/strong><\/p>\n<p>Karin Stanek 1\u00a0\u00a0\u00a0 (w lokalu\u00a0 Bytomskiego Centrum Kultury)<\/p>\n<p>41-902 Bytom<\/p>\n<p><strong>Strona internetowa: <\/strong>nie\u00a0 istnieje<\/p>\n<p><strong>Facebook: <\/strong>nie\u00a0 istnieje<\/p>\n<p><strong>Kontakty:<\/strong><\/p>\n<p>Telefony: +48-693-453-983; +48-511-317-744;<\/p>\n<p>Adres internetowy: nie istnieje<\/p>\n<p><strong>Spotkania:<\/strong><\/p>\n<p>W ka\u017cdy pierwszy wtorek miesi\u0105ca z wyj\u0105tkiem lipca i sierpnia<\/p>\n<p>17:00 Spotkania klubowe &#8211; dy\u017curuj\u0105 cz\u0142onkowie Oddzia\u0142u<\/p>\n","protected":false},"excerpt":{"rendered":"<p>Oddzia\u0142 w Bytomiu Siedziba: Karin Stanek 1\u00a0\u00a0\u00a0 (w lokalu\u00a0 Bytomskiego Centrum Kultury) 41-902 Bytom Strona<\/p>\n","protected":false},"author":8,"featured_media":0,"parent":1513,"menu_order":4,"comment_status":"closed","ping_status":"closed","template":"","meta":{"footnotes":""},"class_list":["post-311","page","type-page","status-publish","hentry"],"translation":{"provider":"WPGlobus","version":"3.0.1","language":"pl","enabled_languages":["eo","pl"],"languages":{"eo":{"title":true,"content":true,"excerpt":false},"pl":{"title":true,"content":true,"excerpt":false}}},"aioseo_notices":[],"_links":{"self":[{"href":"https:\/\/esperanto.pl\/pl\/wp-json\/wp\/v2\/pages\/311","targetHints":{"allow":["GET"]}}],"collection":[{"href":"https:\/\/esperanto.pl\/pl\/wp-json\/wp\/v2\/pages"}],"about":[{"href":"https:\/\/esperanto.pl\/pl\/wp-json\/wp\/v2\/types\/page"}],"author":[{"embeddable":true,"href":"https:\/\/esperanto.pl\/pl\/wp-json\/wp\/v2\/users\/8"}],"replies":[{"embeddable":true,"href":"https:\/\/esperanto.pl\/pl\/wp-json\/wp\/v2\/comments?post=311"}],"version-history":[{"count":2,"href":"https:\/\/esperanto.pl\/pl\/wp-json\/wp\/v2\/pages\/311\/revisions"}],"predecessor-version":[{"id":3689,"href":"https:\/\/esperanto.pl\/pl\/wp-json\/wp\/v2\/pages\/311\/revisions\/3689"}],"up":[{"embeddable":true,"href":"https:\/\/esperanto.pl\/pl\/wp-json\/wp\/v2\/pages\/1513"}],"wp:attachment":[{"href":"https:\/\/esperanto.pl\/pl\/wp-json\/wp\/v2\/media?parent=311"}],"curies":[{"name":"wp","href":"https:\/\/api.w.org\/{rel}","templated":true}]}}