{"id":334,"date":"2018-01-14T17:08:54","date_gmt":"2018-01-14T16:08:54","guid":{"rendered":"http:\/\/esperanto.pl\/?page_id=334"},"modified":"2022-10-10T00:37:29","modified_gmt":"2022-10-09T23:37:29","slug":"filio-siedlce","status":"publish","type":"page","link":"https:\/\/esperanto.pl\/pl\/lokoj\/filioj\/filio-siedlce","title":{"rendered":"Oddzia\u0142 w Siedlcach"},"content":{"rendered":"<p><strong>Siedziba:<\/strong><\/p>\n<p>&nbsp;<\/p>\n<p><strong>Strona internetowa: <a href=\"http:\/\/www.pttksiedlce.pl\/index.php?id=144\">http:\/\/www.pttksiedlce.pl\/index.php?id=144<\/a><\/strong><\/p>\n<p><strong>Facebook: nie istnieje<br \/>\n<\/strong><\/p>\n<p><strong>Kontakty:<\/strong><\/p>\n<p>Telefony: +48 602 383 111,\u00a0 +48 694 825 485<\/p>\n<p>Adresy internetowe: <a href=\"mailto:esperanto.siedlce@o2.pl\" target=\"_blank\" rel=\"noopener\"><span class=\"m_6471866091075046004colour\">esperanto.<wbr \/>siedlce@o2.pl<\/span><\/a>\u00a0 ; <a href=\"mailto:duma.jozef@gmail.com\" target=\"_blank\" rel=\"noopener\"><span class=\"m_6471866091075046004colour\">duma.jozef@gmail.com<\/span><\/a> ; <a href=\"mailto:sobiech.h@op.pl\" target=\"_blank\" rel=\"noopener\"><span class=\"m_6471866091075046004colour\">sobiech.h@op.pl<\/span><\/a><\/p>\n<p><strong>Spotkania:<\/strong><\/p>\n<p><strong>sobota:<\/strong><\/p>\n<p>Biblioteka przy parafii\u00a0 \u015bw Jana Paw\u0142a II , ul. Rakowiecka 30)<\/p>\n<p>10.00 &#8211; 12.00 &#8211; kurs esperanta<\/p>\n<p><strong>czwartek<\/strong><strong> (w ka\u017cdy ostatni czwartek miesi\u0105ca<\/strong><strong>)<\/strong><\/p>\n<p>Miejska Biblioteka Publiczna, salonik na g\u00f3rze, wej\u015bcie od ul. Pi\u0142sudskiego 5<\/p>\n<p>15.30 &#8211; 17.30 &#8211; spotkanie cz\u0142onk\u00f3w Oddzia\u0142u<\/p>\n","protected":false},"excerpt":{"rendered":"<p>Siedziba: &nbsp; Strona internetowa: http:\/\/www.pttksiedlce.pl\/index.php?id=144 Facebook: nie istnieje Kontakty: Telefony: +48 602 383 111,\u00a0 +48<\/p>\n","protected":false},"author":8,"featured_media":0,"parent":1513,"menu_order":10,"comment_status":"closed","ping_status":"closed","template":"","meta":{"footnotes":""},"class_list":["post-334","page","type-page","status-publish","hentry"],"translation":{"provider":"WPGlobus","version":"3.0.1","language":"pl","enabled_languages":["eo","pl"],"languages":{"eo":{"title":true,"content":true,"excerpt":false},"pl":{"title":true,"content":true,"excerpt":false}}},"aioseo_notices":[],"_links":{"self":[{"href":"https:\/\/esperanto.pl\/pl\/wp-json\/wp\/v2\/pages\/334","targetHints":{"allow":["GET"]}}],"collection":[{"href":"https:\/\/esperanto.pl\/pl\/wp-json\/wp\/v2\/pages"}],"about":[{"href":"https:\/\/esperanto.pl\/pl\/wp-json\/wp\/v2\/types\/page"}],"author":[{"embeddable":true,"href":"https:\/\/esperanto.pl\/pl\/wp-json\/wp\/v2\/users\/8"}],"replies":[{"embeddable":true,"href":"https:\/\/esperanto.pl\/pl\/wp-json\/wp\/v2\/comments?post=334"}],"version-history":[{"count":2,"href":"https:\/\/esperanto.pl\/pl\/wp-json\/wp\/v2\/pages\/334\/revisions"}],"predecessor-version":[{"id":3703,"href":"https:\/\/esperanto.pl\/pl\/wp-json\/wp\/v2\/pages\/334\/revisions\/3703"}],"up":[{"embeddable":true,"href":"https:\/\/esperanto.pl\/pl\/wp-json\/wp\/v2\/pages\/1513"}],"wp:attachment":[{"href":"https:\/\/esperanto.pl\/pl\/wp-json\/wp\/v2\/media?parent=334"}],"curies":[{"name":"wp","href":"https:\/\/api.w.org\/{rel}","templated":true}]}}