{"id":342,"date":"2018-01-14T17:13:16","date_gmt":"2018-01-14T16:13:16","guid":{"rendered":"http:\/\/esperanto.pl\/?page_id=342"},"modified":"2024-04-10T13:25:49","modified_gmt":"2024-04-10T12:25:49","slug":"pej","status":"publish","type":"page","link":"https:\/\/esperanto.pl\/pl\/lokoj\/filioj\/pej","title":{"rendered":"Polska M\u0142odzie\u017c Esperancka (PME, na prawach oddzia\u0142u)"},"content":{"rendered":"<h3>Polski Zwi\u0105zek M\u0142odzie\u017cy Esperanckiej<\/h3>\n<p><strong>Strona internetowa:<\/strong> <a href=\"http:\/\/www.junularo.pl\">www.junularo.pl<\/a><br \/>\n<strong>Adres internetowy:<\/strong> <a href=\"mailto:pej@junularo.pl\">pej@junularo.pl<\/a><br \/>\n<strong>Facebook:<\/strong> <a href=\"http:\/\/fb.com\/polaesperantojunularo\">fb.com\/polaesperantojunularo<\/a><code><\/code><\/p>\n<pre><code><\/code><\/pre>\n","protected":false},"excerpt":{"rendered":"<p>Polski Zwi\u0105zek M\u0142odzie\u017cy Esperanckiej Strona internetowa: www.junularo.pl Adres internetowy: pej@junularo.pl Facebook: fb.com\/polaesperantojunularo<\/p>\n","protected":false},"author":8,"featured_media":0,"parent":1513,"menu_order":14,"comment_status":"closed","ping_status":"closed","template":"","meta":{"footnotes":""},"class_list":["post-342","page","type-page","status-publish","hentry"],"translation":{"provider":"WPGlobus","version":"3.0.1","language":"pl","enabled_languages":["eo","pl"],"languages":{"eo":{"title":true,"content":true,"excerpt":false},"pl":{"title":true,"content":true,"excerpt":false}}},"aioseo_notices":[],"_links":{"self":[{"href":"https:\/\/esperanto.pl\/pl\/wp-json\/wp\/v2\/pages\/342","targetHints":{"allow":["GET"]}}],"collection":[{"href":"https:\/\/esperanto.pl\/pl\/wp-json\/wp\/v2\/pages"}],"about":[{"href":"https:\/\/esperanto.pl\/pl\/wp-json\/wp\/v2\/types\/page"}],"author":[{"embeddable":true,"href":"https:\/\/esperanto.pl\/pl\/wp-json\/wp\/v2\/users\/8"}],"replies":[{"embeddable":true,"href":"https:\/\/esperanto.pl\/pl\/wp-json\/wp\/v2\/comments?post=342"}],"version-history":[{"count":4,"href":"https:\/\/esperanto.pl\/pl\/wp-json\/wp\/v2\/pages\/342\/revisions"}],"predecessor-version":[{"id":5341,"href":"https:\/\/esperanto.pl\/pl\/wp-json\/wp\/v2\/pages\/342\/revisions\/5341"}],"up":[{"embeddable":true,"href":"https:\/\/esperanto.pl\/pl\/wp-json\/wp\/v2\/pages\/1513"}],"wp:attachment":[{"href":"https:\/\/esperanto.pl\/pl\/wp-json\/wp\/v2\/media?parent=342"}],"curies":[{"name":"wp","href":"https:\/\/api.w.org\/{rel}","templated":true}]}}