{"id":3651,"date":"2022-11-04T00:55:28","date_gmt":"2022-11-03T23:55:28","guid":{"rendered":"https:\/\/esperanto.pl\/?page_id=3651"},"modified":"2022-11-05T23:53:09","modified_gmt":"2022-11-05T22:53:09","slug":"kontaktformularo","status":"publish","type":"page","link":"https:\/\/esperanto.pl\/pl\/kontakto\/kontaktformularo","title":{"rendered":"Formularz kontaktowy"},"content":{"rendered":"<div class=\"wpforms-container wpforms-container-full\" id=\"wpforms-2664\"><form id=\"wpforms-form-2664\" class=\"wpforms-validate wpforms-form wpforms-ajax-form\" data-formid=\"2664\" method=\"post\" enctype=\"multipart\/form-data\" action=\"\/pl\/wp-json\/wp\/v2\/pages\/3651\" data-token=\"5f3d13b009581df2492f7b8ce226dd58\" data-token-time=\"1776596234\"><noscript class=\"wpforms-error-noscript\">Aby wype\u0142ni\u0107 ten formularz, w\u0142\u0105cz obs\u0142ug\u0119 JavaScript w przegl\u0105darce.<\/noscript><div class=\"wpforms-field-container\"><div id=\"wpforms-2664-field_0-container\" class=\"wpforms-field wpforms-field-name\" data-field-id=\"0\"><label class=\"wpforms-field-label\" for=\"wpforms-2664-field_0\">Imi\u0119 <span class=\"wpforms-required-label\">*<\/span><\/label><input type=\"text\" id=\"wpforms-2664-field_0\" class=\"wpforms-field-medium wpforms-field-required\" name=\"wpforms[fields][0]\" placeholder=\"Ludwik Zamenhof\" required><\/div><div id=\"wpforms-2664-field_1-container\" class=\"wpforms-field wpforms-field-email\" data-field-id=\"1\"><label class=\"wpforms-field-label\" for=\"wpforms-2664-field_1\">Email <span class=\"wpforms-required-label\">*<\/span><\/label><input type=\"email\" id=\"wpforms-2664-field_1\" class=\"wpforms-field-medium wpforms-field-required\" name=\"wpforms[fields][1]\" placeholder=\"np. ludoviko.zamenhof@esperanto.pl\" spellcheck=\"false\" required><\/div><div id=\"wpforms-2664-field_3-container\" class=\"wpforms-field wpforms-field-select wpforms-field-select-style-classic\" data-field-id=\"3\"><label class=\"wpforms-field-label\" for=\"wpforms-2664-field_3\">Kategoria <span class=\"wpforms-required-label\">*<\/span><\/label><select id=\"wpforms-2664-field_3\" class=\"wpforms-field-medium wpforms-field-required\" name=\"wpforms[fields][3]\" required=\"required\"><option value=\"\" class=\"placeholder\" disabled  selected='selected'>wybierz kategori\u0119<\/option><option value=\"Mam pytanie j\u0119zykowe\"  class=\"choice-2 depth-1\"  >Mam pytanie j\u0119zykowe<\/option><option value=\"Chc\u0119 zosta\u0107 cz\u0142onkiem PZE\"  class=\"choice-3 depth-1\"  >Chc\u0119 zosta\u0107 cz\u0142onkiem PZE<\/option><option value=\"Jak zapisa\u0107 si\u0119 na kongres?\"  class=\"choice-4 depth-1\"  >Jak zapisa\u0107 si\u0119 na kongres?<\/option><option value=\"Chc\u0119 przys\u0142a\u0107 artyku\u0142 do Pola Esperantisto\"  class=\"choice-5 depth-1\"  >Chc\u0119 przys\u0142a\u0107 artyku\u0142 do Pola Esperantisto<\/option><option value=\"Chc\u0119 zaproponowa\u0107 now\u0105 tre\u015b\u0107 na stron\u0119 www\"  class=\"choice-6 depth-1\"  >Chc\u0119 zaproponowa\u0107 now\u0105 tre\u015b\u0107 na stron\u0119 www<\/option><option value=\"Chc\u0119 zg\u0142osi\u0107 b\u0142\u0105d\"  class=\"choice-7 depth-1\"  >Chc\u0119 zg\u0142osi\u0107 b\u0142\u0105d<\/option><option value=\"Jak wesprze\u0107 PZE?\"  class=\"choice-8 depth-1\"  >Jak wesprze\u0107 PZE?<\/option><option value=\"Zupe\u0142nie inny temat\"  class=\"choice-9 depth-1\"  >Zupe\u0142nie inny temat<\/option><\/select><\/div><div id=\"wpforms-2664-field_4-container\" class=\"wpforms-field wpforms-field-text\" data-field-id=\"4\"><label class=\"wpforms-field-label\" for=\"wpforms-2664-field_4\">Temat <span class=\"wpforms-required-label\">*<\/span><\/label><input type=\"text\" id=\"wpforms-2664-field_4\" class=\"wpforms-field-medium wpforms-field-required\" name=\"wpforms[fields][4]\" placeholder=\"np. u\u017cycie x-sistemo\" required><\/div><div id=\"wpforms-2664-field_2-container\" class=\"wpforms-field wpforms-field-textarea\" data-field-id=\"2\"><label class=\"wpforms-field-label\" for=\"wpforms-2664-field_2\">Tre\u015b\u0107 <span class=\"wpforms-required-label\">*<\/span><\/label><textarea id=\"wpforms-2664-field_2\" class=\"wpforms-field-medium wpforms-field-required\" name=\"wpforms[fields][2]\" placeholder=\"Napisz tutaj swoj\u0105 wiadomo\u015b\u0107 :-)\" required><\/textarea><\/div><\/div><!-- .wpforms-field-container --><div class=\"wpforms-submit-container\" ><input type=\"hidden\" name=\"wpforms[id]\" value=\"2664\"><input type=\"hidden\" name=\"page_title\" value=\"\"><input type=\"hidden\" name=\"page_url\" value=\"https:\/\/esperanto.pl\/pl\/wp-json\/wp\/v2\/pages\/3651\"><input type=\"hidden\" name=\"url_referer\" value=\"\"><button type=\"submit\" name=\"wpforms[submit]\" id=\"wpforms-submit-2664\" class=\"wpforms-submit\" data-alt-text=\"Wysy\u0142anie...\" data-submit-text=\"Wy\u015blij!\" aria-live=\"assertive\" value=\"wpforms-submit\">Wy\u015blij!<\/button><img loading=\"lazy\" decoding=\"async\" src=\"https:\/\/esperanto.pl\/wp-content\/plugins\/wpforms-lite\/assets\/images\/submit-spin.svg\" class=\"wpforms-submit-spinner\" style=\"display: none;\" width=\"26\" height=\"26\" alt=\"Wczytywanie\"><\/div><\/form><\/div>  <!-- .wpforms-container -->\n","protected":false},"excerpt":{"rendered":"","protected":false},"author":1,"featured_media":0,"parent":2596,"menu_order":0,"comment_status":"closed","ping_status":"closed","template":"","meta":{"footnotes":""},"class_list":["post-3651","page","type-page","status-publish","hentry"],"translation":{"provider":"WPGlobus","version":"3.0.1","language":"pl","enabled_languages":["eo","pl"],"languages":{"eo":{"title":true,"content":true,"excerpt":false},"pl":{"title":true,"content":true,"excerpt":false}}},"aioseo_notices":[],"_links":{"self":[{"href":"https:\/\/esperanto.pl\/pl\/wp-json\/wp\/v2\/pages\/3651","targetHints":{"allow":["GET"]}}],"collection":[{"href":"https:\/\/esperanto.pl\/pl\/wp-json\/wp\/v2\/pages"}],"about":[{"href":"https:\/\/esperanto.pl\/pl\/wp-json\/wp\/v2\/types\/page"}],"author":[{"embeddable":true,"href":"https:\/\/esperanto.pl\/pl\/wp-json\/wp\/v2\/users\/1"}],"replies":[{"embeddable":true,"href":"https:\/\/esperanto.pl\/pl\/wp-json\/wp\/v2\/comments?post=3651"}],"version-history":[{"count":4,"href":"https:\/\/esperanto.pl\/pl\/wp-json\/wp\/v2\/pages\/3651\/revisions"}],"predecessor-version":[{"id":3764,"href":"https:\/\/esperanto.pl\/pl\/wp-json\/wp\/v2\/pages\/3651\/revisions\/3764"}],"up":[{"embeddable":true,"href":"https:\/\/esperanto.pl\/pl\/wp-json\/wp\/v2\/pages\/2596"}],"wp:attachment":[{"href":"https:\/\/esperanto.pl\/pl\/wp-json\/wp\/v2\/media?parent=3651"}],"curies":[{"name":"wp","href":"https:\/\/api.w.org\/{rel}","templated":true}]}}