{"id":3668,"date":"2022-11-04T01:46:37","date_gmt":"2022-11-04T00:46:37","guid":{"rendered":"https:\/\/esperanto.pl\/?page_id=3668"},"modified":"2023-08-19T17:11:00","modified_gmt":"2023-08-19T16:11:00","slug":"kontakto-al-filioj","status":"publish","type":"page","link":"https:\/\/esperanto.pl\/pl\/kontakto\/kontakto-al-filioj","title":{"rendered":"Kontakt do Oddzia\u0142\u00f3w PZE"},"content":{"rendered":"<p>Lista oddzia\u0142\u00f3w PZE (zanim odwiedzisz oddzia\u0142 prosz\u0119 skontaktuj si\u0119 z nim):<\/p>\n\t\t<div id=\"maps-marker-pro-b5bb9993\" class=\"maps-marker-pro mmp-list-below\" style=\"width: 100%;\">\n\t\t\t<div id=\"mmp-map-wrap-b5bb9993\" class=\"mmp-map-wrap\">\n\t\t\t\t\t\t\t\t\t<div id=\"mmp-panel-b5bb9993\" class=\"mmp-panel\"><\/div>\n\t\t\t\t\t\t\t\t<div id=\"mmp-map-b5bb9993\" class=\"mmp-map\" style=\"height: 600px;\"><\/div>\n\t\t\t\t\t\t\t<\/div>\n\t\t\t\t\t\t\t<div id=\"mmp-list-b5bb9993\" class=\"mmp-list\" style=\"flex-basis: 400px;\"><\/div>\n\t\t\t\t\t<\/div>\n\t\t\n","protected":false},"excerpt":{"rendered":"<p>Lista oddzia\u0142\u00f3w PZE (zanim odwiedzisz oddzia\u0142 prosz\u0119 skontaktuj si\u0119 z nim):<\/p>\n","protected":false},"author":1,"featured_media":0,"parent":2596,"menu_order":0,"comment_status":"closed","ping_status":"closed","template":"","meta":{"footnotes":""},"class_list":["post-3668","page","type-page","status-publish","hentry"],"translation":{"provider":"WPGlobus","version":"3.0.1","language":"pl","enabled_languages":["eo","pl"],"languages":{"eo":{"title":true,"content":true,"excerpt":false},"pl":{"title":true,"content":true,"excerpt":false}}},"aioseo_notices":[],"_links":{"self":[{"href":"https:\/\/esperanto.pl\/pl\/wp-json\/wp\/v2\/pages\/3668","targetHints":{"allow":["GET"]}}],"collection":[{"href":"https:\/\/esperanto.pl\/pl\/wp-json\/wp\/v2\/pages"}],"about":[{"href":"https:\/\/esperanto.pl\/pl\/wp-json\/wp\/v2\/types\/page"}],"author":[{"embeddable":true,"href":"https:\/\/esperanto.pl\/pl\/wp-json\/wp\/v2\/users\/1"}],"replies":[{"embeddable":true,"href":"https:\/\/esperanto.pl\/pl\/wp-json\/wp\/v2\/comments?post=3668"}],"version-history":[{"count":34,"href":"https:\/\/esperanto.pl\/pl\/wp-json\/wp\/v2\/pages\/3668\/revisions"}],"predecessor-version":[{"id":4673,"href":"https:\/\/esperanto.pl\/pl\/wp-json\/wp\/v2\/pages\/3668\/revisions\/4673"}],"up":[{"embeddable":true,"href":"https:\/\/esperanto.pl\/pl\/wp-json\/wp\/v2\/pages\/2596"}],"wp:attachment":[{"href":"https:\/\/esperanto.pl\/pl\/wp-json\/wp\/v2\/media?parent=3668"}],"curies":[{"name":"wp","href":"https:\/\/api.w.org\/{rel}","templated":true}]}}