{"id":4183,"date":"2023-03-08T23:28:04","date_gmt":"2023-03-08T22:28:04","guid":{"rendered":"https:\/\/esperanto.pl\/?page_id=4183"},"modified":"2023-03-28T17:09:29","modified_gmt":"2023-03-28T16:09:29","slug":"pri-siedlce","status":"publish","type":"page","link":"https:\/\/esperanto.pl\/pl\/eventoj\/pola-esperanto-kongreso\/pek-2023\/pri-siedlce","title":{"rendered":"Pri Siedlce"},"content":{"rendered":"<p>\u0108efa Estraro de Pola Esperanto-Asocio kore invitas al la 40-a Pola Esperanto-Kongreso. Post komuna Virtuala Pola Germana Esperanto-Kongreso kaj kongreso en \u0141\u00f3d\u017a, nun unuan fojon PEK okazos en Siedlce, 95 km oriente de Varsovio. Trajna voja\u011do de Varsovio \u011dis Siedlce da\u016dras, depende de trajno, de 60-\u011dis 75 min.<\/p>\n<p><strong>Kongresejo:<\/strong><br \/>\nLoko de \u0109ijara kongresejo ankora\u016d ne estas elektita. Certe \u011di trovi\u011dos proksime al la tranktejo &#8211; studenta domo n-ro 5, kiu situas \u0109e la str. \u017bytnia 17\/19. En \u0109efsalono de la studenta domo da\u016dras renovigaj laboroj, kiuj la\u016d promeso de la universitato, devas esti finitaj \u011dis aprilo.<\/p>\n<p><strong>Tranoktejo:<\/strong><br \/>\nStudenta Domo n-ro 5 de Universitato Naturscienca kaj Humanisma en Siedlce \u0109e la str. \u017bytnia 17\/19. \u0108irka\u016d 100 lokoj atendas gastojn en du\u0109ambraj segmentoj kun tute ekipita kuirejo kaj ban\u0109ambro. \u0108iuj \u0109ambroj havas interretan aliron, pordotelefonojn. Krome, la konstrua\u0135o havas vestolavejon. Prezo: 50 zlotoj po nokto\/persono. Distanco inter la tranoktejo kaj la stacidomo &#8211; 1,7 km, piede 21 min., per a\u016dto 7 min.<\/p>\n<p><iframe loading=\"lazy\" style=\"border: 0;\" src=\"https:\/\/www.google.com\/maps\/embed?pb=!1m28!1m12!1m3!1d9788.376283297395!2d22.264094628159796!3d52.16898308518186!2m3!1f0!2f0!3f0!3m2!1i1024!2i768!4f13.1!4m13!3e2!4m5!1s0x471f5a5a9ea25499%3A0x87036d0fb7b9d2de!2sSiedlce%2C%20plac%20Zdanowskiego%2C%20Siedlce!3m2!1d52.162326!2d22.2719137!4m5!1s0x471f5baa8e61129b%3A0x700f6f7e4713baec!2sDom%20Studenta%20nr%205%20UPH%2C%20%C5%BBytnia%2017%2F19%2C%2008-110%20Siedlce!3m2!1d52.175601099999994!2d22.2693263!5e0!3m2!1spl!2spl!4v1678314369950!5m2!1spl!2spl\" width=\"600\" height=\"450\" allowfullscreen=\"allowfullscreen\"><\/iframe><\/p>\n<p>De la stacidomo al la tranktejo eblas voja\u011di per la buso n-ro 3 &#8211; haltejo \u0109e la str. Armii Krajowej\/Sienkiewicza (3 haltejoj) \u011dis la strato Soko\u0142owska 28.\u2013 a\u016d per la buso n-ro 20 haltejo \u0109e stacidomo \u011dis strato \u017bytnia \u2013 (6 haltejoj)<\/p>\n","protected":false},"excerpt":{"rendered":"<p>\u0108efa Estraro de Pola Esperanto-Asocio kore invitas al la 40-a Pola Esperanto-Kongreso. Post komuna Virtuala<\/p>\n","protected":false},"author":1,"featured_media":0,"parent":2895,"menu_order":0,"comment_status":"closed","ping_status":"closed","template":"","meta":{"footnotes":""},"class_list":["post-4183","page","type-page","status-publish","hentry"],"translation":{"provider":"WPGlobus","version":"3.0.1","language":"pl","enabled_languages":["eo","pl"],"languages":{"eo":{"title":true,"content":true,"excerpt":false},"pl":{"title":false,"content":false,"excerpt":false}}},"aioseo_notices":[],"_links":{"self":[{"href":"https:\/\/esperanto.pl\/pl\/wp-json\/wp\/v2\/pages\/4183","targetHints":{"allow":["GET"]}}],"collection":[{"href":"https:\/\/esperanto.pl\/pl\/wp-json\/wp\/v2\/pages"}],"about":[{"href":"https:\/\/esperanto.pl\/pl\/wp-json\/wp\/v2\/types\/page"}],"author":[{"embeddable":true,"href":"https:\/\/esperanto.pl\/pl\/wp-json\/wp\/v2\/users\/1"}],"replies":[{"embeddable":true,"href":"https:\/\/esperanto.pl\/pl\/wp-json\/wp\/v2\/comments?post=4183"}],"version-history":[{"count":6,"href":"https:\/\/esperanto.pl\/pl\/wp-json\/wp\/v2\/pages\/4183\/revisions"}],"predecessor-version":[{"id":4293,"href":"https:\/\/esperanto.pl\/pl\/wp-json\/wp\/v2\/pages\/4183\/revisions\/4293"}],"up":[{"embeddable":true,"href":"https:\/\/esperanto.pl\/pl\/wp-json\/wp\/v2\/pages\/2895"}],"wp:attachment":[{"href":"https:\/\/esperanto.pl\/pl\/wp-json\/wp\/v2\/media?parent=4183"}],"curies":[{"name":"wp","href":"https:\/\/api.w.org\/{rel}","templated":true}]}}