{"id":4189,"date":"2023-03-09T00:00:32","date_gmt":"2023-03-08T23:00:32","guid":{"rendered":"https:\/\/esperanto.pl\/?page_id=4189"},"modified":"2023-07-18T17:05:16","modified_gmt":"2023-07-18T16:05:16","slug":"ekskurso","status":"publish","type":"page","link":"https:\/\/esperanto.pl\/pl\/eventoj\/pola-esperanto-kongreso\/pek-2023\/ekskurso","title":{"rendered":"Wycieczka"},"content":{"rendered":"<p><strong>Ekskurso:<\/strong> &#8222;Historio, naturo kaj nuntempo &#8211; ne nur en Siedlce &#8221; la 20.07.2023 kun tagman\u011do. <strong>Deviga anta\u016dpago 95 zl. \u011dis 1.06.<\/strong><\/p>\n<p>8:30 \u2013 renkonti\u011do anta\u016d la tranoktejo,<br \/>\n<span style=\"color: #ff0000;\">9:00<\/span> &#8211; forveturo,<br \/>\n(\u0109irka\u016d) 18:00 &#8211; reveno<\/p>\n<p>La prezo de la ekskurso inkluzivas: enirbiletojn, tagman\u011don, asekuron.<\/p>\n<p><strong>Skiza programo de la ekskurso: <\/strong>&#8211; Vizitlokoj<br \/>\n<strong>Mokobody<\/strong> \u2013 vizitado de la novklasika pre\u011dejo al Sankta Hedwiga, konstruita la\u016d la projekto de Jakub Kubicki. \u011ci estas kvaroble pli malgrandita temploprojekto de sanktejo-oferdono (kiun oni planis konstrui en Varsovio) pro la Konstitucio de la 3-a de majo, distingita de re\u011do Stanis\u0142aw August Poniatowski en arkitektura konkurso por la templo.<\/p>\n<p><strong>W\u0119gr\u00f3w<\/strong> &#8211; vizitado de la urbo, Baziliko al \u0108ieliro de Virgulino Maria kaj Sanktuloj: Petro, Pa\u016dlo, Andreo kaj Katarina. &#8211; la interno estas ri\u0109e ornamita en la baroka stilo kun polikromioj kaj freskoj de Mikelan\u011delo Palloni el la jaroj 1707-1708. La pre\u011dejo enhavas la Spegulon de Twardowski &#8211; la\u016d legendo, magia artefakto. Post-Reformata komplekso, kiu konsistas el mona\u0125ejo kaj pre\u011dejo al. la Sanktuloj: Petro el Alcantara kaj Antonio el Padovo, La barokstilan pre\u011dejon projektis de Tylman van Gameren. La \u0109efaltaro trovi\u011das impona skulpta\u0135o de Krucumita Kristo skulptita de Andrzej Schl\u00fcter.<\/p>\n<p><strong>Liw<\/strong> &#8211; vizitado de la muzeo en la kastelo de la mazoviaj dukoj.<\/p>\n<p><strong>Sowia G\u00f3ra<\/strong> &#8211; panoramloko super la valo de la rivero Liwiec, kaj \u011diaj grandaj kaj neregulaj meandroj. Danke al la multnombraj birdoj kaj nepoluita pejza\u011do, la Valo Liwiec estis inkluzivita en la Protektan Pejza\u011dan Areon Siedlce-W\u0119gr\u00f3w kaj aligita al la &#8222;Areo Natura 2000&#8221;.<\/p>\n<p><strong>Chlewiska<\/strong> &#8211; historia lo\u011ddomo de la R\u00f3\u017ca\u0144ski-familio, nuntempe la &#8222;Reymont\u00f3wka&#8221; &#8211; Kreiva Labordomo. En la jaro, 1926, la grandbieno kaj 300 hektaroj da tero estis a\u0109etitaj de la R\u00f3\u017ca\u0144ski-familio fare de Aurelia &#8211; la vidvino de W\u0142adys\u0142aw Reymont. \u015ci uzis parton de la mono rivevitan de Reymont kiel Nobelpremio pro la romano &#8222;Ch\u0142opi&#8221;.<\/p>\n<p><span style=\"color: #ff0000;\">Noto: pro kialoj ekster la kontrolo de la organizantoj, la la vojo kaj la ordo de vizititaj lokoj povas \u015dan\u011di\u011di<\/span><\/p>\n","protected":false},"excerpt":{"rendered":"<p>Ekskurso: &#8222;Historio, naturo kaj nuntempo &#8211; ne nur en Siedlce &#8221; la 20.07.2023 kun tagman\u011do.<\/p>\n","protected":false},"author":1,"featured_media":0,"parent":2895,"menu_order":0,"comment_status":"closed","ping_status":"closed","template":"","meta":{"footnotes":""},"class_list":["post-4189","page","type-page","status-publish","hentry"],"translation":{"provider":"WPGlobus","version":"3.0.1","language":"pl","enabled_languages":["eo","pl"],"languages":{"eo":{"title":true,"content":true,"excerpt":false},"pl":{"title":true,"content":true,"excerpt":false}}},"aioseo_notices":[],"_links":{"self":[{"href":"https:\/\/esperanto.pl\/pl\/wp-json\/wp\/v2\/pages\/4189","targetHints":{"allow":["GET"]}}],"collection":[{"href":"https:\/\/esperanto.pl\/pl\/wp-json\/wp\/v2\/pages"}],"about":[{"href":"https:\/\/esperanto.pl\/pl\/wp-json\/wp\/v2\/types\/page"}],"author":[{"embeddable":true,"href":"https:\/\/esperanto.pl\/pl\/wp-json\/wp\/v2\/users\/1"}],"replies":[{"embeddable":true,"href":"https:\/\/esperanto.pl\/pl\/wp-json\/wp\/v2\/comments?post=4189"}],"version-history":[{"count":5,"href":"https:\/\/esperanto.pl\/pl\/wp-json\/wp\/v2\/pages\/4189\/revisions"}],"predecessor-version":[{"id":4612,"href":"https:\/\/esperanto.pl\/pl\/wp-json\/wp\/v2\/pages\/4189\/revisions\/4612"}],"up":[{"embeddable":true,"href":"https:\/\/esperanto.pl\/pl\/wp-json\/wp\/v2\/pages\/2895"}],"wp:attachment":[{"href":"https:\/\/esperanto.pl\/pl\/wp-json\/wp\/v2\/media?parent=4189"}],"curies":[{"name":"wp","href":"https:\/\/api.w.org\/{rel}","templated":true}]}}