{"id":4347,"date":"2023-04-20T21:45:30","date_gmt":"2023-04-20T20:45:30","guid":{"rendered":"https:\/\/esperanto.pl\/?page_id=4347"},"modified":"2023-07-19T12:03:48","modified_gmt":"2023-07-19T11:03:48","slug":"aligxintoj","status":"publish","type":"page","link":"https:\/\/esperanto.pl\/pl\/eventoj\/pola-esperanto-kongreso\/pek-2023\/aligxintoj","title":{"rendered":"Lista uczestnik\u00f3w"},"content":{"rendered":"<p>Ali\u011dintoj \u011dis 19\/07 12:00<\/p>\n<ol>\n<li><span data-sheets-value=\"{\" data-sheets-userformat=\"{\">Robert Kami\u0144ski<\/span><\/li>\n<li><span data-sheets-value=\"{\" data-sheets-userformat=\"{\">Zofia \u015amistek<\/span><\/li>\n<li>Maria Litwiniak<\/li>\n<li><span data-sheets-value=\"{\" data-sheets-userformat=\"{\">Agnieszka Baczkura<\/span><\/li>\n<li><span data-sheets-value=\"{\" data-sheets-userformat=\"{\">Andrzej Sochacki<\/span><\/li>\n<li><span data-sheets-value=\"{\" data-sheets-userformat=\"{\">Jozefa Gregorowicz<\/span><\/li>\n<li><span data-sheets-value=\"{\" data-sheets-userformat=\"{\">Danuta Biadacz<\/span><\/li>\n<li><span data-sheets-value=\"{\" data-sheets-userformat=\"{\">Malgorzata Gregorowicz<\/span><\/li>\n<li><span data-sheets-value=\"{\" data-sheets-userformat=\"{\">Jerzy Stefa\u0144ski<\/span><\/li>\n<li><span data-sheets-value=\"{\" data-sheets-userformat=\"{\">Halina Kuropatnicka-Salamon<\/span><\/li>\n<li>ka\u015dita<\/li>\n<li><span data-sheets-value=\"{\" data-sheets-userformat=\"{\">Laskowska Anna<\/span><\/li>\n<li><span data-sheets-value=\"{\" data-sheets-userformat=\"{\">Bochniak Jadwiga<br \/>\n<\/span><\/li>\n<li>Teresa<\/li>\n<li>Ewa Rewers<\/li>\n<li>Ivana Karasova<\/li>\n<li>Tadeusz Karas<\/li>\n<li>Ewa Kaczor<\/li>\n<li>Bogdan Dembiec<\/li>\n<li>\u015awi\u0119tos\u0142aw Fortuna<\/li>\n<li><span data-sheets-value=\"{\" data-sheets-userformat=\"{\">Ewa Szyma\u0144ska<\/span><\/li>\n<li>Alina Szczepa\u0144ska<\/li>\n<li>ka\u015dita<\/li>\n<li>ka\u015dita<\/li>\n<li>Kamil<\/li>\n<li>Tadeusz Meckier<\/li>\n<li>Urszula Os\u0142o\u0144ska<\/li>\n<li>Aleksandra Czajka<\/li>\n<li>Anna Cis\u0142o<\/li>\n<li>Janina \u0141otysz<\/li>\n<li>Irena Gowin-R\u00f3\u017cecka<\/li>\n<li>J\u00f3zef Poraj-R\u00f3\u017cecki<\/li>\n<li>ka\u015dita<\/li>\n<li>Halina F\u00fcchsel<\/li>\n<li>Halina Irena R\u00f3\u017canek<\/li>\n<li><span data-sheets-value=\"{\" data-sheets-userformat=\"{\">Janina Kempska<\/span><\/li>\n<li><span data-sheets-value=\"{\" data-sheets-userformat=\"{\">Tadeusz Le\u017cak<\/span><\/li>\n<li><span data-sheets-value=\"{\" data-sheets-userformat=\"{\">Ewa Tracz<\/span><\/li>\n<li>\n<div>El\u017cbieta Kemb\u0142owska<\/div>\n<\/li>\n<li>\n<div>Henryka Szumigaj<\/div>\n<\/li>\n<li>\n<div>El\u017cbieta Koncewicz<\/div>\n<\/li>\n<li>\n<div>Maria Sabanda<\/div>\n<\/li>\n<li>\n<div>Jan Sza\u0142owski<\/div>\n<\/li>\n<li><span class=\"il\">Carsten<\/span> Schnathorst (Ka\u015di)<br \/>\n(ali\u011doj post 30\/04)<\/li>\n<li><span data-sheets-value=\"{\" data-sheets-userformat=\"{\">Magdalena Tatara<\/span><\/li>\n<li>ka\u015dita<\/li>\n<li><span data-sheets-value=\"{\" data-sheets-userformat=\"{\">Bo\u017cena Kocyk<\/span><\/li>\n<li><span data-sheets-value=\"{\" data-sheets-userformat=\"{\">Marian Kocyk<\/span><\/li>\n<li><span data-sheets-value=\"{\" data-sheets-userformat=\"{\">Jolanta Kieres<\/span><\/li>\n<li><span data-sheets-value=\"{\" data-sheets-userformat=\"{\">Halina Sobiech<\/span><\/li>\n<li><span data-sheets-value=\"{\" data-sheets-userformat=\"{\">Lilianna Barbara Bielak<\/span><\/li>\n<li><span data-sheets-value=\"{\" data-sheets-userformat=\"{\">Lucyna Trybu\u0144ko<\/span><\/li>\n<li><span data-sheets-value=\"{\" data-sheets-userformat=\"{\">Barbara \u0141uka<\/span><\/li>\n<li><span data-sheets-value=\"{\" data-sheets-userformat=\"{\">Waldemar \u0141uka<\/span><\/li>\n<li><span data-sheets-value=\"{\" data-sheets-userformat=\"{\">J\u00f3zef Lech Duma<\/span><\/li>\n<li><span data-sheets-value=\"{\" data-sheets-userformat=\"{\">Agnieszka \u0141yszkiewicz<\/span><\/li>\n<li><span data-sheets-value=\"{\" data-sheets-userformat=\"{\">Ma\u0142gorzata Chry\u0107<\/span><\/li>\n<li><span data-sheets-value=\"{\" data-sheets-userformat=\"{\">Teresa Matuszyk<\/span><\/li>\n<li><span data-sheets-value=\"{\" data-sheets-userformat=\"{\">Dorota M\u0105czka<\/span><\/li>\n<li>Janina Baranowska<\/li>\n<li>Roman Dobrzy\u0144ski<\/li>\n<li>ka\u015dita<\/li>\n<li><span data-sheets-value=\"{\" data-sheets-userformat=\"{\">Barbara Szewczyk<\/span><\/li>\n<li><span data-sheets-value=\"{\" data-sheets-userformat=\"{\">Maria Mazur<\/span><\/li>\n<li><span data-sheets-value=\"{\" data-sheets-userformat=\"{\">Ewa Fischer<\/span><\/li>\n<li><span data-sheets-value=\"{\" data-sheets-userformat=\"{\">Barbara Podolska<\/span><\/li>\n<li><span data-sheets-value=\"{\" data-sheets-userformat=\"{\">Stanis\u0142aw Dobrowolski<\/span><\/li>\n<li><span data-sheets-value=\"{\" data-sheets-userformat=\"{\">Zdzis\u0142aw Baran<\/span><\/li>\n<li><span data-sheets-value=\"{\" data-sheets-userformat=\"{\">El\u017cbieta \u0141awnikowicz <\/span><\/li>\n<li><span data-sheets-value=\"{\" data-sheets-userformat=\"{\">Wojciech \u0141awnikowicz<\/span><\/li>\n<li>Renata Dytrych<\/li>\n<li>S-ino Grabowska<\/li>\n<li>S-ro Grabowski<\/li>\n<li>Alina Mozer<\/li>\n<li>S-ro Kruszewski<\/li>\n<li>Katarzyna Wolna<\/li>\n<li>Marian Wolny<\/li>\n<li>Krzysztof \u015aliwi\u0144ski<\/li>\n<li>Kamil Getka<\/li>\n<li>Maria Getka<\/li>\n<li><span data-sheets-value=\"{&quot;1&quot;:2,&quot;2&quot;:&quot;Joanna Filipowicz-Choroszucha&quot;}\" data-sheets-userformat=\"{&quot;2&quot;:513,&quot;3&quot;:{&quot;1&quot;:0},&quot;12&quot;:0}\">Joanna Filipowicz-Choroszucha<\/span><\/li>\n<li>ka\u015dita<\/li>\n<li><span data-sheets-value=\"{&quot;1&quot;:2,&quot;2&quot;:&quot;Marek Apollo Miedziewski&quot;}\" data-sheets-userformat=\"{&quot;2&quot;:515,&quot;3&quot;:{&quot;1&quot;:0},&quot;4&quot;:{&quot;1&quot;:2,&quot;2&quot;:15110456},&quot;12&quot;:0}\">Marek Apollo Miedziewski<\/span><\/li>\n<li>Marian Zdankowski<\/li>\n<li>Ma\u0142gorzata Bonarek<\/li>\n<li>J\u00f3zef Ptasznik<\/li>\n<li>ka\u015dita<br \/>\n(ali\u011doj post 01\/07)<\/li>\n<li>ka\u015dita<\/li>\n<li><span data-sheets-value=\"{&quot;1&quot;:2,&quot;2&quot;:&quot;Przemys\u0142aw Wierzbowski&quot;}\" data-sheets-userformat=\"{&quot;2&quot;:513,&quot;3&quot;:{&quot;1&quot;:0},&quot;12&quot;:0}\">Przemys\u0142aw Wierzbowski<\/span><\/li>\n<li>ka\u015dita<\/li>\n<li>ka\u015dita<\/li>\n<li>ka\u015dita<\/li>\n<li><span data-sheets-value=\"{&quot;1&quot;:2,&quot;2&quot;:&quot;JOHN MAGESSA&quot;}\" data-sheets-userformat=\"{&quot;2&quot;:513,&quot;3&quot;:{&quot;1&quot;:0},&quot;12&quot;:0}\">JOHN MAGESSA<\/span><\/li>\n<li><span data-sheets-value=\"{&quot;1&quot;:2,&quot;2&quot;:&quot;Zofia Rogalska&quot;}\" data-sheets-userformat=\"{&quot;2&quot;:513,&quot;3&quot;:{&quot;1&quot;:0},&quot;12&quot;:0}\">Zofia Rogalska<\/span><\/li>\n<li><span data-sheets-value=\"{&quot;1&quot;:2,&quot;2&quot;:&quot;Pietrykowska Alicja&quot;}\" data-sheets-userformat=\"{&quot;2&quot;:513,&quot;3&quot;:{&quot;1&quot;:0},&quot;12&quot;:0}\">Pietrykowska Alicja<\/span><\/li>\n<li>ka\u015dita<\/li>\n<li><span data-sheets-value=\"{&quot;1&quot;:2,&quot;2&quot;:&quot;Stais\u0142aw Burba&quot;}\" data-sheets-userformat=\"{&quot;2&quot;:513,&quot;3&quot;:{&quot;1&quot;:0},&quot;12&quot;:0}\">Stanis\u0142aw Burba<\/span><\/li>\n<li>Janina Kozakiewicz<\/li>\n<\/ol>\n","protected":false},"excerpt":{"rendered":"<p>Ali\u011dintoj \u011dis 19\/07 12:00 Robert Kami\u0144ski Zofia \u015amistek Maria Litwiniak Agnieszka Baczkura Andrzej Sochacki Jozefa<\/p>\n","protected":false},"author":1,"featured_media":0,"parent":2895,"menu_order":0,"comment_status":"closed","ping_status":"closed","template":"","meta":{"footnotes":""},"class_list":["post-4347","page","type-page","status-publish","hentry"],"translation":{"provider":"WPGlobus","version":"3.0.1","language":"pl","enabled_languages":["eo","pl"],"languages":{"eo":{"title":true,"content":true,"excerpt":false},"pl":{"title":true,"content":true,"excerpt":false}}},"aioseo_notices":[],"_links":{"self":[{"href":"https:\/\/esperanto.pl\/pl\/wp-json\/wp\/v2\/pages\/4347","targetHints":{"allow":["GET"]}}],"collection":[{"href":"https:\/\/esperanto.pl\/pl\/wp-json\/wp\/v2\/pages"}],"about":[{"href":"https:\/\/esperanto.pl\/pl\/wp-json\/wp\/v2\/types\/page"}],"author":[{"embeddable":true,"href":"https:\/\/esperanto.pl\/pl\/wp-json\/wp\/v2\/users\/1"}],"replies":[{"embeddable":true,"href":"https:\/\/esperanto.pl\/pl\/wp-json\/wp\/v2\/comments?post=4347"}],"version-history":[{"count":31,"href":"https:\/\/esperanto.pl\/pl\/wp-json\/wp\/v2\/pages\/4347\/revisions"}],"predecessor-version":[{"id":5237,"href":"https:\/\/esperanto.pl\/pl\/wp-json\/wp\/v2\/pages\/4347\/revisions\/5237"}],"up":[{"embeddable":true,"href":"https:\/\/esperanto.pl\/pl\/wp-json\/wp\/v2\/pages\/2895"}],"wp:attachment":[{"href":"https:\/\/esperanto.pl\/pl\/wp-json\/wp\/v2\/media?parent=4347"}],"curies":[{"name":"wp","href":"https:\/\/api.w.org\/{rel}","templated":true}]}}