{"id":5149,"date":"2023-11-08T00:10:17","date_gmt":"2023-11-07T23:10:17","guid":{"rendered":"https:\/\/esperanto.pl\/?page_id=5149"},"modified":"2023-11-08T00:12:29","modified_gmt":"2023-11-07T23:12:29","slug":"zamenhof-esperanto-objektoj","status":"publish","type":"page","link":"https:\/\/esperanto.pl\/pl\/lokoj\/zamenhof-esperanto-objektoj","title":{"rendered":"Polska lista obiekt\u00f3w zwi\u0105zanych z Ludwikiem Zamenhofem  i mi\u0119dzynarodowym j\u0119zykiem Esperanto  (ZEO)"},"content":{"rendered":"<div class=\"_df_book df-lite\" id=\"df_5146\"  _slug=\"zeoj-en-pollando\" data-title=\"zeoj-en-pollando\" wpoptions=\"true\" thumbtype=\"\" ><\/div><script data-jetpack-boost=\"ignore\" class=\"df-shortcode-script\" nowprocket type=\"application\/javascript\">window.option_df_5146 = {\"outline\":[],\"autoEnableOutline\":\"false\",\"autoEnableThumbnail\":\"false\",\"overwritePDFOutline\":\"false\",\"direction\":\"1\",\"pageSize\":\"0\",\"source\":\"https:\\\/\\\/esperanto.pl\\\/wp-content\\\/uploads\\\/2023\\\/11\\\/ZEO-Bulteno-nr-47-1-2023.pdf\",\"wpOptions\":\"true\"}; if(window.DFLIP && window.DFLIP.parseBooks){window.DFLIP.parseBooks();}<\/script>\n","protected":false},"excerpt":{"rendered":"","protected":false},"author":1,"featured_media":0,"parent":2564,"menu_order":0,"comment_status":"closed","ping_status":"closed","template":"","meta":{"footnotes":""},"class_list":["post-5149","page","type-page","status-publish","hentry"],"translation":{"provider":"WPGlobus","version":"3.0.1","language":"pl","enabled_languages":["eo","pl"],"languages":{"eo":{"title":true,"content":true,"excerpt":false},"pl":{"title":true,"content":true,"excerpt":false}}},"aioseo_notices":[],"_links":{"self":[{"href":"https:\/\/esperanto.pl\/pl\/wp-json\/wp\/v2\/pages\/5149","targetHints":{"allow":["GET"]}}],"collection":[{"href":"https:\/\/esperanto.pl\/pl\/wp-json\/wp\/v2\/pages"}],"about":[{"href":"https:\/\/esperanto.pl\/pl\/wp-json\/wp\/v2\/types\/page"}],"author":[{"embeddable":true,"href":"https:\/\/esperanto.pl\/pl\/wp-json\/wp\/v2\/users\/1"}],"replies":[{"embeddable":true,"href":"https:\/\/esperanto.pl\/pl\/wp-json\/wp\/v2\/comments?post=5149"}],"version-history":[{"count":4,"href":"https:\/\/esperanto.pl\/pl\/wp-json\/wp\/v2\/pages\/5149\/revisions"}],"predecessor-version":[{"id":5151,"href":"https:\/\/esperanto.pl\/pl\/wp-json\/wp\/v2\/pages\/5149\/revisions\/5151"}],"up":[{"embeddable":true,"href":"https:\/\/esperanto.pl\/pl\/wp-json\/wp\/v2\/pages\/2564"}],"wp:attachment":[{"href":"https:\/\/esperanto.pl\/pl\/wp-json\/wp\/v2\/media?parent=5149"}],"curies":[{"name":"wp","href":"https:\/\/api.w.org\/{rel}","templated":true}]}}