{"id":5236,"date":"2024-02-20T20:32:17","date_gmt":"2024-02-20T19:32:17","guid":{"rendered":"https:\/\/esperanto.pl\/?page_id=5236"},"modified":"2024-07-12T00:22:51","modified_gmt":"2024-07-11T23:22:51","slug":"listo-de-aligintoj","status":"publish","type":"page","link":"https:\/\/esperanto.pl\/pl\/eventoj\/pola-esperanto-kongreso\/pek-2024\/listo-de-aligintoj","title":{"rendered":"Listo de ali\u011dintoj"},"content":{"rendered":"<p>Ali\u011dintoj \u011dis 30.04.<\/p>\n<ol>\n<li>Robert Kami\u0144ski<\/li>\n<li>M.P.<\/li>\n<li>Andrzej Sochacki<\/li>\n<li>Jerzy Dryja<\/li>\n<li>Jadwiga Dryja<\/li>\n<li>Bonarek Ma\u0142gorzata<\/li>\n<li>Ptasznik J\u00f3zef<\/li>\n<li>Aleksander Zdechlik<\/li>\n<li>Maria Litwiniak<\/li>\n<li>Nina Pietruchowska<\/li>\n<li>El\u017cbieta Toepler<\/li>\n<li>Bernarda Wiewi\u00f3rska<\/li>\n<li>El\u017cbieta Krawiec<\/li>\n<li>Janina Kempska<\/li>\n<li>J.C.<\/li>\n<li><span data-sheets-root=\"1\" data-sheets-value=\"{\" data-sheets-userformat=\"{\">Hyacinthe Mujinga Kasongo<br \/>\n<\/span><\/li>\n<li><span data-sheets-root=\"1\" data-sheets-value=\"{\" data-sheets-userformat=\"{\">J\u00fanior Ngangu Bakidila<\/span><\/li>\n<li>Janina Borowiecka<\/li>\n<li>Marian Wolny<\/li>\n<li>Katarzyna Wolna<\/li>\n<li>Jagoda Greger<\/li>\n<li>Jan Borowiecki<\/li>\n<li><span data-sheets-root=\"1\" data-sheets-value=\"{\" data-sheets-userformat=\"{\">Viviana Isernia<\/span><\/li>\n<li><del>Gra\u017cyna <\/del><span data-sheets-root=\"1\" data-sheets-value=\"{\" data-sheets-userformat=\"{\"><del>Szubryczy\u0144ska<\/del><\/span><\/li>\n<li>Ewa Domagala<\/li>\n<li>P.K.<\/li>\n<li>Jackson Tendo<\/li>\n<li>E.D.<\/li>\n<li>I.W.<\/li>\n<li>I.F.<\/li>\n<li><del>K.M.<\/del><\/li>\n<li><del>C.K<\/del><\/li>\n<li>Lucyna <span data-sheets-root=\"1\" data-sheets-value=\"{\" data-sheets-userformat=\"{\">Trybu\u0144ko<\/span><\/li>\n<li>Barbara \u0141uka<\/li>\n<li>Waldemar \u0141uka<\/li>\n<li>Lilianna Barbara Bielak<\/li>\n<li>Jozefo Duma<\/li>\n<li>Andrzej Szczud\u0142o<\/li>\n<li>Aldona Szczud\u0142o<\/li>\n<li>Teresa Pomorska<\/li>\n<li>Ewa Kaczor<\/li>\n<li>Janina \u0141otysz<\/li>\n<li>Jerzy Stefa\u0144ski<\/li>\n<li>Gra\u017cyna Chlebicka<\/li>\n<li>   Os\u0142o\u0144ska Nitkiewicz<\/li>\n<li>Danuta Biadacz<\/li>\n<li>Halina Rado\u0142a<\/li>\n<li>M.J. S.<\/li>\n<li>Maria Brylowska<\/li>\n<li>Zofia K\u0119pka<\/li>\n<li>Krystyna G\u0142ogowska<\/li>\n<li>Magdalena Tatara<\/li>\n<li>   Meckier<\/li>\n<li>   Meckier<\/li>\n<li>E. R.<\/li>\n<li>Halina <span data-sheets-root=\"1\" data-sheets-value=\"{\" data-sheets-userformat=\"{\">Salomon-Kuropatnicka<\/span><\/li>\n<li>Urszula <span data-sheets-root=\"1\" data-sheets-value=\"{\" data-sheets-userformat=\"{\">Frydrych<\/span><\/li>\n<li>Pavol <span data-sheets-root=\"1\" data-sheets-value=\"{\" data-sheets-userformat=\"{\">Petrik<\/span><\/li>\n<li>Benedikto Ente<\/li>\n<li>N. B.<\/li>\n<li>J.-D. D.<\/li>\n<li>M. M.<\/li>\n<li>M. S.-M.<\/li>\n<li>A. D.<\/li>\n<li>Bogdan Dembiec<\/li>\n<li>Ewa Tracz<\/li>\n<li>Barbara Sawicka-Mak<\/li>\n<li>Alicja Potrykus<\/li>\n<li>Stanis\u0142aw Mandrak<\/li>\n<li>S. B.<\/li>\n<li>Vincent Peingnez<\/li>\n<li>Bo\u017cena Dubas<\/li>\n<li>Ewa Fischer de Fischering<\/li>\n<li>Maria Sabanda<\/li>\n<li>El\u017cbieta Koncewicz<\/li>\n<li>Zosia \u015amistek<\/li>\n<li>R. M.<\/li>\n<li>J\u00f3zefa Gregorowicz<\/li>\n<li>J. M.<\/li>\n<li>Ma\u0142gorzata Gregorowicz<\/li>\n<li>B. M.<\/li>\n<li>Marian Kocyk<\/li>\n<li>Bo\u017cena Kocyk<\/li>\n<li>Halina Sobiech<\/li>\n<li>Jacek Dzieko\u0144ski<\/li>\n<li>Jolanta Kieres<\/li>\n<li>Bo\u017cena Lupa<\/li>\n<li>Mira Mazur<\/li>\n<li>A.-S. L.<\/li>\n<li><span data-sheets-root=\"1\" data-sheets-value=\"{\" data-sheets-userformat=\"{\">Bri\u011dita Alaux<\/span><\/li>\n<li>Kamil Getka<\/li>\n<li>Maria Getka<\/li>\n<li>A. C.<\/li>\n<li>Anna Cis\u0142o<\/li>\n<li><span data-sheets-root=\"1\" data-sheets-value=\"{\" data-sheets-userformat=\"{\">Elie Lemarchand<\/span><\/li>\n<li><span data-sheets-root=\"1\" data-sheets-value=\"{\" data-sheets-userformat=\"{\">Carole Leclercq <\/span><\/li>\n<li><span data-sheets-root=\"1\" data-sheets-value=\"{\" data-sheets-userformat=\"{\">Alicja Pietrykowska<\/span><\/li>\n<li><span data-sheets-root=\"1\" data-sheets-value=\"{\" data-sheets-userformat=\"{\">Ma\u0142gorzata Chrycz<\/span><\/li>\n<li><span data-sheets-root=\"1\" data-sheets-value=\"{\" data-sheets-userformat=\"{\">Ann Agrapart<\/span><\/li>\n<li><span data-sheets-root=\"1\" data-sheets-value=\"{\" data-sheets-userformat=\"{\">Viktoro Simonnet<\/span><\/li>\n<li>P. J.<\/li>\n<li>J. J.<\/li>\n<li><span data-sheets-root=\"1\" data-sheets-value=\"{\" data-sheets-userformat=\"{\">Alano Lobjois<\/span><\/li>\n<li><span data-sheets-root=\"1\" data-sheets-value=\"{\" data-sheets-userformat=\"{\">Patricia Lobjois<\/span><\/li>\n<li><span data-sheets-root=\"1\" data-sheets-value=\"{\" data-sheets-userformat=\"{\">Annie Agrapart<\/span><\/li>\n<li>A. S.<\/li>\n<li>E. S.<br \/>\n<strong>aligxintoj post 01.05.2024<\/strong><\/li>\n<li>Jan Sza\u0142owski<\/li>\n<li><span data-sheets-root=\"1\" data-sheets-value=\"{\" data-sheets-userformat=\"{\">Veronika Koulou<\/span><\/li>\n<li>Stefania Romanowicz<\/li>\n<li>El\u017cbieta Karczewska<\/li>\n<li>Janina Baranowska<\/li>\n<li>Barbara Podolska<\/li>\n<li>Dorota M\u0105czka<\/li>\n<li>K. U.-P.<\/li>\n<li>B. U.-P.<\/li>\n<li>Mira Mazur<\/li>\n<li>Anna Lewandowska<\/li>\n<li>Gra\u017cyna Niedu\u017cak-Mazurek<\/li>\n<li>Marek D\u0105browski<\/li>\n<li>Olga Roma\u0144czuk<\/li>\n<li>Bo\u017cena Wierszycka<\/li>\n<li>Wies\u0142aw Libner<\/li>\n<li>Boris Arrate Veranes<\/li>\n<li>Idriss IDRISS<\/li>\n<li>L. V.<\/li>\n<li>Ulrich Matthias<\/li>\n<li>Jerzy Parys<\/li>\n<li>Tadeo Adamo Le\u017cak<\/li>\n<li>Aleksandra Gruszka<\/li>\n<li>Joanna Filipowicz-Choroszucha<\/li>\n<li>Katarzyna Wysocka<\/li>\n<li>Mohamedi Radjahi<\/li>\n<li>Jadwiga Zakrzewska<\/li>\n<li>Kjell <span data-sheets-root=\"1\">Rehnstr\u00f6m<\/span><\/li>\n<li>K. L.-B.<\/li>\n<li>Mieczys\u0142aw Budzik<\/li>\n<li>Sylwia Kwiatkowska<\/li>\n<li>M. N<\/li>\n<li>S. C.<\/li>\n<li>Edward Bia\u0142as<\/li>\n<li>M. J.<\/li>\n<li>Maria Sowa<\/li>\n<li>Stanis\u0142aw Sowa<\/li>\n<li>Stodulska Anna<\/li>\n<li>Urszula Zybura<\/li>\n<li>Paluszkiewicz Beata<\/li>\n<li>\u015awi\u0119tos\u0142aw Fortuna<\/li>\n<li>M. S.<\/li>\n<li>D. B.<\/li>\n<\/ol>\n","protected":false},"excerpt":{"rendered":"<p>Ali\u011dintoj \u011dis 30.04. Robert Kami\u0144ski M.P. Andrzej Sochacki Jerzy Dryja Jadwiga Dryja Bonarek Ma\u0142gorzata Ptasznik<\/p>\n","protected":false},"author":1,"featured_media":0,"parent":4997,"menu_order":0,"comment_status":"closed","ping_status":"closed","template":"","meta":{"footnotes":""},"class_list":["post-5236","page","type-page","status-publish","hentry"],"translation":{"provider":"WPGlobus","version":"3.0.1","language":"pl","enabled_languages":["eo","pl"],"languages":{"eo":{"title":true,"content":true,"excerpt":false},"pl":{"title":false,"content":false,"excerpt":false}}},"aioseo_notices":[],"_links":{"self":[{"href":"https:\/\/esperanto.pl\/pl\/wp-json\/wp\/v2\/pages\/5236","targetHints":{"allow":["GET"]}}],"collection":[{"href":"https:\/\/esperanto.pl\/pl\/wp-json\/wp\/v2\/pages"}],"about":[{"href":"https:\/\/esperanto.pl\/pl\/wp-json\/wp\/v2\/types\/page"}],"author":[{"embeddable":true,"href":"https:\/\/esperanto.pl\/pl\/wp-json\/wp\/v2\/users\/1"}],"replies":[{"embeddable":true,"href":"https:\/\/esperanto.pl\/pl\/wp-json\/wp\/v2\/comments?post=5236"}],"version-history":[{"count":18,"href":"https:\/\/esperanto.pl\/pl\/wp-json\/wp\/v2\/pages\/5236\/revisions"}],"predecessor-version":[{"id":5636,"href":"https:\/\/esperanto.pl\/pl\/wp-json\/wp\/v2\/pages\/5236\/revisions\/5636"}],"up":[{"embeddable":true,"href":"https:\/\/esperanto.pl\/pl\/wp-json\/wp\/v2\/pages\/4997"}],"wp:attachment":[{"href":"https:\/\/esperanto.pl\/pl\/wp-json\/wp\/v2\/media?parent=5236"}],"curies":[{"name":"wp","href":"https:\/\/api.w.org\/{rel}","templated":true}]}}