{"id":6792,"date":"2026-03-12T00:15:37","date_gmt":"2026-03-11T23:15:37","guid":{"rendered":"https:\/\/esperanto.pl\/?page_id=6792"},"modified":"2026-03-12T00:25:17","modified_gmt":"2026-03-11T23:25:17","slug":"reg43pek","status":"publish","type":"page","link":"https:\/\/esperanto.pl\/pl\/reg43pek","title":{"rendered":"Regulamin 43-go Polskiego Kongresu Esperanckiego\u00a0"},"content":{"rendered":"<p dir=\"ltr\">Regulamin 42-go Polskiego Kongresu Esperanckiego<\/p>\n<ol>\n<li dir=\"ltr\">\n<p dir=\"ltr\">Op\u0142ata zg\u0142oszeniowa nie podlega zwrotowi. Op\u0142at\u0119 zg\u0142oszeniowa mo\u017cna przekaza\u0107 innej osobie.<\/p>\n<\/li>\n<li dir=\"ltr\">\n<p dir=\"ltr\">Przedp\u0142ata na wycieczk\u0119 mo\u017ce by\u0107 oddana do 01.07.2026 po tym terminie zwrot jest mo\u017cliwy pod warunkiem niedeficytowego rozliczenia koszt\u00f3w wycieczki i nast\u0105pi w terminie 30 dni po zako\u0144czeniu kongresu.<\/p>\n<\/li>\n<li dir=\"ltr\">\n<p dir=\"ltr\">Op\u0142ata za noclegi jest oddawana w przypadku, kiedy w\u0142a\u015bciciel obiektu nie obci\u0105\u017cy PZE kosztami za niewykorzystane miejsca noclegowe. Op\u0142at\u0119 mo\u017cna przekaza\u0107 innej osobie.<\/p>\n<\/li>\n<li dir=\"ltr\">\n<p dir=\"ltr\">Op\u0142aty za posi\u0142ki s\u0105 przyjmowane do 01.07.2026. Ewentualny zwrot koszt\u00f3w posi\u0142ki jest mo\u017cliwy kiedy PZE nie b\u0119dzie obci\u0105\u017cony kosztami nie wykorzystanych obiad\u00f3w. Op\u0142at\u0119 mo\u017cna przekaza\u0107 innej osobie.<\/p>\n<\/li>\n<li dir=\"ltr\">\n<p dir=\"ltr\">Przes\u0142ane zg\u0142oszenie na kongres jest wa\u017cne po wype\u0142nieniu wszystkich p\u00f3l obowi\u0105zkowych.<\/p>\n<\/li>\n<li dir=\"ltr\">\n<p dir=\"ltr\">Uczestnik programu &#8211; 50% op\u0142aty wpis. po zatwierdzeniu przez LKK i wpisaniu do programu. Zwrot po wykonaniu programu<\/p>\n<\/li>\n<li dir=\"ltr\">\n<p dir=\"ltr\">Niezb\u0119dny opiekun osoby niepe\u0142nosprawnej p\u0142aci 30 z\u0142 op\u0142aty zg\u0142oszeniowej niezale\u017cnie od terminu zg\u0142oszenia<\/p>\n<\/li>\n<li dir=\"ltr\">\n<p dir=\"ltr\">Zg\u0142oszenie na kongres jest wa\u017cne po wp\u0142yni\u0119ciu\u00a0wp\u0142aty.<\/p>\n<\/li>\n<\/ol>\n<p>\u00a0<\/p>\n<p dir=\"ltr\">Regularo de la 42-a Pola Esperanto-Kongreso<\/p>\n<ol>\n<li dir=\"ltr\">\n<p dir=\"ltr\">La ali\u011dokotizo estas nerepagebla. Oni povas transdoni la ali\u011dkotizon al alia persono.<\/p>\n<\/li>\n<li dir=\"ltr\">\n<p dir=\"ltr\">La anta\u016dpago por la ekskurso povas esti resendita \u011dis la 01-a de julio 2026. Post tiu \u0109i dato la repago eblas kondi\u0109e, ke la voja\u011dkostoj ne estos deficitaj. Redono okazos \u011dis 30 tagoj post la fino de la kongreso.<\/p>\n<\/li>\n<li dir=\"ltr\">\n<p dir=\"ltr\">La kotizo por lo\u011dado estas repagata se la posedanto de la tranoktejo ne postulos al PEA pagi la kostojn por neuzata lo\u011dloko. Lo\u011dpagoj eblas transdoni al alia persono.<\/p>\n<\/li>\n<li dir=\"ltr\">\n<p dir=\"ltr\">Pago por tagman\u011doj estas akceptata \u011dis la 01-a de julio 2025. Repago de tagman\u011dkostoj estas ebla kiam restoracio ne postulos al PEA pagi la kostoj de neuzataj tagman\u011doj. Man\u011dpagoj eblas transdoni al alia persono.<\/p>\n<\/li>\n<li dir=\"ltr\">\n<p dir=\"ltr\">La sendita ali\u011dilo validas post plenigo de \u0109iuj devigaj kampoj.<\/p>\n<\/li>\n<li dir=\"ltr\">\n<p dir=\"ltr\">Persono kiu kontribuas en kongresa program pagas 50% de ali\u011dkotizo. Redono post la programero.<\/p>\n<\/li>\n<li dir=\"ltr\">\n<p dir=\"ltr\">Deviga zorganto de handikapulo pagas ali\u011dkotizon 30 zl. Sendepende de ali\u011dperiodo.<\/p>\n<\/li>\n<li dir=\"ltr\">\n<p dir=\"ltr\">Ali\u011do al kongreso validas post ricevo de pago.<\/p>\n<\/li>\n<\/ol>\n","protected":false},"excerpt":{"rendered":"<p>Regulamin 42-go Polskiego Kongresu Esperanckiego Op\u0142ata zg\u0142oszeniowa nie podlega zwrotowi. Op\u0142at\u0119 zg\u0142oszeniowa mo\u017cna przekaza\u0107 innej<\/p>\n","protected":false},"author":1,"featured_media":0,"parent":0,"menu_order":0,"comment_status":"closed","ping_status":"closed","template":"","meta":{"footnotes":""},"class_list":["post-6792","page","type-page","status-publish","hentry"],"translation":{"provider":"WPGlobus","version":"3.0.1","language":"pl","enabled_languages":["eo","pl"],"languages":{"eo":{"title":true,"content":true,"excerpt":false},"pl":{"title":false,"content":false,"excerpt":false}}},"aioseo_notices":[],"_links":{"self":[{"href":"https:\/\/esperanto.pl\/pl\/wp-json\/wp\/v2\/pages\/6792","targetHints":{"allow":["GET"]}}],"collection":[{"href":"https:\/\/esperanto.pl\/pl\/wp-json\/wp\/v2\/pages"}],"about":[{"href":"https:\/\/esperanto.pl\/pl\/wp-json\/wp\/v2\/types\/page"}],"author":[{"embeddable":true,"href":"https:\/\/esperanto.pl\/pl\/wp-json\/wp\/v2\/users\/1"}],"replies":[{"embeddable":true,"href":"https:\/\/esperanto.pl\/pl\/wp-json\/wp\/v2\/comments?post=6792"}],"version-history":[{"count":3,"href":"https:\/\/esperanto.pl\/pl\/wp-json\/wp\/v2\/pages\/6792\/revisions"}],"predecessor-version":[{"id":6799,"href":"https:\/\/esperanto.pl\/pl\/wp-json\/wp\/v2\/pages\/6792\/revisions\/6799"}],"wp:attachment":[{"href":"https:\/\/esperanto.pl\/pl\/wp-json\/wp\/v2\/media?parent=6792"}],"curies":[{"name":"wp","href":"https:\/\/api.w.org\/{rel}","templated":true}]}}